{"id":11124,"date":"2025-06-29T13:42:38","date_gmt":"2025-06-29T11:42:38","guid":{"rendered":"https:\/\/uj.adatbank.ro\/lexikon\/termek\/kakucsi-elek-felsokapolnai\/"},"modified":"2025-06-29T13:42:38","modified_gmt":"2025-06-29T11:42:38","slug":"kakucsi-elek-felsokapolnai","status":"publish","type":"product","link":"https:\/\/uj.adatbank.ro\/lexikon\/termek\/kakucsi-elek-felsokapolnai\/","title":{"rendered":"KAKUCSI Elek, fels\u0151k\u00e1polnai"},"content":{"rendered":"<p>1802.?, \u2020 Mv., 1881. m\u00e1rc. 9.: ogy.-i k\u00e9pvisel\u0151, f\u0151b\u00edr\u00f3. \u2013 Feles\u00e9ge: nagyernyei Sz\u0151ts Kl\u00e1ra (1801.? \u2013 Mv., 1862. j\u00fan. 9.). Le\u00e1nya: K\u00e1rolina karathnai K\u00f6ntzei K\u00e1rolyn\u00e9, majd Vadadi Filep Albertn\u00e9. \u2013 Hunyad megy\u00e9nek t\u00f6bbsz\u00f6r volt ogy.-i k\u00e9pvisel\u0151je. F\u0151b\u00edr\u00f3 (1848\u201349), Hunyad megye alisp\u00e1nja. <br \/><strong>Irod.:<\/strong> Gy\u00e1szjelent\u0151.<\/br><\/p>\n","protected":false},"excerpt":{"rendered":"<p>1802.?, \u2020 Mv., 1881. m\u00e1rc. 9.: ogy.-i k\u00e9pvisel\u0151, f\u0151b\u00edr\u00f3. \u2013 Feles\u00e9ge: nagyernyei Sz\u0151ts Kl\u00e1ra (1801.? \u2013 Mv., 1862. j\u00fan. 9.). Le\u00e1nya: K\u00e1rolina karathnai K\u00f6ntzei K\u00e1rolyn\u00e9, majd Vadadi Filep Albertn\u00e9. \u2013 Hunyad megy\u00e9nek t\u00f6bbsz\u00f6r volt ogy.-i k\u00e9pvisel\u0151je. F\u0151b\u00edr\u00f3 (1848\u201349), Hunyad megye alisp\u00e1nja. Irod.: Gy\u00e1szjelent\u0151.<\/p>\n","protected":false},"featured_media":0,"comment_status":"open","ping_status":"closed","template":"","meta":[],"product_brand":[],"product_cat":[137],"product_tag":[],"class_list":{"0":"post-11124","1":"product","2":"type-product","3":"status-publish","5":"product_cat-maros-megyei-eletrajzi-lexikon","7":"first","8":"instock","9":"shipping-taxable","10":"product-type-simple"},"_links":{"self":[{"href":"https:\/\/uj.adatbank.ro\/lexikon\/wp-json\/wp\/v2\/product\/11124","targetHints":{"allow":["GET"]}}],"collection":[{"href":"https:\/\/uj.adatbank.ro\/lexikon\/wp-json\/wp\/v2\/product"}],"about":[{"href":"https:\/\/uj.adatbank.ro\/lexikon\/wp-json\/wp\/v2\/types\/product"}],"replies":[{"embeddable":true,"href":"https:\/\/uj.adatbank.ro\/lexikon\/wp-json\/wp\/v2\/comments?post=11124"}],"wp:attachment":[{"href":"https:\/\/uj.adatbank.ro\/lexikon\/wp-json\/wp\/v2\/media?parent=11124"}],"wp:term":[{"taxonomy":"product_brand","embeddable":true,"href":"https:\/\/uj.adatbank.ro\/lexikon\/wp-json\/wp\/v2\/product_brand?post=11124"},{"taxonomy":"product_cat","embeddable":true,"href":"https:\/\/uj.adatbank.ro\/lexikon\/wp-json\/wp\/v2\/product_cat?post=11124"},{"taxonomy":"product_tag","embeddable":true,"href":"https:\/\/uj.adatbank.ro\/lexikon\/wp-json\/wp\/v2\/product_tag?post=11124"}],"curies":[{"name":"wp","href":"https:\/\/api.w.org\/{rel}","templated":true}]}}