{"id":11125,"date":"2025-06-29T13:42:39","date_gmt":"2025-06-29T11:42:39","guid":{"rendered":"https:\/\/uj.adatbank.ro\/lexikon\/termek\/kakuts-agnes\/"},"modified":"2025-06-29T13:42:39","modified_gmt":"2025-06-29T11:42:39","slug":"kakuts-agnes","status":"publish","type":"product","link":"https:\/\/uj.adatbank.ro\/lexikon\/termek\/kakuts-agnes\/","title":{"rendered":"KAKUTS \u00c1gnes"},"content":{"rendered":"<p>Ny\u00e1r\u00e1dremete, 1939. m\u00e1j. 16. \u2020 Mv., 2019. szept. 1. v. 2.: sz\u00edn\u00e9szn\u0151. \u2013 F\u00e9rje: Czik\u00e9li L\u00e1szl\u00f3, sz\u00ednm\u0171v\u00e9sz (1961). Fi\u00fak: L\u00e1szl\u00f3, (1962) \u00e9p\u00edt\u00e9sz. \u2013 A Mv.-i SZISZI v\u00e9gzett (1962) \u00e9s ott is kezdte p\u00e1ly\u00e1j\u00e1t a Sz\u00e9kely Sz\u00ednh\u00e1zban majd a Nemzeti Sz\u00ednh\u00e1zban (1962\u201368). Fontosabb szerepei: Mv.-en: Nelita (G. Figueiredo: Savany\u00fa a sz\u0151l\u0151); Vera (Albert Maltz: A pr\u00f3ba); Erzsi (Szigligeti: Liliomfi); Cilike (S\u00fct\u0151: Pomp\u00e1s Gedeon). A nagyv\u00e1radi Szigligeti Sz\u00ednh\u00e1z tagja (1969\u201376). A szerepeib\u0151l: Vaszilisza (Gorkij: \u00c9jjeli mened\u00e9k); \u00d6regasszony (S\u00fct\u0151: Any\u00e1m k\u00f6nny\u0171 \u00e1lmot ig\u00e9r). A Kv.-i \u00c1llami M. Sz\u00ednh\u00e1z (1976\u201387). Fontosabb szerepei: Ana (Gorkij: \u00c9jjeli mened\u00e9k); Kisvic\u00e1kn\u00e9 (M\u00f3ricz. Nem \u00e9lhetek muzsikasz\u00f3 n\u00e9lk\u00fcl); Erzs\u00e9bet (Paul Foster. I. Erzs\u00e9bet); Csutak Kata (Csepregi F.: Piros bugyell\u00e1ris); Matilde: a Veszpr\u00e9mi Pet\u0151fi Sz\u00ednh\u00e1z (1987\u20131994), a Debreceni Csokonai Sz\u00ednh\u00e1z m\u0171v\u00e9sze (1994\u20131997). Fontosabb szerepei: Mv.-en: Gena (Tudor Musatescu: Titanic kering\u0151); Pearl Bryant \u2013 Arnold Wesker: Gy\u00f6kerek); Agrippina \u2013 Paul Everac: V\u00e9letlen tal\u00e1lkoz\u00e1sok; Cilike \u2013 S\u00fct\u0151 Andr\u00e1s: Pomp\u00e1s Gedeon; Nelita (G. Figueiredo: Savany\u00fa a sz\u0151l\u0151); Vera (Albert Maltz: A pr\u00f3ba); Erzsi (Szigligeti: Liliomfi); Cilike (S\u00fct\u0151: Pomp\u00e1s Gedeon). <br \/><strong>Irod.:<\/strong> EMKK 2010; Nekrol\u00f3g (N\u00fa., 2019. szept. 4.)<\/br><\/p>\n","protected":false},"excerpt":{"rendered":"<p>Ny\u00e1r\u00e1dremete, 1939. m\u00e1j. 16. \u2020 Mv., 2019. szept. 1. v. 2.: sz\u00edn\u00e9szn\u0151. \u2013 F\u00e9rje: Czik\u00e9li L\u00e1szl\u00f3, sz\u00ednm\u0171v\u00e9sz (1961). Fi\u00fak: L\u00e1szl\u00f3, (1962) \u00e9p\u00edt\u00e9sz. \u2013 A Mv.-i SZISZI v\u00e9gzett (1962) \u00e9s ott is kezdte p\u00e1ly\u00e1j\u00e1t a Sz\u00e9kely Sz\u00ednh\u00e1zban majd a Nemzeti Sz\u00ednh\u00e1zban (1962\u201368). Fontosabb szerepei: Mv.-en: Nelita (G. Figueiredo: Savany\u00fa a sz\u0151l\u0151); Vera (Albert Maltz: A pr\u00f3ba); [&hellip;]<\/p>\n","protected":false},"featured_media":0,"comment_status":"open","ping_status":"closed","template":"","meta":[],"product_brand":[],"product_cat":[137],"product_tag":[],"class_list":{"0":"post-11125","1":"product","2":"type-product","3":"status-publish","5":"product_cat-maros-megyei-eletrajzi-lexikon","7":"first","8":"instock","9":"shipping-taxable","10":"product-type-simple"},"_links":{"self":[{"href":"https:\/\/uj.adatbank.ro\/lexikon\/wp-json\/wp\/v2\/product\/11125","targetHints":{"allow":["GET"]}}],"collection":[{"href":"https:\/\/uj.adatbank.ro\/lexikon\/wp-json\/wp\/v2\/product"}],"about":[{"href":"https:\/\/uj.adatbank.ro\/lexikon\/wp-json\/wp\/v2\/types\/product"}],"replies":[{"embeddable":true,"href":"https:\/\/uj.adatbank.ro\/lexikon\/wp-json\/wp\/v2\/comments?post=11125"}],"wp:attachment":[{"href":"https:\/\/uj.adatbank.ro\/lexikon\/wp-json\/wp\/v2\/media?parent=11125"}],"wp:term":[{"taxonomy":"product_brand","embeddable":true,"href":"https:\/\/uj.adatbank.ro\/lexikon\/wp-json\/wp\/v2\/product_brand?post=11125"},{"taxonomy":"product_cat","embeddable":true,"href":"https:\/\/uj.adatbank.ro\/lexikon\/wp-json\/wp\/v2\/product_cat?post=11125"},{"taxonomy":"product_tag","embeddable":true,"href":"https:\/\/uj.adatbank.ro\/lexikon\/wp-json\/wp\/v2\/product_tag?post=11125"}],"curies":[{"name":"wp","href":"https:\/\/api.w.org\/{rel}","templated":true}]}}