{"id":11130,"date":"2025-06-29T13:42:49","date_gmt":"2025-06-29T11:42:49","guid":{"rendered":"https:\/\/uj.adatbank.ro\/lexikon\/termek\/kakutsi-klara-pavai-vajna-miklosne\/"},"modified":"2025-06-29T13:42:49","modified_gmt":"2025-06-29T11:42:49","slug":"kakutsi-klara-pavai-vajna-miklosne","status":"publish","type":"product","link":"https:\/\/uj.adatbank.ro\/lexikon\/termek\/kakutsi-klara-pavai-vajna-miklosne\/","title":{"rendered":"KAKUTSI Kl\u00e1ra, P\u00e1vai Vajna Mikl\u00f3sn\u00e9"},"content":{"rendered":"<p>? \u2020 Fels\u0151k\u00e1polna, 1777. febr. 5.: Bolyai Farkas nagyanyja. Le\u00e1nya P\u00e1vai Vajna Krisztina volt Bolyai Farkas \u00e9desanyja. <br \/><strong>Irod.:<\/strong> Bak\u00f3 Zolt\u00e1n: T\u00f6bbet tudunk a Bolyaiakr\u00f3l: K\u00e9t jelent\u0151s adal\u00e9kkal j\u00e1rult hozz\u00e1 a Bolyai-kultusz kiteljes\u00edt\u00e9s\u00e9hez Bandi \u00c1rp\u00e1d (V\u00e1s\u00e1rhelyi H\u00edrlap, 2011. febr. 4.)<\/br><\/p>\n","protected":false},"excerpt":{"rendered":"<p>? \u2020 Fels\u0151k\u00e1polna, 1777. febr. 5.: Bolyai Farkas nagyanyja. Le\u00e1nya P\u00e1vai Vajna Krisztina volt Bolyai Farkas \u00e9desanyja. Irod.: Bak\u00f3 Zolt\u00e1n: T\u00f6bbet tudunk a Bolyaiakr\u00f3l: K\u00e9t jelent\u0151s adal\u00e9kkal j\u00e1rult hozz\u00e1 a Bolyai-kultusz kiteljes\u00edt\u00e9s\u00e9hez Bandi \u00c1rp\u00e1d (V\u00e1s\u00e1rhelyi H\u00edrlap, 2011. febr. 4.)<\/p>\n","protected":false},"featured_media":0,"comment_status":"open","ping_status":"closed","template":"","meta":[],"product_brand":[],"product_cat":[137],"product_tag":[],"class_list":{"0":"post-11130","1":"product","2":"type-product","3":"status-publish","5":"product_cat-maros-megyei-eletrajzi-lexikon","7":"first","8":"instock","9":"shipping-taxable","10":"product-type-simple"},"_links":{"self":[{"href":"https:\/\/uj.adatbank.ro\/lexikon\/wp-json\/wp\/v2\/product\/11130","targetHints":{"allow":["GET"]}}],"collection":[{"href":"https:\/\/uj.adatbank.ro\/lexikon\/wp-json\/wp\/v2\/product"}],"about":[{"href":"https:\/\/uj.adatbank.ro\/lexikon\/wp-json\/wp\/v2\/types\/product"}],"replies":[{"embeddable":true,"href":"https:\/\/uj.adatbank.ro\/lexikon\/wp-json\/wp\/v2\/comments?post=11130"}],"wp:attachment":[{"href":"https:\/\/uj.adatbank.ro\/lexikon\/wp-json\/wp\/v2\/media?parent=11130"}],"wp:term":[{"taxonomy":"product_brand","embeddable":true,"href":"https:\/\/uj.adatbank.ro\/lexikon\/wp-json\/wp\/v2\/product_brand?post=11130"},{"taxonomy":"product_cat","embeddable":true,"href":"https:\/\/uj.adatbank.ro\/lexikon\/wp-json\/wp\/v2\/product_cat?post=11130"},{"taxonomy":"product_tag","embeddable":true,"href":"https:\/\/uj.adatbank.ro\/lexikon\/wp-json\/wp\/v2\/product_tag?post=11130"}],"curies":[{"name":"wp","href":"https:\/\/api.w.org\/{rel}","templated":true}]}}