{"id":11131,"date":"2025-06-29T13:42:52","date_gmt":"2025-06-29T11:42:52","guid":{"rendered":"https:\/\/uj.adatbank.ro\/lexikon\/termek\/kakutsi-sandor-felsokapolnai\/"},"modified":"2025-06-29T13:42:52","modified_gmt":"2025-06-29T11:42:52","slug":"kakutsi-sandor-felsokapolnai","status":"publish","type":"product","link":"https:\/\/uj.adatbank.ro\/lexikon\/termek\/kakutsi-sandor-felsokapolnai\/","title":{"rendered":"KAKUTSI S\u00e1ndor, fels\u0151k\u00e1polnai"},"content":{"rendered":"<p>? \u2020 ? : alisp\u00e1n. \u2013 Feles\u00e9ge: Horv\u00e1th Anna. \u2013 K\u00fck\u00fcll\u0151 vm. alisp\u00e1nja, t\u00f6rv\u00e9nysz\u00e9ki \u00fcln\u00f6k (1815). A k\u00fck\u00fcll\u0151i ref. egyh\u00e1zmegy\u00e9ben inspector curator. A bonyhai ref. ekl\u00e9zsi\u00e1nak adom\u00e1nyoztak: ez\u00fcst, r\u00e9szben aranyozott kelyhet (1816-ban k\u00e9sz\u00edtett\u00e9k). <br \/><strong>Irod.:<\/strong> K\u00fck\u00fcll\u0151i Ref. Egyh\u00e1zm. 1.<\/br><\/p>\n","protected":false},"excerpt":{"rendered":"<p>? \u2020 ? : alisp\u00e1n. \u2013 Feles\u00e9ge: Horv\u00e1th Anna. \u2013 K\u00fck\u00fcll\u0151 vm. alisp\u00e1nja, t\u00f6rv\u00e9nysz\u00e9ki \u00fcln\u00f6k (1815). A k\u00fck\u00fcll\u0151i ref. egyh\u00e1zmegy\u00e9ben inspector curator. A bonyhai ref. ekl\u00e9zsi\u00e1nak adom\u00e1nyoztak: ez\u00fcst, r\u00e9szben aranyozott kelyhet (1816-ban k\u00e9sz\u00edtett\u00e9k). Irod.: K\u00fck\u00fcll\u0151i Ref. Egyh\u00e1zm. 1.<\/p>\n","protected":false},"featured_media":0,"comment_status":"open","ping_status":"closed","template":"","meta":[],"product_brand":[],"product_cat":[137],"product_tag":[],"class_list":{"0":"post-11131","1":"product","2":"type-product","3":"status-publish","5":"product_cat-maros-megyei-eletrajzi-lexikon","7":"first","8":"instock","9":"shipping-taxable","10":"product-type-simple"},"_links":{"self":[{"href":"https:\/\/uj.adatbank.ro\/lexikon\/wp-json\/wp\/v2\/product\/11131","targetHints":{"allow":["GET"]}}],"collection":[{"href":"https:\/\/uj.adatbank.ro\/lexikon\/wp-json\/wp\/v2\/product"}],"about":[{"href":"https:\/\/uj.adatbank.ro\/lexikon\/wp-json\/wp\/v2\/types\/product"}],"replies":[{"embeddable":true,"href":"https:\/\/uj.adatbank.ro\/lexikon\/wp-json\/wp\/v2\/comments?post=11131"}],"wp:attachment":[{"href":"https:\/\/uj.adatbank.ro\/lexikon\/wp-json\/wp\/v2\/media?parent=11131"}],"wp:term":[{"taxonomy":"product_brand","embeddable":true,"href":"https:\/\/uj.adatbank.ro\/lexikon\/wp-json\/wp\/v2\/product_brand?post=11131"},{"taxonomy":"product_cat","embeddable":true,"href":"https:\/\/uj.adatbank.ro\/lexikon\/wp-json\/wp\/v2\/product_cat?post=11131"},{"taxonomy":"product_tag","embeddable":true,"href":"https:\/\/uj.adatbank.ro\/lexikon\/wp-json\/wp\/v2\/product_tag?post=11131"}],"curies":[{"name":"wp","href":"https:\/\/api.w.org\/{rel}","templated":true}]}}