{"id":11132,"date":"2025-06-29T13:42:53","date_gmt":"2025-06-29T11:42:53","guid":{"rendered":"https:\/\/uj.adatbank.ro\/lexikon\/termek\/kakutsi-zsigmond\/"},"modified":"2025-06-29T13:42:53","modified_gmt":"2025-06-29T11:42:53","slug":"kakutsi-zsigmond","status":"publish","type":"product","link":"https:\/\/uj.adatbank.ro\/lexikon\/termek\/kakutsi-zsigmond\/","title":{"rendered":"KAKUTSI Zsigmond"},"content":{"rendered":"<p>? \u2020 ?: ?. \u2013 <strong>F. m.:<\/strong> <strong>t\u00e1rssz.:<\/strong> Sz\u00edve ki\u00f6ml\u00e9se a mv.-i Ref. Koll. -b\u00e9li ifj\u00fas\u00e1gnak (Mv., 1829). <br \/><strong>Irod.:<\/strong> F\u00fcl\u00f6p\u2013Ferencz<\/br><\/p>\n","protected":false},"excerpt":{"rendered":"<p>? \u2020 ?: ?. \u2013 F. m.: t\u00e1rssz.: Sz\u00edve ki\u00f6ml\u00e9se a mv.-i Ref. Koll. -b\u00e9li ifj\u00fas\u00e1gnak (Mv., 1829). Irod.: F\u00fcl\u00f6p\u2013Ferencz<\/p>\n","protected":false},"featured_media":0,"comment_status":"open","ping_status":"closed","template":"","meta":[],"product_brand":[],"product_cat":[137],"product_tag":[],"class_list":{"0":"post-11132","1":"product","2":"type-product","3":"status-publish","5":"product_cat-maros-megyei-eletrajzi-lexikon","7":"first","8":"instock","9":"shipping-taxable","10":"product-type-simple"},"_links":{"self":[{"href":"https:\/\/uj.adatbank.ro\/lexikon\/wp-json\/wp\/v2\/product\/11132","targetHints":{"allow":["GET"]}}],"collection":[{"href":"https:\/\/uj.adatbank.ro\/lexikon\/wp-json\/wp\/v2\/product"}],"about":[{"href":"https:\/\/uj.adatbank.ro\/lexikon\/wp-json\/wp\/v2\/types\/product"}],"replies":[{"embeddable":true,"href":"https:\/\/uj.adatbank.ro\/lexikon\/wp-json\/wp\/v2\/comments?post=11132"}],"wp:attachment":[{"href":"https:\/\/uj.adatbank.ro\/lexikon\/wp-json\/wp\/v2\/media?parent=11132"}],"wp:term":[{"taxonomy":"product_brand","embeddable":true,"href":"https:\/\/uj.adatbank.ro\/lexikon\/wp-json\/wp\/v2\/product_brand?post=11132"},{"taxonomy":"product_cat","embeddable":true,"href":"https:\/\/uj.adatbank.ro\/lexikon\/wp-json\/wp\/v2\/product_cat?post=11132"},{"taxonomy":"product_tag","embeddable":true,"href":"https:\/\/uj.adatbank.ro\/lexikon\/wp-json\/wp\/v2\/product_tag?post=11132"}],"curies":[{"name":"wp","href":"https:\/\/api.w.org\/{rel}","templated":true}]}}