{"id":11134,"date":"2025-06-29T13:42:58","date_gmt":"2025-06-29T11:42:58","guid":{"rendered":"https:\/\/uj.adatbank.ro\/lexikon\/termek\/kalapacs-imre\/"},"modified":"2025-06-29T13:42:58","modified_gmt":"2025-06-29T11:42:58","slug":"kalapacs-imre","status":"publish","type":"product","link":"https:\/\/uj.adatbank.ro\/lexikon\/termek\/kalapacs-imre\/","title":{"rendered":"KALAP\u00c1CS Imre"},"content":{"rendered":"<p>Zeteleka, 1839. aug. 28., \u2020 1911. jan. 11.: r. k. pap. \u2013 Sz\u00e9kelyudvarhelyen \u00e9s Gyulafeh\u00e9rv\u00e1ron tanult. Papp\u00e1 szentelt\u00e9k (1862. j\u00fal. 18.). K\u00e1pl\u00e1n Sz\u00e9kelyudvarhelyen, Gyergy\u00f3szentmikl\u00f3son. Lelkip\u00e1sztor Sz\u00e9kelyhodoson (1864\u201365), T\u00fcrben (1865), Pl\u00e9b\u00e1nos Eheden (1876\u20131906). Nyugd\u00edjazt\u00e1k( (1907). <br \/><strong>Irod.:<\/strong> Cs\u00edkfalva; Ferenczi S\u00e1ndor 2009; Maros-k\u00fck\u00fcll\u0151i f\u0151esp.<\/br><\/p>\n","protected":false},"excerpt":{"rendered":"<p>Zeteleka, 1839. aug. 28., \u2020 1911. jan. 11.: r. k. pap. \u2013 Sz\u00e9kelyudvarhelyen \u00e9s Gyulafeh\u00e9rv\u00e1ron tanult. Papp\u00e1 szentelt\u00e9k (1862. j\u00fal. 18.). K\u00e1pl\u00e1n Sz\u00e9kelyudvarhelyen, Gyergy\u00f3szentmikl\u00f3son. Lelkip\u00e1sztor Sz\u00e9kelyhodoson (1864\u201365), T\u00fcrben (1865), Pl\u00e9b\u00e1nos Eheden (1876\u20131906). Nyugd\u00edjazt\u00e1k( (1907). Irod.: Cs\u00edkfalva; Ferenczi S\u00e1ndor 2009; Maros-k\u00fck\u00fcll\u0151i f\u0151esp.<\/p>\n","protected":false},"featured_media":0,"comment_status":"open","ping_status":"closed","template":"","meta":[],"product_brand":[],"product_cat":[137],"product_tag":[],"class_list":{"0":"post-11134","1":"product","2":"type-product","3":"status-publish","5":"product_cat-maros-megyei-eletrajzi-lexikon","7":"first","8":"instock","9":"shipping-taxable","10":"product-type-simple"},"_links":{"self":[{"href":"https:\/\/uj.adatbank.ro\/lexikon\/wp-json\/wp\/v2\/product\/11134","targetHints":{"allow":["GET"]}}],"collection":[{"href":"https:\/\/uj.adatbank.ro\/lexikon\/wp-json\/wp\/v2\/product"}],"about":[{"href":"https:\/\/uj.adatbank.ro\/lexikon\/wp-json\/wp\/v2\/types\/product"}],"replies":[{"embeddable":true,"href":"https:\/\/uj.adatbank.ro\/lexikon\/wp-json\/wp\/v2\/comments?post=11134"}],"wp:attachment":[{"href":"https:\/\/uj.adatbank.ro\/lexikon\/wp-json\/wp\/v2\/media?parent=11134"}],"wp:term":[{"taxonomy":"product_brand","embeddable":true,"href":"https:\/\/uj.adatbank.ro\/lexikon\/wp-json\/wp\/v2\/product_brand?post=11134"},{"taxonomy":"product_cat","embeddable":true,"href":"https:\/\/uj.adatbank.ro\/lexikon\/wp-json\/wp\/v2\/product_cat?post=11134"},{"taxonomy":"product_tag","embeddable":true,"href":"https:\/\/uj.adatbank.ro\/lexikon\/wp-json\/wp\/v2\/product_tag?post=11134"}],"curies":[{"name":"wp","href":"https:\/\/api.w.org\/{rel}","templated":true}]}}