{"id":11137,"date":"2025-06-29T13:43:03","date_gmt":"2025-06-29T11:43:03","guid":{"rendered":"https:\/\/uj.adatbank.ro\/lexikon\/termek\/kali-albert\/"},"modified":"2025-06-29T13:43:03","modified_gmt":"2025-06-29T11:43:03","slug":"kali-albert","status":"publish","type":"product","link":"https:\/\/uj.adatbank.ro\/lexikon\/termek\/kali-albert\/","title":{"rendered":"KALI Albert"},"content":{"rendered":"<p>? \u2020 ? : ref. k\u00e1ntortan\u00edt\u00f3. \u2013 A mez\u0151s\u00e1msondi magyar \u00e1llami isk.-ban m\u0171k\u00f6d\u00f6tt (1896 \u2013 1909). Az \u0151 szolg\u00e1lata idej\u00e9ben \u00e9p\u00fclt fel, Bethlen Istv\u00e1n gr. t\u00e1mogat\u00e1s\u00e1val, az \u00faj magyar tannyelv\u0171 iskola (1898). Ez az isk. \u00e1talakult rom\u00e1n tannyelv\u0171 \u00e1llami iskol\u00e1v\u00e1 (1918\u2013). Neve szerepel az 1914 \u2013 18-as vh. mez\u0151s\u00e1msondi \u00e1ldozatai k\u00f6z\u00f6tt. <br \/><strong>Irod.:<\/strong> Mez\u0151s\u00e1msond<\/br><\/p>\n","protected":false},"excerpt":{"rendered":"<p>? \u2020 ? : ref. k\u00e1ntortan\u00edt\u00f3. \u2013 A mez\u0151s\u00e1msondi magyar \u00e1llami isk.-ban m\u0171k\u00f6d\u00f6tt (1896 \u2013 1909). Az \u0151 szolg\u00e1lata idej\u00e9ben \u00e9p\u00fclt fel, Bethlen Istv\u00e1n gr. t\u00e1mogat\u00e1s\u00e1val, az \u00faj magyar tannyelv\u0171 iskola (1898). Ez az isk. \u00e1talakult rom\u00e1n tannyelv\u0171 \u00e1llami iskol\u00e1v\u00e1 (1918\u2013). Neve szerepel az 1914 \u2013 18-as vh. mez\u0151s\u00e1msondi \u00e1ldozatai k\u00f6z\u00f6tt. Irod.: Mez\u0151s\u00e1msond<\/p>\n","protected":false},"featured_media":0,"comment_status":"open","ping_status":"closed","template":"","meta":[],"product_brand":[],"product_cat":[137],"product_tag":[],"class_list":{"0":"post-11137","1":"product","2":"type-product","3":"status-publish","5":"product_cat-maros-megyei-eletrajzi-lexikon","7":"first","8":"instock","9":"shipping-taxable","10":"product-type-simple"},"_links":{"self":[{"href":"https:\/\/uj.adatbank.ro\/lexikon\/wp-json\/wp\/v2\/product\/11137","targetHints":{"allow":["GET"]}}],"collection":[{"href":"https:\/\/uj.adatbank.ro\/lexikon\/wp-json\/wp\/v2\/product"}],"about":[{"href":"https:\/\/uj.adatbank.ro\/lexikon\/wp-json\/wp\/v2\/types\/product"}],"replies":[{"embeddable":true,"href":"https:\/\/uj.adatbank.ro\/lexikon\/wp-json\/wp\/v2\/comments?post=11137"}],"wp:attachment":[{"href":"https:\/\/uj.adatbank.ro\/lexikon\/wp-json\/wp\/v2\/media?parent=11137"}],"wp:term":[{"taxonomy":"product_brand","embeddable":true,"href":"https:\/\/uj.adatbank.ro\/lexikon\/wp-json\/wp\/v2\/product_brand?post=11137"},{"taxonomy":"product_cat","embeddable":true,"href":"https:\/\/uj.adatbank.ro\/lexikon\/wp-json\/wp\/v2\/product_cat?post=11137"},{"taxonomy":"product_tag","embeddable":true,"href":"https:\/\/uj.adatbank.ro\/lexikon\/wp-json\/wp\/v2\/product_tag?post=11137"}],"curies":[{"name":"wp","href":"https:\/\/api.w.org\/{rel}","templated":true}]}}