{"id":11140,"date":"2025-06-29T13:43:10","date_gmt":"2025-06-29T11:43:10","guid":{"rendered":"https:\/\/uj.adatbank.ro\/lexikon\/termek\/kali-borbala-rosnyaine\/"},"modified":"2025-06-29T13:43:10","modified_gmt":"2025-06-29T11:43:10","slug":"kali-borbala-rosnyaine","status":"publish","type":"product","link":"https:\/\/uj.adatbank.ro\/lexikon\/termek\/kali-borbala-rosnyaine\/","title":{"rendered":"KALI Borb\u00e1la, Rosnyain\u00e9"},"content":{"rendered":"<p>? \u2020 Mv., 1740., : \u201eboszork\u00e1ny\u201d. \u2013 Mv.-en egy\u00fcgy\u0151s\u00e9g \u00e9s rosszindulat\u00fa v\u00e1dak alapj\u00e1n el\u00edt\u00e9lt\u00e9k \u00e9s meg\u00e9gett\u00e9k. A gr. Teleki S\u00e1ndor gernyeszegi lev\u00e9lt\u00e1r\u00e1b\u00f3l kiker\u00fclt dokumentumok alapj\u00e1n k\u00f6z\u00f6lte Bi\u00e1s. <br \/><strong>Irod.:<\/strong> Bi\u00e1s Istv\u00e1n: K. B. boszork\u00e1nypere \u00e9s meg\u00e9get\u00e9se Mv. -t, 1740-ben (Marosv\u00e1s\u00e1rhely, 1913. febr. 1.)<\/br><\/p>\n","protected":false},"excerpt":{"rendered":"<p>? \u2020 Mv., 1740., : \u201eboszork\u00e1ny\u201d. \u2013 Mv.-en egy\u00fcgy\u0151s\u00e9g \u00e9s rosszindulat\u00fa v\u00e1dak alapj\u00e1n el\u00edt\u00e9lt\u00e9k \u00e9s meg\u00e9gett\u00e9k. A gr. Teleki S\u00e1ndor gernyeszegi lev\u00e9lt\u00e1r\u00e1b\u00f3l kiker\u00fclt dokumentumok alapj\u00e1n k\u00f6z\u00f6lte Bi\u00e1s. Irod.: Bi\u00e1s Istv\u00e1n: K. B. boszork\u00e1nypere \u00e9s meg\u00e9get\u00e9se Mv. -t, 1740-ben (Marosv\u00e1s\u00e1rhely, 1913. febr. 1.)<\/p>\n","protected":false},"featured_media":0,"comment_status":"open","ping_status":"closed","template":"","meta":[],"product_brand":[],"product_cat":[137],"product_tag":[],"class_list":{"0":"post-11140","1":"product","2":"type-product","3":"status-publish","5":"product_cat-maros-megyei-eletrajzi-lexikon","7":"first","8":"instock","9":"shipping-taxable","10":"product-type-simple"},"_links":{"self":[{"href":"https:\/\/uj.adatbank.ro\/lexikon\/wp-json\/wp\/v2\/product\/11140","targetHints":{"allow":["GET"]}}],"collection":[{"href":"https:\/\/uj.adatbank.ro\/lexikon\/wp-json\/wp\/v2\/product"}],"about":[{"href":"https:\/\/uj.adatbank.ro\/lexikon\/wp-json\/wp\/v2\/types\/product"}],"replies":[{"embeddable":true,"href":"https:\/\/uj.adatbank.ro\/lexikon\/wp-json\/wp\/v2\/comments?post=11140"}],"wp:attachment":[{"href":"https:\/\/uj.adatbank.ro\/lexikon\/wp-json\/wp\/v2\/media?parent=11140"}],"wp:term":[{"taxonomy":"product_brand","embeddable":true,"href":"https:\/\/uj.adatbank.ro\/lexikon\/wp-json\/wp\/v2\/product_brand?post=11140"},{"taxonomy":"product_cat","embeddable":true,"href":"https:\/\/uj.adatbank.ro\/lexikon\/wp-json\/wp\/v2\/product_cat?post=11140"},{"taxonomy":"product_tag","embeddable":true,"href":"https:\/\/uj.adatbank.ro\/lexikon\/wp-json\/wp\/v2\/product_tag?post=11140"}],"curies":[{"name":"wp","href":"https:\/\/api.w.org\/{rel}","templated":true}]}}