{"id":11143,"date":"2025-06-29T13:43:16","date_gmt":"2025-06-29T11:43:16","guid":{"rendered":"https:\/\/uj.adatbank.ro\/lexikon\/termek\/kali-erno\/"},"modified":"2025-06-29T13:43:16","modified_gmt":"2025-06-29T11:43:16","slug":"kali-erno","status":"publish","type":"product","link":"https:\/\/uj.adatbank.ro\/lexikon\/termek\/kali-erno\/","title":{"rendered":"KALI Ern\u0151"},"content":{"rendered":"<p>Sz\u00e9kes, 1924., \u2020 Bp., 1997. febr. 8.: orvos. \u2013 A sz\u00e9kesi elemi oszt\u00e1lyok ut\u00e1n Tord\u00e1n rom\u00e1n nyelv\u0171 szakl\u00edc.-ban, majd a K\u0151r\u00f6si Csoma Polg\u00e1ri Iskol\u00e1ban (1940\u2013) \u00e9s Mv.-en a Ref. Koll.-ban tanult, ahol \u00e9retts\u00e9gizett (1945). Egyetemet Bp.-en a Teleki Koll\u00e9gium orvosi kar\u00e1n v\u00e9gzett. K\u00e9s\u0151bb a J\u00e1nos K\u00f3rh\u00e1zban tett szakvizsg\u00e1t, f\u0151orvos. <br \/><strong>Irod.:<\/strong> Sz\u00e9kes<\/br><\/p>\n","protected":false},"excerpt":{"rendered":"<p>Sz\u00e9kes, 1924., \u2020 Bp., 1997. febr. 8.: orvos. \u2013 A sz\u00e9kesi elemi oszt\u00e1lyok ut\u00e1n Tord\u00e1n rom\u00e1n nyelv\u0171 szakl\u00edc.-ban, majd a K\u0151r\u00f6si Csoma Polg\u00e1ri Iskol\u00e1ban (1940\u2013) \u00e9s Mv.-en a Ref. Koll.-ban tanult, ahol \u00e9retts\u00e9gizett (1945). Egyetemet Bp.-en a Teleki Koll\u00e9gium orvosi kar\u00e1n v\u00e9gzett. K\u00e9s\u0151bb a J\u00e1nos K\u00f3rh\u00e1zban tett szakvizsg\u00e1t, f\u0151orvos. Irod.: Sz\u00e9kes<\/p>\n","protected":false},"featured_media":0,"comment_status":"open","ping_status":"closed","template":"","meta":[],"product_brand":[],"product_cat":[137],"product_tag":[],"class_list":{"0":"post-11143","1":"product","2":"type-product","3":"status-publish","5":"product_cat-maros-megyei-eletrajzi-lexikon","7":"first","8":"instock","9":"shipping-taxable","10":"product-type-simple"},"_links":{"self":[{"href":"https:\/\/uj.adatbank.ro\/lexikon\/wp-json\/wp\/v2\/product\/11143","targetHints":{"allow":["GET"]}}],"collection":[{"href":"https:\/\/uj.adatbank.ro\/lexikon\/wp-json\/wp\/v2\/product"}],"about":[{"href":"https:\/\/uj.adatbank.ro\/lexikon\/wp-json\/wp\/v2\/types\/product"}],"replies":[{"embeddable":true,"href":"https:\/\/uj.adatbank.ro\/lexikon\/wp-json\/wp\/v2\/comments?post=11143"}],"wp:attachment":[{"href":"https:\/\/uj.adatbank.ro\/lexikon\/wp-json\/wp\/v2\/media?parent=11143"}],"wp:term":[{"taxonomy":"product_brand","embeddable":true,"href":"https:\/\/uj.adatbank.ro\/lexikon\/wp-json\/wp\/v2\/product_brand?post=11143"},{"taxonomy":"product_cat","embeddable":true,"href":"https:\/\/uj.adatbank.ro\/lexikon\/wp-json\/wp\/v2\/product_cat?post=11143"},{"taxonomy":"product_tag","embeddable":true,"href":"https:\/\/uj.adatbank.ro\/lexikon\/wp-json\/wp\/v2\/product_tag?post=11143"}],"curies":[{"name":"wp","href":"https:\/\/api.w.org\/{rel}","templated":true}]}}