{"id":11145,"date":"2025-06-29T13:43:21","date_gmt":"2025-06-29T11:43:21","guid":{"rendered":"https:\/\/uj.adatbank.ro\/lexikon\/termek\/kali-imre\/"},"modified":"2025-06-29T13:43:21","modified_gmt":"2025-06-29T11:43:21","slug":"kali-imre","status":"publish","type":"product","link":"https:\/\/uj.adatbank.ro\/lexikon\/termek\/kali-imre\/","title":{"rendered":"KALI Imre"},"content":{"rendered":"<p>Sz\u00e9kes, 1889., \u2020 ?: vend\u00e9gl\u0151s, malomtulajdonos. \u2013 Feles\u00e9ge De\u00e1k Ilona k\u00f6zs\u00e9gi tisztvisel\u0151 volt. \u2013 Tanulm\u00e1nyait Mv.-en a fa- \u00e9s f\u00e9mipari szakiskol\u00e1ban v\u00e9gezte, majd Bp.-en a Ganz-gy\u00e1rban volt m\u0171szaki tisztvisel\u0151. Szov\u00e1t\u00e1n nyitott vend\u00e9gl\u0151t. Az els\u0151 vh.-ban a 62. k\u00f6z\u00f6s gy. \u00e9.-ben az olasz \u00e9s orosz fronton harcolt, t\u00f6bb kit\u00fcntet\u00e9st szerzett. Malomtulajdonos Sz\u00e9kesen (1926). <br \/><strong>Irod.:<\/strong> Pan\u0103; Sz\u00e9kelyf\u00f6ld \u00ed. k; Visnai<\/br><\/p>\n","protected":false},"excerpt":{"rendered":"<p>Sz\u00e9kes, 1889., \u2020 ?: vend\u00e9gl\u0151s, malomtulajdonos. \u2013 Feles\u00e9ge De\u00e1k Ilona k\u00f6zs\u00e9gi tisztvisel\u0151 volt. \u2013 Tanulm\u00e1nyait Mv.-en a fa- \u00e9s f\u00e9mipari szakiskol\u00e1ban v\u00e9gezte, majd Bp.-en a Ganz-gy\u00e1rban volt m\u0171szaki tisztvisel\u0151. Szov\u00e1t\u00e1n nyitott vend\u00e9gl\u0151t. Az els\u0151 vh.-ban a 62. k\u00f6z\u00f6s gy. \u00e9.-ben az olasz \u00e9s orosz fronton harcolt, t\u00f6bb kit\u00fcntet\u00e9st szerzett. Malomtulajdonos Sz\u00e9kesen (1926). Irod.: Pan\u0103; Sz\u00e9kelyf\u00f6ld [&hellip;]<\/p>\n","protected":false},"featured_media":0,"comment_status":"open","ping_status":"closed","template":"","meta":[],"product_brand":[],"product_cat":[137],"product_tag":[],"class_list":{"0":"post-11145","1":"product","2":"type-product","3":"status-publish","5":"product_cat-maros-megyei-eletrajzi-lexikon","7":"first","8":"instock","9":"shipping-taxable","10":"product-type-simple"},"_links":{"self":[{"href":"https:\/\/uj.adatbank.ro\/lexikon\/wp-json\/wp\/v2\/product\/11145","targetHints":{"allow":["GET"]}}],"collection":[{"href":"https:\/\/uj.adatbank.ro\/lexikon\/wp-json\/wp\/v2\/product"}],"about":[{"href":"https:\/\/uj.adatbank.ro\/lexikon\/wp-json\/wp\/v2\/types\/product"}],"replies":[{"embeddable":true,"href":"https:\/\/uj.adatbank.ro\/lexikon\/wp-json\/wp\/v2\/comments?post=11145"}],"wp:attachment":[{"href":"https:\/\/uj.adatbank.ro\/lexikon\/wp-json\/wp\/v2\/media?parent=11145"}],"wp:term":[{"taxonomy":"product_brand","embeddable":true,"href":"https:\/\/uj.adatbank.ro\/lexikon\/wp-json\/wp\/v2\/product_brand?post=11145"},{"taxonomy":"product_cat","embeddable":true,"href":"https:\/\/uj.adatbank.ro\/lexikon\/wp-json\/wp\/v2\/product_cat?post=11145"},{"taxonomy":"product_tag","embeddable":true,"href":"https:\/\/uj.adatbank.ro\/lexikon\/wp-json\/wp\/v2\/product_tag?post=11145"}],"curies":[{"name":"wp","href":"https:\/\/api.w.org\/{rel}","templated":true}]}}