{"id":11148,"date":"2025-06-29T13:43:25","date_gmt":"2025-06-29T11:43:25","guid":{"rendered":"https:\/\/uj.adatbank.ro\/lexikon\/termek\/kali-istvan-ifj\/"},"modified":"2025-06-29T13:43:25","modified_gmt":"2025-06-29T11:43:25","slug":"kali-istvan-ifj","status":"publish","type":"product","link":"https:\/\/uj.adatbank.ro\/lexikon\/termek\/kali-istvan-ifj\/","title":{"rendered":"KALI Istv\u00e1n ifj."},"content":{"rendered":"<p>1944, \u2020 Mv., 1970.: ref. lelk\u00e9sz. \u2013 Apja: lelk\u00e9sz Backamadarason. \u2013 Teol\u00f3giai tanulm\u00e1nyai befejez\u00e9se ut\u00e1n Bede \u00e9s Szenth\u00e1roms\u00e1g lelk\u00e9sze. Idegbeteg, kor\u00e1n elhunyt. <br \/><strong>Irod.:<\/strong> Cs\u00e1ky<\/br><\/p>\n","protected":false},"excerpt":{"rendered":"<p>1944, \u2020 Mv., 1970.: ref. lelk\u00e9sz. \u2013 Apja: lelk\u00e9sz Backamadarason. \u2013 Teol\u00f3giai tanulm\u00e1nyai befejez\u00e9se ut\u00e1n Bede \u00e9s Szenth\u00e1roms\u00e1g lelk\u00e9sze. Idegbeteg, kor\u00e1n elhunyt. Irod.: Cs\u00e1ky<\/p>\n","protected":false},"featured_media":0,"comment_status":"open","ping_status":"closed","template":"","meta":[],"product_brand":[],"product_cat":[137],"product_tag":[],"class_list":{"0":"post-11148","1":"product","2":"type-product","3":"status-publish","5":"product_cat-maros-megyei-eletrajzi-lexikon","7":"first","8":"instock","9":"shipping-taxable","10":"product-type-simple"},"_links":{"self":[{"href":"https:\/\/uj.adatbank.ro\/lexikon\/wp-json\/wp\/v2\/product\/11148","targetHints":{"allow":["GET"]}}],"collection":[{"href":"https:\/\/uj.adatbank.ro\/lexikon\/wp-json\/wp\/v2\/product"}],"about":[{"href":"https:\/\/uj.adatbank.ro\/lexikon\/wp-json\/wp\/v2\/types\/product"}],"replies":[{"embeddable":true,"href":"https:\/\/uj.adatbank.ro\/lexikon\/wp-json\/wp\/v2\/comments?post=11148"}],"wp:attachment":[{"href":"https:\/\/uj.adatbank.ro\/lexikon\/wp-json\/wp\/v2\/media?parent=11148"}],"wp:term":[{"taxonomy":"product_brand","embeddable":true,"href":"https:\/\/uj.adatbank.ro\/lexikon\/wp-json\/wp\/v2\/product_brand?post=11148"},{"taxonomy":"product_cat","embeddable":true,"href":"https:\/\/uj.adatbank.ro\/lexikon\/wp-json\/wp\/v2\/product_cat?post=11148"},{"taxonomy":"product_tag","embeddable":true,"href":"https:\/\/uj.adatbank.ro\/lexikon\/wp-json\/wp\/v2\/product_tag?post=11148"}],"curies":[{"name":"wp","href":"https:\/\/api.w.org\/{rel}","templated":true}]}}