{"id":11150,"date":"2025-06-29T13:43:29","date_gmt":"2025-06-29T11:43:29","guid":{"rendered":"https:\/\/uj.adatbank.ro\/lexikon\/termek\/kali-jozsef-2\/"},"modified":"2025-06-29T13:43:29","modified_gmt":"2025-06-29T11:43:29","slug":"kali-jozsef-2","status":"publish","type":"product","link":"https:\/\/uj.adatbank.ro\/lexikon\/termek\/kali-jozsef-2\/","title":{"rendered":"KALI J\u00f3zsef"},"content":{"rendered":"<p>? \u2020 ? : ref. lelk\u00e9sz. Sz\u00e9kelycs\u00f3k\u00e1ban szolg\u00e1lt (1887\u201394). <br \/><strong>Irod.:<\/strong> Sz\u00e9kelycs\u00f3ka<\/br><\/p>\n","protected":false},"excerpt":{"rendered":"<p>? \u2020 ? : ref. lelk\u00e9sz. Sz\u00e9kelycs\u00f3k\u00e1ban szolg\u00e1lt (1887\u201394). Irod.: Sz\u00e9kelycs\u00f3ka<\/p>\n","protected":false},"featured_media":0,"comment_status":"open","ping_status":"closed","template":"","meta":[],"product_brand":[],"product_cat":[137],"product_tag":[],"class_list":{"0":"post-11150","1":"product","2":"type-product","3":"status-publish","5":"product_cat-maros-megyei-eletrajzi-lexikon","7":"first","8":"instock","9":"shipping-taxable","10":"product-type-simple"},"_links":{"self":[{"href":"https:\/\/uj.adatbank.ro\/lexikon\/wp-json\/wp\/v2\/product\/11150","targetHints":{"allow":["GET"]}}],"collection":[{"href":"https:\/\/uj.adatbank.ro\/lexikon\/wp-json\/wp\/v2\/product"}],"about":[{"href":"https:\/\/uj.adatbank.ro\/lexikon\/wp-json\/wp\/v2\/types\/product"}],"replies":[{"embeddable":true,"href":"https:\/\/uj.adatbank.ro\/lexikon\/wp-json\/wp\/v2\/comments?post=11150"}],"wp:attachment":[{"href":"https:\/\/uj.adatbank.ro\/lexikon\/wp-json\/wp\/v2\/media?parent=11150"}],"wp:term":[{"taxonomy":"product_brand","embeddable":true,"href":"https:\/\/uj.adatbank.ro\/lexikon\/wp-json\/wp\/v2\/product_brand?post=11150"},{"taxonomy":"product_cat","embeddable":true,"href":"https:\/\/uj.adatbank.ro\/lexikon\/wp-json\/wp\/v2\/product_cat?post=11150"},{"taxonomy":"product_tag","embeddable":true,"href":"https:\/\/uj.adatbank.ro\/lexikon\/wp-json\/wp\/v2\/product_tag?post=11150"}],"curies":[{"name":"wp","href":"https:\/\/api.w.org\/{rel}","templated":true}]}}