{"id":11153,"date":"2025-06-29T13:43:37","date_gmt":"2025-06-29T11:43:37","guid":{"rendered":"https:\/\/uj.adatbank.ro\/lexikon\/termek\/kali-jozsefne-nagy-leona\/"},"modified":"2025-06-29T13:43:37","modified_gmt":"2025-06-29T11:43:37","slug":"kali-jozsefne-nagy-leona","status":"publish","type":"product","link":"https:\/\/uj.adatbank.ro\/lexikon\/termek\/kali-jozsefne-nagy-leona\/","title":{"rendered":"KALI J\u00f3zsefn\u00e9, Nagy Leona"},"content":{"rendered":"<p>? \u2020 ? : nagyernyei papn\u00e9. \u2013 F\u00e9rj\u00e9nek a n\u00e9pnevel\u00e9sben is seg\u00edt\u0151t\u00e1rsa, Rendesen vezetett dal\u00e1rd\u00e1ja volt, amivel sokat tett a n\u00e9p izl\u00e9s\u00e9nek finom\u00edt\u00e1sa erk\u00f6lcslnek jav\u00edt\u00e1s\u00e1ra. <br \/><strong>Irod.:<\/strong> Csekme Ferenc: K\u00e9pek a par\u00f3khi\u00e1kr\u00f3l (Mv., 1927); Nagyernye<\/br><\/p>\n","protected":false},"excerpt":{"rendered":"<p>? \u2020 ? : nagyernyei papn\u00e9. \u2013 F\u00e9rj\u00e9nek a n\u00e9pnevel\u00e9sben is seg\u00edt\u0151t\u00e1rsa, Rendesen vezetett dal\u00e1rd\u00e1ja volt, amivel sokat tett a n\u00e9p izl\u00e9s\u00e9nek finom\u00edt\u00e1sa erk\u00f6lcslnek jav\u00edt\u00e1s\u00e1ra. Irod.: Csekme Ferenc: K\u00e9pek a par\u00f3khi\u00e1kr\u00f3l (Mv., 1927); Nagyernye<\/p>\n","protected":false},"featured_media":0,"comment_status":"open","ping_status":"closed","template":"","meta":[],"product_brand":[],"product_cat":[137],"product_tag":[],"class_list":{"0":"post-11153","1":"product","2":"type-product","3":"status-publish","5":"product_cat-maros-megyei-eletrajzi-lexikon","7":"first","8":"instock","9":"shipping-taxable","10":"product-type-simple"},"_links":{"self":[{"href":"https:\/\/uj.adatbank.ro\/lexikon\/wp-json\/wp\/v2\/product\/11153","targetHints":{"allow":["GET"]}}],"collection":[{"href":"https:\/\/uj.adatbank.ro\/lexikon\/wp-json\/wp\/v2\/product"}],"about":[{"href":"https:\/\/uj.adatbank.ro\/lexikon\/wp-json\/wp\/v2\/types\/product"}],"replies":[{"embeddable":true,"href":"https:\/\/uj.adatbank.ro\/lexikon\/wp-json\/wp\/v2\/comments?post=11153"}],"wp:attachment":[{"href":"https:\/\/uj.adatbank.ro\/lexikon\/wp-json\/wp\/v2\/media?parent=11153"}],"wp:term":[{"taxonomy":"product_brand","embeddable":true,"href":"https:\/\/uj.adatbank.ro\/lexikon\/wp-json\/wp\/v2\/product_brand?post=11153"},{"taxonomy":"product_cat","embeddable":true,"href":"https:\/\/uj.adatbank.ro\/lexikon\/wp-json\/wp\/v2\/product_cat?post=11153"},{"taxonomy":"product_tag","embeddable":true,"href":"https:\/\/uj.adatbank.ro\/lexikon\/wp-json\/wp\/v2\/product_tag?post=11153"}],"curies":[{"name":"wp","href":"https:\/\/api.w.org\/{rel}","templated":true}]}}