{"id":11154,"date":"2025-06-29T13:43:39","date_gmt":"2025-06-29T11:43:39","guid":{"rendered":"https:\/\/uj.adatbank.ro\/lexikon\/termek\/kali-kalman\/"},"modified":"2025-06-29T13:43:39","modified_gmt":"2025-06-29T11:43:39","slug":"kali-kalman","status":"publish","type":"product","link":"https:\/\/uj.adatbank.ro\/lexikon\/termek\/kali-kalman\/","title":{"rendered":"KALI K\u00e1lm\u00e1n"},"content":{"rendered":"<p>Sz\u00e9kes, 1870., \u2020 ?: gazd\u00e1lkod\u00f3. \u2013 T\u0151sgy\u00f6keres sz\u00e9kely gazdacsal\u00e1db\u00f3l ered, \u0151sei a k\u00f6zs\u00e9g alap\u00edt\u00f3 csal\u00e1djai k\u00f6z\u00e9 tartoztak. \u00d6n\u00e1ll\u00f3 gazda Sz\u00e9kesen (1902\u2013). Az els\u0151 vh.-ban az orosz \u00e9s rom\u00e1n fronton harcolt. A k\u00f6zs\u00e9g tekint\u00e9lyes polg\u00e1ra volt, r\u00e9szt vett a k\u00f6z\u00fcgyekben <br \/><strong>Irod.:<\/strong> Sz\u00e9kelyf\u00f6ld \u00ed. k<\/br><\/p>\n","protected":false},"excerpt":{"rendered":"<p>Sz\u00e9kes, 1870., \u2020 ?: gazd\u00e1lkod\u00f3. \u2013 T\u0151sgy\u00f6keres sz\u00e9kely gazdacsal\u00e1db\u00f3l ered, \u0151sei a k\u00f6zs\u00e9g alap\u00edt\u00f3 csal\u00e1djai k\u00f6z\u00e9 tartoztak. \u00d6n\u00e1ll\u00f3 gazda Sz\u00e9kesen (1902\u2013). Az els\u0151 vh.-ban az orosz \u00e9s rom\u00e1n fronton harcolt. A k\u00f6zs\u00e9g tekint\u00e9lyes polg\u00e1ra volt, r\u00e9szt vett a k\u00f6z\u00fcgyekben Irod.: Sz\u00e9kelyf\u00f6ld \u00ed. k<\/p>\n","protected":false},"featured_media":0,"comment_status":"open","ping_status":"closed","template":"","meta":[],"product_brand":[],"product_cat":[137],"product_tag":[],"class_list":{"0":"post-11154","1":"product","2":"type-product","3":"status-publish","5":"product_cat-maros-megyei-eletrajzi-lexikon","7":"first","8":"instock","9":"shipping-taxable","10":"product-type-simple"},"_links":{"self":[{"href":"https:\/\/uj.adatbank.ro\/lexikon\/wp-json\/wp\/v2\/product\/11154","targetHints":{"allow":["GET"]}}],"collection":[{"href":"https:\/\/uj.adatbank.ro\/lexikon\/wp-json\/wp\/v2\/product"}],"about":[{"href":"https:\/\/uj.adatbank.ro\/lexikon\/wp-json\/wp\/v2\/types\/product"}],"replies":[{"embeddable":true,"href":"https:\/\/uj.adatbank.ro\/lexikon\/wp-json\/wp\/v2\/comments?post=11154"}],"wp:attachment":[{"href":"https:\/\/uj.adatbank.ro\/lexikon\/wp-json\/wp\/v2\/media?parent=11154"}],"wp:term":[{"taxonomy":"product_brand","embeddable":true,"href":"https:\/\/uj.adatbank.ro\/lexikon\/wp-json\/wp\/v2\/product_brand?post=11154"},{"taxonomy":"product_cat","embeddable":true,"href":"https:\/\/uj.adatbank.ro\/lexikon\/wp-json\/wp\/v2\/product_cat?post=11154"},{"taxonomy":"product_tag","embeddable":true,"href":"https:\/\/uj.adatbank.ro\/lexikon\/wp-json\/wp\/v2\/product_tag?post=11154"}],"curies":[{"name":"wp","href":"https:\/\/api.w.org\/{rel}","templated":true}]}}