{"id":11155,"date":"2025-06-29T13:43:40","date_gmt":"2025-06-29T11:43:40","guid":{"rendered":"https:\/\/uj.adatbank.ro\/lexikon\/termek\/kali-lorinc\/"},"modified":"2025-06-29T13:43:40","modified_gmt":"2025-06-29T11:43:40","slug":"kali-lorinc","status":"publish","type":"product","link":"https:\/\/uj.adatbank.ro\/lexikon\/termek\/kali-lorinc\/","title":{"rendered":"K\u00c1LI L\u0151rinc"},"content":{"rendered":"<p>? \u2020 ?.: ref. l\u00e9vita lelk\u00e9sz. \u2013 Mv.-en subscrib\u00e1lt (1675) \u00e9s Enyeden tanult 1679). L\u00e9vita volt Kisilly\u00e9n (1737), Unok\u00e1ban (1750\u20131752) \u00e9s Tuzsonban (1753\u20131755). <br \/><strong>Irod.:<\/strong> \u0150sz<\/br><\/p>\n","protected":false},"excerpt":{"rendered":"<p>? \u2020 ?.: ref. l\u00e9vita lelk\u00e9sz. \u2013 Mv.-en subscrib\u00e1lt (1675) \u00e9s Enyeden tanult 1679). L\u00e9vita volt Kisilly\u00e9n (1737), Unok\u00e1ban (1750\u20131752) \u00e9s Tuzsonban (1753\u20131755). Irod.: \u0150sz<\/p>\n","protected":false},"featured_media":0,"comment_status":"open","ping_status":"closed","template":"","meta":[],"product_brand":[],"product_cat":[137],"product_tag":[],"class_list":{"0":"post-11155","1":"product","2":"type-product","3":"status-publish","5":"product_cat-maros-megyei-eletrajzi-lexikon","7":"first","8":"instock","9":"shipping-taxable","10":"product-type-simple"},"_links":{"self":[{"href":"https:\/\/uj.adatbank.ro\/lexikon\/wp-json\/wp\/v2\/product\/11155","targetHints":{"allow":["GET"]}}],"collection":[{"href":"https:\/\/uj.adatbank.ro\/lexikon\/wp-json\/wp\/v2\/product"}],"about":[{"href":"https:\/\/uj.adatbank.ro\/lexikon\/wp-json\/wp\/v2\/types\/product"}],"replies":[{"embeddable":true,"href":"https:\/\/uj.adatbank.ro\/lexikon\/wp-json\/wp\/v2\/comments?post=11155"}],"wp:attachment":[{"href":"https:\/\/uj.adatbank.ro\/lexikon\/wp-json\/wp\/v2\/media?parent=11155"}],"wp:term":[{"taxonomy":"product_brand","embeddable":true,"href":"https:\/\/uj.adatbank.ro\/lexikon\/wp-json\/wp\/v2\/product_brand?post=11155"},{"taxonomy":"product_cat","embeddable":true,"href":"https:\/\/uj.adatbank.ro\/lexikon\/wp-json\/wp\/v2\/product_cat?post=11155"},{"taxonomy":"product_tag","embeddable":true,"href":"https:\/\/uj.adatbank.ro\/lexikon\/wp-json\/wp\/v2\/product_tag?post=11155"}],"curies":[{"name":"wp","href":"https:\/\/api.w.org\/{rel}","templated":true}]}}