{"id":11158,"date":"2025-06-29T13:43:46","date_gmt":"2025-06-29T11:43:46","guid":{"rendered":"https:\/\/uj.adatbank.ro\/lexikon\/termek\/kali-mozes-2\/"},"modified":"2025-06-29T13:43:46","modified_gmt":"2025-06-29T11:43:46","slug":"kali-mozes-2","status":"publish","type":"product","link":"https:\/\/uj.adatbank.ro\/lexikon\/termek\/kali-mozes-2\/","title":{"rendered":"KALI M\u00f3zes"},"content":{"rendered":"<p>Sz\u00e9kes, 1875., \u2020 ?: gazd\u00e1lkod\u00f3. \u2013 Gazdacsal\u00e1db\u00f3l sz\u00e1rmazott. Iskol\u00e1i elv\u00e9gz\u00e9se ut\u00e1n gazd\u00e1lkodni tanult, \u00f6n\u00e1ll\u00f3 (1896) saj\u00e1t f\u00f6ldj\u00e9n Marosag\u00e1rdon. Tekint\u00e9lyes polg\u00e1ra volt a k\u00f6zs\u00e9gnek, 18 \u00e9vig a ref. egyh\u00e1z gondnoka, k\u00f6zs\u00e9gi b\u00edr\u00f3 is volt. Az els\u0151 vh.-ban a 23. gy. ezr.-ben az olasz fronton harcolt mint szakaszvezet\u0151. Minden hazafias \u00e9s kultur\u00e1lis megmozdul\u00e1st t\u00e1mogatott. <br \/><strong>Irod.:<\/strong> Sz\u00e9kelyf\u00f6ld \u00ed. k<\/br><\/p>\n","protected":false},"excerpt":{"rendered":"<p>Sz\u00e9kes, 1875., \u2020 ?: gazd\u00e1lkod\u00f3. \u2013 Gazdacsal\u00e1db\u00f3l sz\u00e1rmazott. Iskol\u00e1i elv\u00e9gz\u00e9se ut\u00e1n gazd\u00e1lkodni tanult, \u00f6n\u00e1ll\u00f3 (1896) saj\u00e1t f\u00f6ldj\u00e9n Marosag\u00e1rdon. Tekint\u00e9lyes polg\u00e1ra volt a k\u00f6zs\u00e9gnek, 18 \u00e9vig a ref. egyh\u00e1z gondnoka, k\u00f6zs\u00e9gi b\u00edr\u00f3 is volt. Az els\u0151 vh.-ban a 23. gy. ezr.-ben az olasz fronton harcolt mint szakaszvezet\u0151. Minden hazafias \u00e9s kultur\u00e1lis megmozdul\u00e1st t\u00e1mogatott. Irod.: Sz\u00e9kelyf\u00f6ld \u00ed. [&hellip;]<\/p>\n","protected":false},"featured_media":0,"comment_status":"open","ping_status":"closed","template":"","meta":[],"product_brand":[],"product_cat":[137],"product_tag":[],"class_list":{"0":"post-11158","1":"product","2":"type-product","3":"status-publish","5":"product_cat-maros-megyei-eletrajzi-lexikon","7":"first","8":"instock","9":"shipping-taxable","10":"product-type-simple"},"_links":{"self":[{"href":"https:\/\/uj.adatbank.ro\/lexikon\/wp-json\/wp\/v2\/product\/11158","targetHints":{"allow":["GET"]}}],"collection":[{"href":"https:\/\/uj.adatbank.ro\/lexikon\/wp-json\/wp\/v2\/product"}],"about":[{"href":"https:\/\/uj.adatbank.ro\/lexikon\/wp-json\/wp\/v2\/types\/product"}],"replies":[{"embeddable":true,"href":"https:\/\/uj.adatbank.ro\/lexikon\/wp-json\/wp\/v2\/comments?post=11158"}],"wp:attachment":[{"href":"https:\/\/uj.adatbank.ro\/lexikon\/wp-json\/wp\/v2\/media?parent=11158"}],"wp:term":[{"taxonomy":"product_brand","embeddable":true,"href":"https:\/\/uj.adatbank.ro\/lexikon\/wp-json\/wp\/v2\/product_brand?post=11158"},{"taxonomy":"product_cat","embeddable":true,"href":"https:\/\/uj.adatbank.ro\/lexikon\/wp-json\/wp\/v2\/product_cat?post=11158"},{"taxonomy":"product_tag","embeddable":true,"href":"https:\/\/uj.adatbank.ro\/lexikon\/wp-json\/wp\/v2\/product_tag?post=11158"}],"curies":[{"name":"wp","href":"https:\/\/api.w.org\/{rel}","templated":true}]}}