{"id":11160,"date":"2025-06-29T13:43:49","date_gmt":"2025-06-29T11:43:49","guid":{"rendered":"https:\/\/uj.adatbank.ro\/lexikon\/termek\/kali-nagy-istvan\/"},"modified":"2025-06-29T13:43:49","modified_gmt":"2025-06-29T11:43:49","slug":"kali-nagy-istvan","status":"publish","type":"product","link":"https:\/\/uj.adatbank.ro\/lexikon\/termek\/kali-nagy-istvan\/","title":{"rendered":"K\u00c1LI NAGY Istv\u00e1n"},"content":{"rendered":"<p>? \u2020 ?: marosk\u00f6ri unit gondnok. \u2013 Marosk\u00fcri fel\u00fcgyel\u0151, unit gondnok (1906). <br \/><strong>Irod.:<\/strong> Kelemen Lajos 2009<\/br><\/p>\n","protected":false},"excerpt":{"rendered":"<p>? \u2020 ?: marosk\u00f6ri unit gondnok. \u2013 Marosk\u00fcri fel\u00fcgyel\u0151, unit gondnok (1906). Irod.: Kelemen Lajos 2009<\/p>\n","protected":false},"featured_media":0,"comment_status":"open","ping_status":"closed","template":"","meta":[],"product_brand":[],"product_cat":[137],"product_tag":[],"class_list":{"0":"post-11160","1":"product","2":"type-product","3":"status-publish","5":"product_cat-maros-megyei-eletrajzi-lexikon","7":"first","8":"instock","9":"shipping-taxable","10":"product-type-simple"},"_links":{"self":[{"href":"https:\/\/uj.adatbank.ro\/lexikon\/wp-json\/wp\/v2\/product\/11160","targetHints":{"allow":["GET"]}}],"collection":[{"href":"https:\/\/uj.adatbank.ro\/lexikon\/wp-json\/wp\/v2\/product"}],"about":[{"href":"https:\/\/uj.adatbank.ro\/lexikon\/wp-json\/wp\/v2\/types\/product"}],"replies":[{"embeddable":true,"href":"https:\/\/uj.adatbank.ro\/lexikon\/wp-json\/wp\/v2\/comments?post=11160"}],"wp:attachment":[{"href":"https:\/\/uj.adatbank.ro\/lexikon\/wp-json\/wp\/v2\/media?parent=11160"}],"wp:term":[{"taxonomy":"product_brand","embeddable":true,"href":"https:\/\/uj.adatbank.ro\/lexikon\/wp-json\/wp\/v2\/product_brand?post=11160"},{"taxonomy":"product_cat","embeddable":true,"href":"https:\/\/uj.adatbank.ro\/lexikon\/wp-json\/wp\/v2\/product_cat?post=11160"},{"taxonomy":"product_tag","embeddable":true,"href":"https:\/\/uj.adatbank.ro\/lexikon\/wp-json\/wp\/v2\/product_tag?post=11160"}],"curies":[{"name":"wp","href":"https:\/\/api.w.org\/{rel}","templated":true}]}}