{"id":11161,"date":"2025-06-29T13:43:51","date_gmt":"2025-06-29T11:43:51","guid":{"rendered":"https:\/\/uj.adatbank.ro\/lexikon\/termek\/kali-nagy-sandor\/"},"modified":"2025-06-29T13:43:51","modified_gmt":"2025-06-29T11:43:51","slug":"kali-nagy-sandor","status":"publish","type":"product","link":"https:\/\/uj.adatbank.ro\/lexikon\/termek\/kali-nagy-sandor\/","title":{"rendered":"K\u00c1LI NAGY S\u00e1ndor"},"content":{"rendered":"<p>? \u2020 ?: maross\u00e1rpataki \u00fczletember. \u2013 A maross\u00e1rpataki fels\u0151 udvari kast\u00e9ly ban lakott a 2. vh. v\u00e9ge fel\u00e9 feles\u00e9g\u00e9vel K\u00fcl\u00f6n\u00f6s ember volt senki sem tartotta vele a kapcsolatot. Naponta j\u00e1rt kis p\u00f3nilov\u00e1val Mv. -re ahol benzink\u00fatja volt. M\u00e1sodi feles\u00e9ge fiatal h\u00f6lgy volt. Babos J\u00e1nosn\u00e9 Berta szolg\u00e1lt n\u00e1luk (1942\u201344). Levelet dobtak le neki egy rep\u00fcl\u0151r\u0151l., ami a jegyz\u0151 kez\u00e9be ker\u00fclt ezit\u00e1n letart\u00f3ztatt\u00e1k, feles\u00e9g\u00e9nek hetente kellett jelentkeznie a vsend\u0151rs\u00e9gen. K\u00e9s\u0151bb a front \u00e1tvonul\u00e1sa ut\u00e1n megjelent a faluban egy aut\u00f3val \u00e9s elvitte a feles\u00e9g\u00e9t a kast\u00e9lyb\u00f3l, az\u00f3ta nem tudtak semmit r\u00f3la. \u00dagy h\u00edrlett hogy orosz k\u00e9m volt. <br \/><strong>Irod.:<\/strong> Berekm\u00e9ri\u2013G\u00e1lfi<\/br><\/p>\n","protected":false},"excerpt":{"rendered":"<p>? \u2020 ?: maross\u00e1rpataki \u00fczletember. \u2013 A maross\u00e1rpataki fels\u0151 udvari kast\u00e9ly ban lakott a 2. vh. v\u00e9ge fel\u00e9 feles\u00e9g\u00e9vel K\u00fcl\u00f6n\u00f6s ember volt senki sem tartotta vele a kapcsolatot. Naponta j\u00e1rt kis p\u00f3nilov\u00e1val Mv. -re ahol benzink\u00fatja volt. M\u00e1sodi feles\u00e9ge fiatal h\u00f6lgy volt. Babos J\u00e1nosn\u00e9 Berta szolg\u00e1lt n\u00e1luk (1942\u201344). Levelet dobtak le neki egy rep\u00fcl\u0151r\u0151l., ami [&hellip;]<\/p>\n","protected":false},"featured_media":0,"comment_status":"open","ping_status":"closed","template":"","meta":[],"product_brand":[],"product_cat":[137],"product_tag":[],"class_list":{"0":"post-11161","1":"product","2":"type-product","3":"status-publish","5":"product_cat-maros-megyei-eletrajzi-lexikon","7":"first","8":"instock","9":"shipping-taxable","10":"product-type-simple"},"_links":{"self":[{"href":"https:\/\/uj.adatbank.ro\/lexikon\/wp-json\/wp\/v2\/product\/11161","targetHints":{"allow":["GET"]}}],"collection":[{"href":"https:\/\/uj.adatbank.ro\/lexikon\/wp-json\/wp\/v2\/product"}],"about":[{"href":"https:\/\/uj.adatbank.ro\/lexikon\/wp-json\/wp\/v2\/types\/product"}],"replies":[{"embeddable":true,"href":"https:\/\/uj.adatbank.ro\/lexikon\/wp-json\/wp\/v2\/comments?post=11161"}],"wp:attachment":[{"href":"https:\/\/uj.adatbank.ro\/lexikon\/wp-json\/wp\/v2\/media?parent=11161"}],"wp:term":[{"taxonomy":"product_brand","embeddable":true,"href":"https:\/\/uj.adatbank.ro\/lexikon\/wp-json\/wp\/v2\/product_brand?post=11161"},{"taxonomy":"product_cat","embeddable":true,"href":"https:\/\/uj.adatbank.ro\/lexikon\/wp-json\/wp\/v2\/product_cat?post=11161"},{"taxonomy":"product_tag","embeddable":true,"href":"https:\/\/uj.adatbank.ro\/lexikon\/wp-json\/wp\/v2\/product_tag?post=11161"}],"curies":[{"name":"wp","href":"https:\/\/api.w.org\/{rel}","templated":true}]}}