{"id":11165,"date":"2025-06-29T13:44:00","date_gmt":"2025-06-29T11:44:00","guid":{"rendered":"https:\/\/uj.adatbank.ro\/lexikon\/termek\/kali-simon-kali-simeon-felsovisti\/"},"modified":"2025-06-29T13:44:00","modified_gmt":"2025-06-29T11:44:00","slug":"kali-simon-kali-simeon-felsovisti","status":"publish","type":"product","link":"https:\/\/uj.adatbank.ro\/lexikon\/termek\/kali-simon-kali-simeon-felsovisti\/","title":{"rendered":"KALI Simon, Kali Simeon, fels\u0151visti"},"content":{"rendered":"<p>1803., \u2020 Mv., 1870. okt. 24.: nyomd\u00e1sz. \u2013 K. J\u00f3zsef testv\u00e9re. Feles\u00e9ge: L\u0151csei Spielenberg Polix\u00e9nia (1825\u20131891) L. S. L\u00e1szl\u00f3 napt\u00e1rkiad\u00f3 \u00e9s k\u00f6nyvk\u00f6t\u0151mester le\u00e1nya. \u2013 A mv.-i Ref. Koll.-ban tanult. Megkedvelve a nyomd\u00e1szatot, Pesten k\u00e9pezte mag\u00e1t p\u00e1r \u00e9vig, majd testv\u00e9re mellett mint nyomd\u00e1szseg\u00e9d m\u0171k\u00f6d\u00f6tt a mv.-i Ref. Koll. nyomd\u00e1j\u00e1ban (1830\u20131835). Mikor nemeslevelek hamis\u00edt\u00e1s\u00e1\u00e9rt perbefogott testv\u00e9r\u00e9t elmozd\u00edtott\u00e1k, B\u00e9lteki Nagy Zsigmond algondnok, Antal J\u00e1nos tan\u00e1r \u00e9s Jenei J\u00f3zsef p\u00e9nzt\u00e1rnok jelenl\u00e9t\u00e9ben \u00e1tvette a nyomd\u00e1t (1835. aug. 8.), mellette Imreh S\u00e1ndor a nyomda k\u00e9s\u0151bbi vezet\u0151je n\u00e9gy \u00e9vig seg\u00e9d volt (1844\u20131848), majd egyed\u00fcl dolgozott (1848\u20131866). Ekkor megbetegedett \u00e9s \u00e1tadta a nyomd\u00e1t Szab\u00f3 Lajos nyomd\u00e1szseg\u00e9dnek, \u00e9s nyugalomba vonult. \u0150 nyomtatta ki a Bolyaiak \u2018\u2019Minden munk\u00e1j\u00e1t\u2019\u2019. k\u00f6zt\u00fck a Tentament \u00e9s az Appendixet. <br \/><strong>Irod.:<\/strong> Bak\u00f3 Zolt\u00e1n: In hoc tumulo requiescunt (V\u00e1s\u00e1rhelyi H\u00edrlap, 2008. j\u00fan. 13.); Csekme; Gy\u00e1szjelent.; Id\u0151t\u00e1r 1; Id\u0151t\u00e1r 2; Koncz; Kr\u00f3n. F\u00fcz. (1939. 4\/6); Sz\u00e9kely H\u00edrlap (1870. okt. 26); P\u00e1l-Antal 2009; P\u00e1lmay J\u00f3zsef; Pusztai<\/br><\/p>\n","protected":false},"excerpt":{"rendered":"<p>1803., \u2020 Mv., 1870. okt. 24.: nyomd\u00e1sz. \u2013 K. J\u00f3zsef testv\u00e9re. Feles\u00e9ge: L\u0151csei Spielenberg Polix\u00e9nia (1825\u20131891) L. S. L\u00e1szl\u00f3 napt\u00e1rkiad\u00f3 \u00e9s k\u00f6nyvk\u00f6t\u0151mester le\u00e1nya. \u2013 A mv.-i Ref. Koll.-ban tanult. Megkedvelve a nyomd\u00e1szatot, Pesten k\u00e9pezte mag\u00e1t p\u00e1r \u00e9vig, majd testv\u00e9re mellett mint nyomd\u00e1szseg\u00e9d m\u0171k\u00f6d\u00f6tt a mv.-i Ref. Koll. nyomd\u00e1j\u00e1ban (1830\u20131835). Mikor nemeslevelek hamis\u00edt\u00e1s\u00e1\u00e9rt perbefogott testv\u00e9r\u00e9t elmozd\u00edtott\u00e1k, [&hellip;]<\/p>\n","protected":false},"featured_media":0,"comment_status":"open","ping_status":"closed","template":"","meta":[],"product_brand":[],"product_cat":[137],"product_tag":[],"class_list":{"0":"post-11165","1":"product","2":"type-product","3":"status-publish","5":"product_cat-maros-megyei-eletrajzi-lexikon","7":"first","8":"instock","9":"shipping-taxable","10":"product-type-simple"},"_links":{"self":[{"href":"https:\/\/uj.adatbank.ro\/lexikon\/wp-json\/wp\/v2\/product\/11165","targetHints":{"allow":["GET"]}}],"collection":[{"href":"https:\/\/uj.adatbank.ro\/lexikon\/wp-json\/wp\/v2\/product"}],"about":[{"href":"https:\/\/uj.adatbank.ro\/lexikon\/wp-json\/wp\/v2\/types\/product"}],"replies":[{"embeddable":true,"href":"https:\/\/uj.adatbank.ro\/lexikon\/wp-json\/wp\/v2\/comments?post=11165"}],"wp:attachment":[{"href":"https:\/\/uj.adatbank.ro\/lexikon\/wp-json\/wp\/v2\/media?parent=11165"}],"wp:term":[{"taxonomy":"product_brand","embeddable":true,"href":"https:\/\/uj.adatbank.ro\/lexikon\/wp-json\/wp\/v2\/product_brand?post=11165"},{"taxonomy":"product_cat","embeddable":true,"href":"https:\/\/uj.adatbank.ro\/lexikon\/wp-json\/wp\/v2\/product_cat?post=11165"},{"taxonomy":"product_tag","embeddable":true,"href":"https:\/\/uj.adatbank.ro\/lexikon\/wp-json\/wp\/v2\/product_tag?post=11165"}],"curies":[{"name":"wp","href":"https:\/\/api.w.org\/{rel}","templated":true}]}}