{"id":11170,"date":"2025-06-29T13:44:12","date_gmt":"2025-06-29T11:44:12","guid":{"rendered":"https:\/\/uj.adatbank.ro\/lexikon\/termek\/kalinai-ilona\/"},"modified":"2025-06-29T13:44:12","modified_gmt":"2025-06-29T11:44:12","slug":"kalinai-ilona","status":"publish","type":"product","link":"https:\/\/uj.adatbank.ro\/lexikon\/termek\/kalinai-ilona\/","title":{"rendered":"KALINAI Ilona"},"content":{"rendered":"<p>? \u2020 ? : sz\u00edn\u00e9szn\u0151. \u2013 Folyamatosan Mv.-en volt (1918\u2013). J\u00e1t\u00e9kenged\u00e9lyt k\u00e9rt (1925. febr. 20). <br \/><strong>Irod.:<\/strong> K\u00f6t\u0151<\/br><\/p>\n","protected":false},"excerpt":{"rendered":"<p>? \u2020 ? : sz\u00edn\u00e9szn\u0151. \u2013 Folyamatosan Mv.-en volt (1918\u2013). J\u00e1t\u00e9kenged\u00e9lyt k\u00e9rt (1925. febr. 20). Irod.: K\u00f6t\u0151<\/p>\n","protected":false},"featured_media":0,"comment_status":"open","ping_status":"closed","template":"","meta":[],"product_brand":[],"product_cat":[137],"product_tag":[],"class_list":{"0":"post-11170","1":"product","2":"type-product","3":"status-publish","5":"product_cat-maros-megyei-eletrajzi-lexikon","7":"first","8":"instock","9":"shipping-taxable","10":"product-type-simple"},"_links":{"self":[{"href":"https:\/\/uj.adatbank.ro\/lexikon\/wp-json\/wp\/v2\/product\/11170","targetHints":{"allow":["GET"]}}],"collection":[{"href":"https:\/\/uj.adatbank.ro\/lexikon\/wp-json\/wp\/v2\/product"}],"about":[{"href":"https:\/\/uj.adatbank.ro\/lexikon\/wp-json\/wp\/v2\/types\/product"}],"replies":[{"embeddable":true,"href":"https:\/\/uj.adatbank.ro\/lexikon\/wp-json\/wp\/v2\/comments?post=11170"}],"wp:attachment":[{"href":"https:\/\/uj.adatbank.ro\/lexikon\/wp-json\/wp\/v2\/media?parent=11170"}],"wp:term":[{"taxonomy":"product_brand","embeddable":true,"href":"https:\/\/uj.adatbank.ro\/lexikon\/wp-json\/wp\/v2\/product_brand?post=11170"},{"taxonomy":"product_cat","embeddable":true,"href":"https:\/\/uj.adatbank.ro\/lexikon\/wp-json\/wp\/v2\/product_cat?post=11170"},{"taxonomy":"product_tag","embeddable":true,"href":"https:\/\/uj.adatbank.ro\/lexikon\/wp-json\/wp\/v2\/product_tag?post=11170"}],"curies":[{"name":"wp","href":"https:\/\/api.w.org\/{rel}","templated":true}]}}