{"id":11176,"date":"2025-06-29T13:44:24","date_gmt":"2025-06-29T11:44:24","guid":{"rendered":"https:\/\/uj.adatbank.ro\/lexikon\/termek\/kallay-csaba\/"},"modified":"2025-06-29T13:44:24","modified_gmt":"2025-06-29T11:44:24","slug":"kallay-csaba","status":"publish","type":"product","link":"https:\/\/uj.adatbank.ro\/lexikon\/termek\/kallay-csaba\/","title":{"rendered":"K\u00c1LLAY Csaba"},"content":{"rendered":"<p>Lele, 1940. \u2020 Mv., 2014.: ref. lelk\u00e9sz. \u2013 Sz\u00e9kelykakasdon szolg\u00e1lt. Vezet\u00e9s\u00e9vel az \u00e9p\u00edt\u00e9s 125. \u00e9vfordul\u00f3j\u00e1ra fel\u00faj\u00edtott\u00e1k a templomot (1968). <br \/><strong>Irod.:<\/strong> Asztalos 1998; Cs\u00e1ky, Sz\u00e9kelykakasd<\/br><\/p>\n","protected":false},"excerpt":{"rendered":"<p>Lele, 1940. \u2020 Mv., 2014.: ref. lelk\u00e9sz. \u2013 Sz\u00e9kelykakasdon szolg\u00e1lt. Vezet\u00e9s\u00e9vel az \u00e9p\u00edt\u00e9s 125. \u00e9vfordul\u00f3j\u00e1ra fel\u00faj\u00edtott\u00e1k a templomot (1968). Irod.: Asztalos 1998; Cs\u00e1ky, Sz\u00e9kelykakasd<\/p>\n","protected":false},"featured_media":0,"comment_status":"open","ping_status":"closed","template":"","meta":[],"product_brand":[],"product_cat":[137],"product_tag":[],"class_list":{"0":"post-11176","1":"product","2":"type-product","3":"status-publish","5":"product_cat-maros-megyei-eletrajzi-lexikon","7":"first","8":"instock","9":"shipping-taxable","10":"product-type-simple"},"_links":{"self":[{"href":"https:\/\/uj.adatbank.ro\/lexikon\/wp-json\/wp\/v2\/product\/11176","targetHints":{"allow":["GET"]}}],"collection":[{"href":"https:\/\/uj.adatbank.ro\/lexikon\/wp-json\/wp\/v2\/product"}],"about":[{"href":"https:\/\/uj.adatbank.ro\/lexikon\/wp-json\/wp\/v2\/types\/product"}],"replies":[{"embeddable":true,"href":"https:\/\/uj.adatbank.ro\/lexikon\/wp-json\/wp\/v2\/comments?post=11176"}],"wp:attachment":[{"href":"https:\/\/uj.adatbank.ro\/lexikon\/wp-json\/wp\/v2\/media?parent=11176"}],"wp:term":[{"taxonomy":"product_brand","embeddable":true,"href":"https:\/\/uj.adatbank.ro\/lexikon\/wp-json\/wp\/v2\/product_brand?post=11176"},{"taxonomy":"product_cat","embeddable":true,"href":"https:\/\/uj.adatbank.ro\/lexikon\/wp-json\/wp\/v2\/product_cat?post=11176"},{"taxonomy":"product_tag","embeddable":true,"href":"https:\/\/uj.adatbank.ro\/lexikon\/wp-json\/wp\/v2\/product_tag?post=11176"}],"curies":[{"name":"wp","href":"https:\/\/api.w.org\/{rel}","templated":true}]}}