{"id":11180,"date":"2025-06-29T13:44:32","date_gmt":"2025-06-29T11:44:32","guid":{"rendered":"https:\/\/uj.adatbank.ro\/lexikon\/termek\/kallo-tibor-dr\/"},"modified":"2025-06-29T13:44:32","modified_gmt":"2025-06-29T11:44:32","slug":"kallo-tibor-dr","status":"publish","type":"product","link":"https:\/\/uj.adatbank.ro\/lexikon\/termek\/kallo-tibor-dr\/","title":{"rendered":"KALL\u00d3 Tibor, dr."},"content":{"rendered":"<p>Szatm\u00e1rn\u00e9meti, 1930. \u2020 Mv., 1995: orvos. \u2013Feles\u00e9ge, Balogh \u00c9va (Nagyv\u00e1rad, 1932- Mv., 2007), gy\u00f3gyszer\u00e9szn\u0151. &#8211; A MOGYI \u00e1ltal\u00e1nos kar\u00e1n v\u00e9gzett (1955). Mv.-en a II. sz. Ortop\u00e9diai Klinik\u00e1n dolgozott. <br \/><strong>Irod.:<\/strong> Kiss Cs. M 4.<\/br><\/p>\n","protected":false},"excerpt":{"rendered":"<p>Szatm\u00e1rn\u00e9meti, 1930. \u2020 Mv., 1995: orvos. \u2013Feles\u00e9ge, Balogh \u00c9va (Nagyv\u00e1rad, 1932- Mv., 2007), gy\u00f3gyszer\u00e9szn\u0151. &#8211; A MOGYI \u00e1ltal\u00e1nos kar\u00e1n v\u00e9gzett (1955). Mv.-en a II. sz. Ortop\u00e9diai Klinik\u00e1n dolgozott. Irod.: Kiss Cs. M 4.<\/p>\n","protected":false},"featured_media":0,"comment_status":"open","ping_status":"closed","template":"","meta":[],"product_brand":[],"product_cat":[137],"product_tag":[],"class_list":{"0":"post-11180","1":"product","2":"type-product","3":"status-publish","5":"product_cat-maros-megyei-eletrajzi-lexikon","7":"first","8":"instock","9":"shipping-taxable","10":"product-type-simple"},"_links":{"self":[{"href":"https:\/\/uj.adatbank.ro\/lexikon\/wp-json\/wp\/v2\/product\/11180","targetHints":{"allow":["GET"]}}],"collection":[{"href":"https:\/\/uj.adatbank.ro\/lexikon\/wp-json\/wp\/v2\/product"}],"about":[{"href":"https:\/\/uj.adatbank.ro\/lexikon\/wp-json\/wp\/v2\/types\/product"}],"replies":[{"embeddable":true,"href":"https:\/\/uj.adatbank.ro\/lexikon\/wp-json\/wp\/v2\/comments?post=11180"}],"wp:attachment":[{"href":"https:\/\/uj.adatbank.ro\/lexikon\/wp-json\/wp\/v2\/media?parent=11180"}],"wp:term":[{"taxonomy":"product_brand","embeddable":true,"href":"https:\/\/uj.adatbank.ro\/lexikon\/wp-json\/wp\/v2\/product_brand?post=11180"},{"taxonomy":"product_cat","embeddable":true,"href":"https:\/\/uj.adatbank.ro\/lexikon\/wp-json\/wp\/v2\/product_cat?post=11180"},{"taxonomy":"product_tag","embeddable":true,"href":"https:\/\/uj.adatbank.ro\/lexikon\/wp-json\/wp\/v2\/product_tag?post=11180"}],"curies":[{"name":"wp","href":"https:\/\/api.w.org\/{rel}","templated":true}]}}