{"id":11181,"date":"2025-06-29T13:44:33","date_gmt":"2025-06-29T11:44:33","guid":{"rendered":"https:\/\/uj.adatbank.ro\/lexikon\/termek\/kallos-ede\/"},"modified":"2025-06-29T13:44:33","modified_gmt":"2025-06-29T11:44:33","slug":"kallos-ede","status":"publish","type":"product","link":"https:\/\/uj.adatbank.ro\/lexikon\/termek\/kallos-ede\/","title":{"rendered":"KALL\u00d3S Ede"},"content":{"rendered":"<p>H\u00f3dmez\u0151v\u00e1s\u00e1rhely, 1866. feb. 22., \u2020 Bp., 1950. m\u00e1rc. 11: szobr\u00e1sz m\u0171v\u00e9sz. \u2013 Tanulm\u00e1nyait Bp.-en \u00e9s P\u00e1rizsban folytatta. Mv.-i alkot\u00e1sai: a K\u00fczm\u0171vel\u0151d\u00e9si Palota f\u0151bej\u00e1rata f\u00f6l\u00f6tti 4 nagy domborm\u0171, melyet Telcs Ed\u00e9vel k\u00f6z\u00f6sen k\u00e9sz\u00edtett; a Palota els\u0151 emelei f\u0151homlokzatatainak ablakparapetjeibe helyezett portr\u00e9-szobrok. Pet\u0151fi eml\u00e9koszlopa a F\u0151t\u00e9r fels\u0151 r\u00e9sz\u00e9n, amit a v\u00e1ros k\u00f6z\u00f6ns\u00e9ge \u00e1ll\u00edtott (1912), led\u00f6nt\u00f6tt\u00e9k (1919). <br \/><strong>Irod.:<\/strong> Bern\u00e1dy eml\u00e9kiratok; Fodor\u2013Bal\u00e1s; Guly\u00e1s Dorottya: Szobr\u00e1szok a magyarorsz\u00e1gi m\u0171v\u00e9sztelepeke a 20. sz\u00e1zad elej\u00e9n  =  T\u00e1gul\u00f3 horizont; Keresztes; Keresztes Gyula: Szecesszi\u00f3 Mv.-en: 5.: K\u00f6zm\u0171vel\u0151d\u00e9si h\u00e1z 1\u20135. (N\u00fa., 1991. nov. 23.; 1991. dec. 7.; 1991. dec. 14.; 1992. jan. 4.; 1992. jan. 11.); Marosi Barna 1974; Moln\u00e1r, Mur\u00e1din; Mv. t\u00f6rt. 2.; Mv.-i kult\u00farpalota 2013; \u00daM\u00c9L<\/br><\/p>\n","protected":false},"excerpt":{"rendered":"<p>H\u00f3dmez\u0151v\u00e1s\u00e1rhely, 1866. feb. 22., \u2020 Bp., 1950. m\u00e1rc. 11: szobr\u00e1sz m\u0171v\u00e9sz. \u2013 Tanulm\u00e1nyait Bp.-en \u00e9s P\u00e1rizsban folytatta. Mv.-i alkot\u00e1sai: a K\u00fczm\u0171vel\u0151d\u00e9si Palota f\u0151bej\u00e1rata f\u00f6l\u00f6tti 4 nagy domborm\u0171, melyet Telcs Ed\u00e9vel k\u00f6z\u00f6sen k\u00e9sz\u00edtett; a Palota els\u0151 emelei f\u0151homlokzatatainak ablakparapetjeibe helyezett portr\u00e9-szobrok. Pet\u0151fi eml\u00e9koszlopa a F\u0151t\u00e9r fels\u0151 r\u00e9sz\u00e9n, amit a v\u00e1ros k\u00f6z\u00f6ns\u00e9ge \u00e1ll\u00edtott (1912), led\u00f6nt\u00f6tt\u00e9k (1919). Irod.: [&hellip;]<\/p>\n","protected":false},"featured_media":0,"comment_status":"open","ping_status":"closed","template":"","meta":[],"product_brand":[],"product_cat":[137],"product_tag":[],"class_list":{"0":"post-11181","1":"product","2":"type-product","3":"status-publish","5":"product_cat-maros-megyei-eletrajzi-lexikon","7":"first","8":"instock","9":"shipping-taxable","10":"product-type-simple"},"_links":{"self":[{"href":"https:\/\/uj.adatbank.ro\/lexikon\/wp-json\/wp\/v2\/product\/11181","targetHints":{"allow":["GET"]}}],"collection":[{"href":"https:\/\/uj.adatbank.ro\/lexikon\/wp-json\/wp\/v2\/product"}],"about":[{"href":"https:\/\/uj.adatbank.ro\/lexikon\/wp-json\/wp\/v2\/types\/product"}],"replies":[{"embeddable":true,"href":"https:\/\/uj.adatbank.ro\/lexikon\/wp-json\/wp\/v2\/comments?post=11181"}],"wp:attachment":[{"href":"https:\/\/uj.adatbank.ro\/lexikon\/wp-json\/wp\/v2\/media?parent=11181"}],"wp:term":[{"taxonomy":"product_brand","embeddable":true,"href":"https:\/\/uj.adatbank.ro\/lexikon\/wp-json\/wp\/v2\/product_brand?post=11181"},{"taxonomy":"product_cat","embeddable":true,"href":"https:\/\/uj.adatbank.ro\/lexikon\/wp-json\/wp\/v2\/product_cat?post=11181"},{"taxonomy":"product_tag","embeddable":true,"href":"https:\/\/uj.adatbank.ro\/lexikon\/wp-json\/wp\/v2\/product_tag?post=11181"}],"curies":[{"name":"wp","href":"https:\/\/api.w.org\/{rel}","templated":true}]}}