{"id":11182,"date":"2025-06-29T13:44:35","date_gmt":"2025-06-29T11:44:35","guid":{"rendered":"https:\/\/uj.adatbank.ro\/lexikon\/termek\/kallos-erno\/"},"modified":"2025-06-29T13:44:35","modified_gmt":"2025-06-29T11:44:35","slug":"kallos-erno","status":"publish","type":"product","link":"https:\/\/uj.adatbank.ro\/lexikon\/termek\/kallos-erno\/","title":{"rendered":"KALL\u00d3S Ern\u0151"},"content":{"rendered":"<p>? \u2020 ?: dr. fil., tan\u00e1r. \u2013 A mv.-i ref. elemi \u00e9s polg\u00e1ri le\u00e1nyiskola francia nyelv tan\u00e1ra (1919. dec. 8.-ig), Bp. -ret\u00e1vozott. <strong>Cikkei:<\/strong> A Mv.-i Kem\u00e9ny Zsigmond T\u00e1rs. \u00c9vk\u00f6nyve (1914), a Sz\u00e9kely Napl\u00f3-ban (1914). \u2013 <strong>F. m.:<\/strong> Fischard \u00e9s Rabelais: B\u00f6lcs\u00e9szdoktori \u00e9rtekez\u00e9s (Mv., 1911); Edmond Rostand: Irodalmi tanulm\u00e1ny \u2013 felolvasta a KZST-n = Mv.-i KZST 1914. <br \/><strong>Irod.:<\/strong> Eml\u00e9kk. Szab\u00f3 Mikl\u00f3s; Guly\u00e1s; Helikon 1924\u20131944; \u00dcnnepi k\u00f6nyv<\/br><\/p>\n","protected":false},"excerpt":{"rendered":"<p>? \u2020 ?: dr. fil., tan\u00e1r. \u2013 A mv.-i ref. elemi \u00e9s polg\u00e1ri le\u00e1nyiskola francia nyelv tan\u00e1ra (1919. dec. 8.-ig), Bp. -ret\u00e1vozott. Cikkei: A Mv.-i Kem\u00e9ny Zsigmond T\u00e1rs. \u00c9vk\u00f6nyve (1914), a Sz\u00e9kely Napl\u00f3-ban (1914). \u2013 F. m.: Fischard \u00e9s Rabelais: B\u00f6lcs\u00e9szdoktori \u00e9rtekez\u00e9s (Mv., 1911); Edmond Rostand: Irodalmi tanulm\u00e1ny \u2013 felolvasta a KZST-n = Mv.-i KZST [&hellip;]<\/p>\n","protected":false},"featured_media":0,"comment_status":"open","ping_status":"closed","template":"","meta":[],"product_brand":[],"product_cat":[137],"product_tag":[],"class_list":{"0":"post-11182","1":"product","2":"type-product","3":"status-publish","5":"product_cat-maros-megyei-eletrajzi-lexikon","7":"first","8":"instock","9":"shipping-taxable","10":"product-type-simple"},"_links":{"self":[{"href":"https:\/\/uj.adatbank.ro\/lexikon\/wp-json\/wp\/v2\/product\/11182","targetHints":{"allow":["GET"]}}],"collection":[{"href":"https:\/\/uj.adatbank.ro\/lexikon\/wp-json\/wp\/v2\/product"}],"about":[{"href":"https:\/\/uj.adatbank.ro\/lexikon\/wp-json\/wp\/v2\/types\/product"}],"replies":[{"embeddable":true,"href":"https:\/\/uj.adatbank.ro\/lexikon\/wp-json\/wp\/v2\/comments?post=11182"}],"wp:attachment":[{"href":"https:\/\/uj.adatbank.ro\/lexikon\/wp-json\/wp\/v2\/media?parent=11182"}],"wp:term":[{"taxonomy":"product_brand","embeddable":true,"href":"https:\/\/uj.adatbank.ro\/lexikon\/wp-json\/wp\/v2\/product_brand?post=11182"},{"taxonomy":"product_cat","embeddable":true,"href":"https:\/\/uj.adatbank.ro\/lexikon\/wp-json\/wp\/v2\/product_cat?post=11182"},{"taxonomy":"product_tag","embeddable":true,"href":"https:\/\/uj.adatbank.ro\/lexikon\/wp-json\/wp\/v2\/product_tag?post=11182"}],"curies":[{"name":"wp","href":"https:\/\/api.w.org\/{rel}","templated":true}]}}