{"id":11184,"date":"2025-06-29T13:44:40","date_gmt":"2025-06-29T11:44:40","guid":{"rendered":"https:\/\/uj.adatbank.ro\/lexikon\/termek\/kalman-bela\/"},"modified":"2025-06-29T13:44:40","modified_gmt":"2025-06-29T11:44:40","slug":"kalman-bela","status":"publish","type":"product","link":"https:\/\/uj.adatbank.ro\/lexikon\/termek\/kalman-bela\/","title":{"rendered":"K\u00c1LM\u00c1N B\u00e9la"},"content":{"rendered":"<p>Gyulakuta, 1908., \u2020 ? : b\u00e1dogos, munk\u00e1sigazgat\u00f3. \u2013 A RMP tagja. A gyulakutai Hirsch Malom \u00e1llamos\u00edt\u00e1sakor kinevezett igazgat\u00f3ja (1948. j\u00fan. 18.). A malom tulajdonosa Hirsch Izidor volt, aki 9 alkalmazottal dolgozott ( 1910\u2013). Egy olajpr\u00e9st is birtokolt, amelynek \u00e9l\u00e9re ugyanakkor Nagy Endre 37 \u00e9ves asztalost, p\u00e1rttagot nevezt\u00e9k ki igazgat\u00f3nak. Az \u00e1llamos\u00edtott int\u00e9zm\u00e9nyek a gyulakutai n\u00e9ptan\u00e1cs birtok\u00e1ba ker\u00fcltek, majd a ny\u00e1r\u00e1dszeredai V\u00f6r\u00f6s Lobog\u00f3 V\u00e1llalatba olvasztott\u00e1k (1950. j\u00fal. 1\u2013). <br \/><strong>Irod.:<\/strong> Bartos Zolt\u00e1n<\/br><\/p>\n","protected":false},"excerpt":{"rendered":"<p>Gyulakuta, 1908., \u2020 ? : b\u00e1dogos, munk\u00e1sigazgat\u00f3. \u2013 A RMP tagja. A gyulakutai Hirsch Malom \u00e1llamos\u00edt\u00e1sakor kinevezett igazgat\u00f3ja (1948. j\u00fan. 18.). A malom tulajdonosa Hirsch Izidor volt, aki 9 alkalmazottal dolgozott ( 1910\u2013). Egy olajpr\u00e9st is birtokolt, amelynek \u00e9l\u00e9re ugyanakkor Nagy Endre 37 \u00e9ves asztalost, p\u00e1rttagot nevezt\u00e9k ki igazgat\u00f3nak. Az \u00e1llamos\u00edtott int\u00e9zm\u00e9nyek a gyulakutai n\u00e9ptan\u00e1cs [&hellip;]<\/p>\n","protected":false},"featured_media":0,"comment_status":"open","ping_status":"closed","template":"","meta":[],"product_brand":[],"product_cat":[137],"product_tag":[],"class_list":{"0":"post-11184","1":"product","2":"type-product","3":"status-publish","5":"product_cat-maros-megyei-eletrajzi-lexikon","7":"first","8":"instock","9":"shipping-taxable","10":"product-type-simple"},"_links":{"self":[{"href":"https:\/\/uj.adatbank.ro\/lexikon\/wp-json\/wp\/v2\/product\/11184","targetHints":{"allow":["GET"]}}],"collection":[{"href":"https:\/\/uj.adatbank.ro\/lexikon\/wp-json\/wp\/v2\/product"}],"about":[{"href":"https:\/\/uj.adatbank.ro\/lexikon\/wp-json\/wp\/v2\/types\/product"}],"replies":[{"embeddable":true,"href":"https:\/\/uj.adatbank.ro\/lexikon\/wp-json\/wp\/v2\/comments?post=11184"}],"wp:attachment":[{"href":"https:\/\/uj.adatbank.ro\/lexikon\/wp-json\/wp\/v2\/media?parent=11184"}],"wp:term":[{"taxonomy":"product_brand","embeddable":true,"href":"https:\/\/uj.adatbank.ro\/lexikon\/wp-json\/wp\/v2\/product_brand?post=11184"},{"taxonomy":"product_cat","embeddable":true,"href":"https:\/\/uj.adatbank.ro\/lexikon\/wp-json\/wp\/v2\/product_cat?post=11184"},{"taxonomy":"product_tag","embeddable":true,"href":"https:\/\/uj.adatbank.ro\/lexikon\/wp-json\/wp\/v2\/product_tag?post=11184"}],"curies":[{"name":"wp","href":"https:\/\/api.w.org\/{rel}","templated":true}]}}