{"id":11185,"date":"2025-06-29T13:44:44","date_gmt":"2025-06-29T11:44:44","guid":{"rendered":"https:\/\/uj.adatbank.ro\/lexikon\/termek\/kalman-csaba-miklos\/"},"modified":"2025-06-29T13:44:44","modified_gmt":"2025-06-29T11:44:44","slug":"kalman-csaba-miklos","status":"publish","type":"product","link":"https:\/\/uj.adatbank.ro\/lexikon\/termek\/kalman-csaba-miklos\/","title":{"rendered":"K\u00c1LM\u00c1N Csaba Mikl\u00f3s"},"content":{"rendered":"<p>1956., \u2020 Mv., 2007. aug. 21.: igazgat\u00f3. \u2013 Mv.-en az Opportunity Microcredit Rom\u00e1nia IFH Rt. vez\u00e9rigazgat\u00f3ja. <br \/><strong>Irod.:<\/strong> [Nekrol\u00f3g] (N\u00fa., 2007. aug. 22.)<\/br><\/p>\n","protected":false},"excerpt":{"rendered":"<p>1956., \u2020 Mv., 2007. aug. 21.: igazgat\u00f3. \u2013 Mv.-en az Opportunity Microcredit Rom\u00e1nia IFH Rt. vez\u00e9rigazgat\u00f3ja. Irod.: [Nekrol\u00f3g] (N\u00fa., 2007. aug. 22.)<\/p>\n","protected":false},"featured_media":0,"comment_status":"open","ping_status":"closed","template":"","meta":[],"product_brand":[],"product_cat":[137],"product_tag":[],"class_list":{"0":"post-11185","1":"product","2":"type-product","3":"status-publish","5":"product_cat-maros-megyei-eletrajzi-lexikon","7":"first","8":"instock","9":"shipping-taxable","10":"product-type-simple"},"_links":{"self":[{"href":"https:\/\/uj.adatbank.ro\/lexikon\/wp-json\/wp\/v2\/product\/11185","targetHints":{"allow":["GET"]}}],"collection":[{"href":"https:\/\/uj.adatbank.ro\/lexikon\/wp-json\/wp\/v2\/product"}],"about":[{"href":"https:\/\/uj.adatbank.ro\/lexikon\/wp-json\/wp\/v2\/types\/product"}],"replies":[{"embeddable":true,"href":"https:\/\/uj.adatbank.ro\/lexikon\/wp-json\/wp\/v2\/comments?post=11185"}],"wp:attachment":[{"href":"https:\/\/uj.adatbank.ro\/lexikon\/wp-json\/wp\/v2\/media?parent=11185"}],"wp:term":[{"taxonomy":"product_brand","embeddable":true,"href":"https:\/\/uj.adatbank.ro\/lexikon\/wp-json\/wp\/v2\/product_brand?post=11185"},{"taxonomy":"product_cat","embeddable":true,"href":"https:\/\/uj.adatbank.ro\/lexikon\/wp-json\/wp\/v2\/product_cat?post=11185"},{"taxonomy":"product_tag","embeddable":true,"href":"https:\/\/uj.adatbank.ro\/lexikon\/wp-json\/wp\/v2\/product_tag?post=11185"}],"curies":[{"name":"wp","href":"https:\/\/api.w.org\/{rel}","templated":true}]}}