{"id":11186,"date":"2025-06-29T13:44:45","date_gmt":"2025-06-29T11:44:45","guid":{"rendered":"https:\/\/uj.adatbank.ro\/lexikon\/termek\/kalman-ferenc\/"},"modified":"2025-06-29T13:44:45","modified_gmt":"2025-06-29T11:44:45","slug":"kalman-ferenc","status":"publish","type":"product","link":"https:\/\/uj.adatbank.ro\/lexikon\/termek\/kalman-ferenc\/","title":{"rendered":"K\u00c1LM\u00c1N Ferenc"},"content":{"rendered":"<p>Mv., 1929. aug. 24., \u2020 Mv., 1986. dec. 22.: gy\u00f3gyszer\u00e9sz. \u2013 Feles\u00e9ge: \u00c1d\u00e1m Val\u00e9ria gy\u00f3gyszer\u00e9sz. \u2013 A k\u00f6z\u00e9piskol\u00e1t \u00e9s az egyetemet Mv.-en v\u00e9gezte, az OGYI- n gy\u00f3gyszer\u00e9sz diplom\u00e1t szerzett (1955). Gy\u00f3gyszer\u00e9szek Cs\u00edkszered\u00e1ban (1955\u201358). Visszat\u00e9rtek Mv. -re, a MOGYI Gy\u00f3gyszer\u00e9szeti-K\u00e9miai Tansz\u00e9k\u00e9nek munkat\u00e1rsa, mint gyakornok, majd tan\u00e1rseg\u00e9d (1958\u201360). A mv.-i 103. sz. z\u00e1rtk\u00f6r\u0171 gy\u00f3gyszert\u00e1r, majd az 5. sz. ny\u00edilv\u00e1nos gy\u00f3gyszert\u00e1r vezet\u0151je 1960\u201386. okt. 1.). F\u0151gy\u00f3gyszer\u00e9sz vizsg\u00e1t tett (1980). \u2013 <strong>F. m.:<\/strong> <strong>t\u00e1rssz.:<\/strong> Farmacopeea Rom\u00e2n\u0103 (Buc., 1965). <br \/><strong>Irod.:<\/strong> Facultatea de Farmacie, Genersich; [Nekrol\u00f3g] (V. Z., 1986. dec. 23.); P\u00e9ter H. M.; P\u00e9ter H. M. 2013<\/br><\/p>\n","protected":false},"excerpt":{"rendered":"<p>Mv., 1929. aug. 24., \u2020 Mv., 1986. dec. 22.: gy\u00f3gyszer\u00e9sz. \u2013 Feles\u00e9ge: \u00c1d\u00e1m Val\u00e9ria gy\u00f3gyszer\u00e9sz. \u2013 A k\u00f6z\u00e9piskol\u00e1t \u00e9s az egyetemet Mv.-en v\u00e9gezte, az OGYI- n gy\u00f3gyszer\u00e9sz diplom\u00e1t szerzett (1955). Gy\u00f3gyszer\u00e9szek Cs\u00edkszered\u00e1ban (1955\u201358). Visszat\u00e9rtek Mv. -re, a MOGYI Gy\u00f3gyszer\u00e9szeti-K\u00e9miai Tansz\u00e9k\u00e9nek munkat\u00e1rsa, mint gyakornok, majd tan\u00e1rseg\u00e9d (1958\u201360). A mv.-i 103. sz. z\u00e1rtk\u00f6r\u0171 gy\u00f3gyszert\u00e1r, majd az 5. [&hellip;]<\/p>\n","protected":false},"featured_media":0,"comment_status":"open","ping_status":"closed","template":"","meta":[],"product_brand":[],"product_cat":[137],"product_tag":[],"class_list":{"0":"post-11186","1":"product","2":"type-product","3":"status-publish","5":"product_cat-maros-megyei-eletrajzi-lexikon","7":"first","8":"instock","9":"shipping-taxable","10":"product-type-simple"},"_links":{"self":[{"href":"https:\/\/uj.adatbank.ro\/lexikon\/wp-json\/wp\/v2\/product\/11186","targetHints":{"allow":["GET"]}}],"collection":[{"href":"https:\/\/uj.adatbank.ro\/lexikon\/wp-json\/wp\/v2\/product"}],"about":[{"href":"https:\/\/uj.adatbank.ro\/lexikon\/wp-json\/wp\/v2\/types\/product"}],"replies":[{"embeddable":true,"href":"https:\/\/uj.adatbank.ro\/lexikon\/wp-json\/wp\/v2\/comments?post=11186"}],"wp:attachment":[{"href":"https:\/\/uj.adatbank.ro\/lexikon\/wp-json\/wp\/v2\/media?parent=11186"}],"wp:term":[{"taxonomy":"product_brand","embeddable":true,"href":"https:\/\/uj.adatbank.ro\/lexikon\/wp-json\/wp\/v2\/product_brand?post=11186"},{"taxonomy":"product_cat","embeddable":true,"href":"https:\/\/uj.adatbank.ro\/lexikon\/wp-json\/wp\/v2\/product_cat?post=11186"},{"taxonomy":"product_tag","embeddable":true,"href":"https:\/\/uj.adatbank.ro\/lexikon\/wp-json\/wp\/v2\/product_tag?post=11186"}],"curies":[{"name":"wp","href":"https:\/\/api.w.org\/{rel}","templated":true}]}}