{"id":11187,"date":"2025-06-29T13:44:47","date_gmt":"2025-06-29T11:44:47","guid":{"rendered":"https:\/\/uj.adatbank.ro\/lexikon\/termek\/kalman-istvan\/"},"modified":"2025-06-29T13:44:47","modified_gmt":"2025-06-29T11:44:47","slug":"kalman-istvan","status":"publish","type":"product","link":"https:\/\/uj.adatbank.ro\/lexikon\/termek\/kalman-istvan\/","title":{"rendered":"K\u00c1LM\u00c1N Istv\u00e1n"},"content":{"rendered":"<p>Mv., 1957. \u2020 Mv., 2015: orvos. &#8211; A MOGYI-n V\u00e9gzett (1987). Farag\u00f3n k\u00f6rorvos, majd \u00e1ttelepedett Magyarorsz\u00e1gra. S\u00edrja a mv.-i Ref. temet\u0151ben van-<br \/><strong>Irod.:<\/strong> Kiss\u2013P\u00e9terffy\u2013P\u00e9terffy<\/br><\/p>\n","protected":false},"excerpt":{"rendered":"<p>Mv., 1957. \u2020 Mv., 2015: orvos. &#8211; A MOGYI-n V\u00e9gzett (1987). Farag\u00f3n k\u00f6rorvos, majd \u00e1ttelepedett Magyarorsz\u00e1gra. S\u00edrja a mv.-i Ref. temet\u0151ben van-Irod.: Kiss\u2013P\u00e9terffy\u2013P\u00e9terffy<\/p>\n","protected":false},"featured_media":0,"comment_status":"open","ping_status":"closed","template":"","meta":[],"product_brand":[],"product_cat":[137],"product_tag":[],"class_list":{"0":"post-11187","1":"product","2":"type-product","3":"status-publish","5":"product_cat-maros-megyei-eletrajzi-lexikon","7":"first","8":"instock","9":"shipping-taxable","10":"product-type-simple"},"_links":{"self":[{"href":"https:\/\/uj.adatbank.ro\/lexikon\/wp-json\/wp\/v2\/product\/11187","targetHints":{"allow":["GET"]}}],"collection":[{"href":"https:\/\/uj.adatbank.ro\/lexikon\/wp-json\/wp\/v2\/product"}],"about":[{"href":"https:\/\/uj.adatbank.ro\/lexikon\/wp-json\/wp\/v2\/types\/product"}],"replies":[{"embeddable":true,"href":"https:\/\/uj.adatbank.ro\/lexikon\/wp-json\/wp\/v2\/comments?post=11187"}],"wp:attachment":[{"href":"https:\/\/uj.adatbank.ro\/lexikon\/wp-json\/wp\/v2\/media?parent=11187"}],"wp:term":[{"taxonomy":"product_brand","embeddable":true,"href":"https:\/\/uj.adatbank.ro\/lexikon\/wp-json\/wp\/v2\/product_brand?post=11187"},{"taxonomy":"product_cat","embeddable":true,"href":"https:\/\/uj.adatbank.ro\/lexikon\/wp-json\/wp\/v2\/product_cat?post=11187"},{"taxonomy":"product_tag","embeddable":true,"href":"https:\/\/uj.adatbank.ro\/lexikon\/wp-json\/wp\/v2\/product_tag?post=11187"}],"curies":[{"name":"wp","href":"https:\/\/api.w.org\/{rel}","templated":true}]}}