{"id":11190,"date":"2025-06-29T13:44:53","date_gmt":"2025-06-29T11:44:53","guid":{"rendered":"https:\/\/uj.adatbank.ro\/lexikon\/termek\/kalman-oszkar\/"},"modified":"2025-06-29T13:44:53","modified_gmt":"2025-06-29T11:44:53","slug":"kalman-oszkar","status":"publish","type":"product","link":"https:\/\/uj.adatbank.ro\/lexikon\/termek\/kalman-oszkar\/","title":{"rendered":"K\u00c1LM\u00c1N Oszk\u00e1r"},"content":{"rendered":"<p>? \u2020 ?: v\u00e1llalkoz\u00f3, vez\u00e9rigazgat\u00f3. \u2013 A Transilv\u00e1nia Rt. vez\u00e9rigazgat\u00f3ja (1919). A Mv.-i Keresked\u0151 T\u00e1rsulat aleln\u00f6ke (1920). A Mv.-i Takar\u00e9kp\u00e9nzt\u00e1r igazgat\u00f3ja. A Kaszin\u00f3 v\u00e1lasztm\u00e1nyi tagja (1947). <br \/><strong>Irod.:<\/strong> De\u00e9 Nagy Anik\u00f3 2007, Id\u0151t\u00e1r 3<\/br><\/p>\n","protected":false},"excerpt":{"rendered":"<p>? \u2020 ?: v\u00e1llalkoz\u00f3, vez\u00e9rigazgat\u00f3. \u2013 A Transilv\u00e1nia Rt. vez\u00e9rigazgat\u00f3ja (1919). A Mv.-i Keresked\u0151 T\u00e1rsulat aleln\u00f6ke (1920). A Mv.-i Takar\u00e9kp\u00e9nzt\u00e1r igazgat\u00f3ja. A Kaszin\u00f3 v\u00e1lasztm\u00e1nyi tagja (1947). Irod.: De\u00e9 Nagy Anik\u00f3 2007, Id\u0151t\u00e1r 3<\/p>\n","protected":false},"featured_media":0,"comment_status":"open","ping_status":"closed","template":"","meta":[],"product_brand":[],"product_cat":[137],"product_tag":[],"class_list":{"0":"post-11190","1":"product","2":"type-product","3":"status-publish","5":"product_cat-maros-megyei-eletrajzi-lexikon","7":"first","8":"instock","9":"shipping-taxable","10":"product-type-simple"},"_links":{"self":[{"href":"https:\/\/uj.adatbank.ro\/lexikon\/wp-json\/wp\/v2\/product\/11190","targetHints":{"allow":["GET"]}}],"collection":[{"href":"https:\/\/uj.adatbank.ro\/lexikon\/wp-json\/wp\/v2\/product"}],"about":[{"href":"https:\/\/uj.adatbank.ro\/lexikon\/wp-json\/wp\/v2\/types\/product"}],"replies":[{"embeddable":true,"href":"https:\/\/uj.adatbank.ro\/lexikon\/wp-json\/wp\/v2\/comments?post=11190"}],"wp:attachment":[{"href":"https:\/\/uj.adatbank.ro\/lexikon\/wp-json\/wp\/v2\/media?parent=11190"}],"wp:term":[{"taxonomy":"product_brand","embeddable":true,"href":"https:\/\/uj.adatbank.ro\/lexikon\/wp-json\/wp\/v2\/product_brand?post=11190"},{"taxonomy":"product_cat","embeddable":true,"href":"https:\/\/uj.adatbank.ro\/lexikon\/wp-json\/wp\/v2\/product_cat?post=11190"},{"taxonomy":"product_tag","embeddable":true,"href":"https:\/\/uj.adatbank.ro\/lexikon\/wp-json\/wp\/v2\/product_tag?post=11190"}],"curies":[{"name":"wp","href":"https:\/\/api.w.org\/{rel}","templated":true}]}}