{"id":11191,"date":"2025-06-29T13:44:55","date_gmt":"2025-06-29T11:44:55","guid":{"rendered":"https:\/\/uj.adatbank.ro\/lexikon\/termek\/kalman-sandor\/"},"modified":"2025-06-29T13:44:55","modified_gmt":"2025-06-29T11:44:55","slug":"kalman-sandor","status":"publish","type":"product","link":"https:\/\/uj.adatbank.ro\/lexikon\/termek\/kalman-sandor\/","title":{"rendered":"K\u00c1LM\u00c1N S\u00e1ndor"},"content":{"rendered":"<p>1923 \u2020 ?: f\u00f6ldm\u0171ves, a RMP tagja. &#8211; Az \u00e1llamos\u00edt\u00e1s alkalm\u00e1val \u0151t nevezt\u00e9k ki a Kib\u00e9di Ref Egyh\u00e1zmegye tulajdon\u00e1ban lev\u0151, hat alkalmazottat foglalkoztat\u00f3, napi 500 l olajat el\u0151\u00e1ll\u00edt\u00f3 olajpr\u00e9s \u00e9s malom (alap\u00edtott\u00e1k 1827) \u00fcgyint\u00e9z\u0151j\u00e9v\u00e9, amely a kib\u00e9di IdeiglenesTan\u00e1cs birtok\u00e1ba ker\u00fclt (1948. j\u00fan. 18.). K\u00e9s\u0151bb az \u00fcgyint\u00e9z\u0151t Nagy J\u00e1nossal 1919, k\u0151m\u0171ves, a RMP tagja) cser\u00e9lt\u00e9k fel (1949. febr. 10.). Ugyancsak \u0151t nevezt\u00e9k ki a kib\u00e9di Gy\u0151zelem Sz\u00f6vetkezeti Malom (alap\u00edtott\u00e1k 1926, \u00f6t moln\u00e1rt foglalkoztatott \u00e9s napi egy vagon gabon\u00e1t \u0151r\u00f6lhetett meg.) \u00fcgyint\u00e9z\u0151j\u00e9v\u00e9 is (1948. j\u00fan. 18.). Mivel Nagy J\u00e1nost k\u00e9s\u0151bb a Kib\u00e9di Ideiglenes Bizotts\u00e1g eln\u00f6k\u00e9v\u00e9 nevezt\u00e9k ki, felmentett\u00e9k a k\u00e9t int\u00e9zm\u00e9ny \u00fcgyint\u00e9z\u00e9se al\u00f3l, \u00e9s Nemes Lajost b\u00edzt\u00e1k meg a k\u00e9t malom vezet\u00e9s\u00e9vel, amelynek szem\u00e9lyzete nyolcra n\u0151tt. (1949. j\u00fal. 8.). K\u00e9s\u0151bb a k\u00e9t malmot beolvasztott\u00e1k a ny\u00e1r\u00e1dszerdai V\u00f6r\u00f6s Lobog\u00f3 V\u00e1llalatba (1950. j\u00fal. 1\u2013). &#8211;<br \/><strong>Irod.:<\/strong> Bartos Zolt\u00e1n(<\/br><\/p>\n","protected":false},"excerpt":{"rendered":"<p>1923 \u2020 ?: f\u00f6ldm\u0171ves, a RMP tagja. &#8211; Az \u00e1llamos\u00edt\u00e1s alkalm\u00e1val \u0151t nevezt\u00e9k ki a Kib\u00e9di Ref Egyh\u00e1zmegye tulajdon\u00e1ban lev\u0151, hat alkalmazottat foglalkoztat\u00f3, napi 500 l olajat el\u0151\u00e1ll\u00edt\u00f3 olajpr\u00e9s \u00e9s malom (alap\u00edtott\u00e1k 1827) \u00fcgyint\u00e9z\u0151j\u00e9v\u00e9, amely a kib\u00e9di IdeiglenesTan\u00e1cs birtok\u00e1ba ker\u00fclt (1948. j\u00fan. 18.). K\u00e9s\u0151bb az \u00fcgyint\u00e9z\u0151t Nagy J\u00e1nossal 1919, k\u0151m\u0171ves, a RMP tagja) cser\u00e9lt\u00e9k fel [&hellip;]<\/p>\n","protected":false},"featured_media":0,"comment_status":"open","ping_status":"closed","template":"","meta":[],"product_brand":[],"product_cat":[137],"product_tag":[],"class_list":{"0":"post-11191","1":"product","2":"type-product","3":"status-publish","5":"product_cat-maros-megyei-eletrajzi-lexikon","7":"first","8":"instock","9":"shipping-taxable","10":"product-type-simple"},"_links":{"self":[{"href":"https:\/\/uj.adatbank.ro\/lexikon\/wp-json\/wp\/v2\/product\/11191","targetHints":{"allow":["GET"]}}],"collection":[{"href":"https:\/\/uj.adatbank.ro\/lexikon\/wp-json\/wp\/v2\/product"}],"about":[{"href":"https:\/\/uj.adatbank.ro\/lexikon\/wp-json\/wp\/v2\/types\/product"}],"replies":[{"embeddable":true,"href":"https:\/\/uj.adatbank.ro\/lexikon\/wp-json\/wp\/v2\/comments?post=11191"}],"wp:attachment":[{"href":"https:\/\/uj.adatbank.ro\/lexikon\/wp-json\/wp\/v2\/media?parent=11191"}],"wp:term":[{"taxonomy":"product_brand","embeddable":true,"href":"https:\/\/uj.adatbank.ro\/lexikon\/wp-json\/wp\/v2\/product_brand?post=11191"},{"taxonomy":"product_cat","embeddable":true,"href":"https:\/\/uj.adatbank.ro\/lexikon\/wp-json\/wp\/v2\/product_cat?post=11191"},{"taxonomy":"product_tag","embeddable":true,"href":"https:\/\/uj.adatbank.ro\/lexikon\/wp-json\/wp\/v2\/product_tag?post=11191"}],"curies":[{"name":"wp","href":"https:\/\/api.w.org\/{rel}","templated":true}]}}