{"id":11193,"date":"2025-06-29T13:44:57","date_gmt":"2025-06-29T11:44:57","guid":{"rendered":"https:\/\/uj.adatbank.ro\/lexikon\/termek\/kalman-viktoria\/"},"modified":"2025-06-29T13:44:57","modified_gmt":"2025-06-29T11:44:57","slug":"kalman-viktoria","status":"publish","type":"product","link":"https:\/\/uj.adatbank.ro\/lexikon\/termek\/kalman-viktoria\/","title":{"rendered":"K\u00c1LM\u00c1N Vikt\u00f3ria"},"content":{"rendered":"<p>1930, \u2020 Mv., 2005. dec. 20: pszichol\u00f3gus, f\u0151isk. tan\u00e1r. \u2013 <strong>F. m.:<\/strong> <strong>t\u00e1rssz.:<\/strong> \u00c1ltal\u00e1nos pedag\u00f3gia. 1\u20132. (Nire\u015fteanu, Aurora; Nicola Ioannal; Tg. M., 1971); Olvas\u00f3k\u00f6ny \u00e9s nyelvtan: Tank\u00f6nyv a VI. VII, VIII. IX. oszt. sz\u00e1m\u00e1ra ( Buk., 1962\u20131978); Irodalmi olvas\u00f3k\u00f6nyv \u00e9s nyelvtan a VIII. oszt\u00e1ly sz\u00e1m\u00e1ra ( Buk., 1964\u20131969), Nyelvtan Tank\u00f6nyv a VI. oszt\u00e1ly sz\u00e1m\u00e1ra (Buk., 1973- 1980); Magyar nyelv \u00e9s irodalomolvas\u00e1s Tank\u00f6nyv a VI o. sz\u00e1m\u00e1ra (Buk., 1984, 1985); szerk: Comenius, Jan Amos: V\u00e1logatott \u00edr\u00e1sai (v\u00e1l, jegyz, ford.; Buk., 1971). <br \/><strong>Irod.:<\/strong> R\u00e9thy-\u00dajv\u00e1ri. V\u00e1czi., Pop Tofolean-F\u00fcl\u00f6p<\/br><\/p>\n","protected":false},"excerpt":{"rendered":"<p>1930, \u2020 Mv., 2005. dec. 20: pszichol\u00f3gus, f\u0151isk. tan\u00e1r. \u2013 F. m.: t\u00e1rssz.: \u00c1ltal\u00e1nos pedag\u00f3gia. 1\u20132. (Nire\u015fteanu, Aurora; Nicola Ioannal; Tg. M., 1971); Olvas\u00f3k\u00f6ny \u00e9s nyelvtan: Tank\u00f6nyv a VI. VII, VIII. IX. oszt. sz\u00e1m\u00e1ra ( Buk., 1962\u20131978); Irodalmi olvas\u00f3k\u00f6nyv \u00e9s nyelvtan a VIII. oszt\u00e1ly sz\u00e1m\u00e1ra ( Buk., 1964\u20131969), Nyelvtan Tank\u00f6nyv a VI. oszt\u00e1ly sz\u00e1m\u00e1ra (Buk., [&hellip;]<\/p>\n","protected":false},"featured_media":0,"comment_status":"open","ping_status":"closed","template":"","meta":[],"product_brand":[],"product_cat":[137],"product_tag":[],"class_list":{"0":"post-11193","1":"product","2":"type-product","3":"status-publish","5":"product_cat-maros-megyei-eletrajzi-lexikon","7":"first","8":"instock","9":"shipping-taxable","10":"product-type-simple"},"_links":{"self":[{"href":"https:\/\/uj.adatbank.ro\/lexikon\/wp-json\/wp\/v2\/product\/11193","targetHints":{"allow":["GET"]}}],"collection":[{"href":"https:\/\/uj.adatbank.ro\/lexikon\/wp-json\/wp\/v2\/product"}],"about":[{"href":"https:\/\/uj.adatbank.ro\/lexikon\/wp-json\/wp\/v2\/types\/product"}],"replies":[{"embeddable":true,"href":"https:\/\/uj.adatbank.ro\/lexikon\/wp-json\/wp\/v2\/comments?post=11193"}],"wp:attachment":[{"href":"https:\/\/uj.adatbank.ro\/lexikon\/wp-json\/wp\/v2\/media?parent=11193"}],"wp:term":[{"taxonomy":"product_brand","embeddable":true,"href":"https:\/\/uj.adatbank.ro\/lexikon\/wp-json\/wp\/v2\/product_brand?post=11193"},{"taxonomy":"product_cat","embeddable":true,"href":"https:\/\/uj.adatbank.ro\/lexikon\/wp-json\/wp\/v2\/product_cat?post=11193"},{"taxonomy":"product_tag","embeddable":true,"href":"https:\/\/uj.adatbank.ro\/lexikon\/wp-json\/wp\/v2\/product_tag?post=11193"}],"curies":[{"name":"wp","href":"https:\/\/api.w.org\/{rel}","templated":true}]}}