{"id":11195,"date":"2025-06-29T13:45:00","date_gmt":"2025-06-29T11:45:00","guid":{"rendered":"https:\/\/uj.adatbank.ro\/lexikon\/termek\/kalman-zsigmond-2\/"},"modified":"2025-06-29T13:45:00","modified_gmt":"2025-06-29T11:45:00","slug":"kalman-zsigmond-2","status":"publish","type":"product","link":"https:\/\/uj.adatbank.ro\/lexikon\/termek\/kalman-zsigmond-2\/","title":{"rendered":"K\u00c1LM\u00c1N Zsigmond"},"content":{"rendered":"<p>? \u2020 ?: mester. \u2013 Ny\u00e1r\u00e1dsely\u00e9ben (1823\u20131827), Ny\u00e1r\u00e1dszentimr\u00e9n (1758\u20131759) mester. <br \/><strong>Irod.:<\/strong> Imreh Barna.<\/br><\/p>\n","protected":false},"excerpt":{"rendered":"<p>? \u2020 ?: mester. \u2013 Ny\u00e1r\u00e1dsely\u00e9ben (1823\u20131827), Ny\u00e1r\u00e1dszentimr\u00e9n (1758\u20131759) mester. Irod.: Imreh Barna.<\/p>\n","protected":false},"featured_media":0,"comment_status":"open","ping_status":"closed","template":"","meta":[],"product_brand":[],"product_cat":[137],"product_tag":[],"class_list":{"0":"post-11195","1":"product","2":"type-product","3":"status-publish","5":"product_cat-maros-megyei-eletrajzi-lexikon","7":"first","8":"instock","9":"shipping-taxable","10":"product-type-simple"},"_links":{"self":[{"href":"https:\/\/uj.adatbank.ro\/lexikon\/wp-json\/wp\/v2\/product\/11195","targetHints":{"allow":["GET"]}}],"collection":[{"href":"https:\/\/uj.adatbank.ro\/lexikon\/wp-json\/wp\/v2\/product"}],"about":[{"href":"https:\/\/uj.adatbank.ro\/lexikon\/wp-json\/wp\/v2\/types\/product"}],"replies":[{"embeddable":true,"href":"https:\/\/uj.adatbank.ro\/lexikon\/wp-json\/wp\/v2\/comments?post=11195"}],"wp:attachment":[{"href":"https:\/\/uj.adatbank.ro\/lexikon\/wp-json\/wp\/v2\/media?parent=11195"}],"wp:term":[{"taxonomy":"product_brand","embeddable":true,"href":"https:\/\/uj.adatbank.ro\/lexikon\/wp-json\/wp\/v2\/product_brand?post=11195"},{"taxonomy":"product_cat","embeddable":true,"href":"https:\/\/uj.adatbank.ro\/lexikon\/wp-json\/wp\/v2\/product_cat?post=11195"},{"taxonomy":"product_tag","embeddable":true,"href":"https:\/\/uj.adatbank.ro\/lexikon\/wp-json\/wp\/v2\/product_tag?post=11195"}],"curies":[{"name":"wp","href":"https:\/\/api.w.org\/{rel}","templated":true}]}}