{"id":11196,"date":"2025-06-29T13:45:02","date_gmt":"2025-06-29T11:45:02","guid":{"rendered":"https:\/\/uj.adatbank.ro\/lexikon\/termek\/kalmar-antal\/"},"modified":"2025-06-29T13:45:02","modified_gmt":"2025-06-29T11:45:02","slug":"kalmar-antal","status":"publish","type":"product","link":"https:\/\/uj.adatbank.ro\/lexikon\/termek\/kalmar-antal\/","title":{"rendered":"KALM\u00c1R Antal"},"content":{"rendered":"<p>Zenta, 1922. m\u00e1j. 22., \u2020 Sz\u00e1szr\u00e9gen (Maros), 2002. nov. 15.: ?. \u2013 A Szovjetuni\u00f3ban volt hadifogoly (1945\u201349). Temesv\u00e1ron tart\u00f3ztatt\u00e1k le (1957. okt. 16.) tiltott hat\u00e1r\u00e1tl\u00e9p\u00e9s k\u00eds\u00e9rlet\u00e9nek gyan\u00faj\u00e1val. A temesv\u00e1ri Katonai B\u00edr\u00f3s\u00e1g 5 \u00e9vre \u00edt\u00e9lte. A pitesti b\u00f6r\u00f6nben \u00fclt, kiszbadul\u00e1sa (1962. okt. 10) ut\u00e1n m\u00e9g n\u00e9gy \u00e9vet t\u00f6lt\u00f6tt csal\u00e1dj\u00e1val k\u00e9nysszerlakhelyen. &#8211; Irod: 1956 Erd\u00e9lyben<\/br><\/p>\n","protected":false},"excerpt":{"rendered":"<p>Zenta, 1922. m\u00e1j. 22., \u2020 Sz\u00e1szr\u00e9gen (Maros), 2002. nov. 15.: ?. \u2013 A Szovjetuni\u00f3ban volt hadifogoly (1945\u201349). Temesv\u00e1ron tart\u00f3ztatt\u00e1k le (1957. okt. 16.) tiltott hat\u00e1r\u00e1tl\u00e9p\u00e9s k\u00eds\u00e9rlet\u00e9nek gyan\u00faj\u00e1val. A temesv\u00e1ri Katonai B\u00edr\u00f3s\u00e1g 5 \u00e9vre \u00edt\u00e9lte. A pitesti b\u00f6r\u00f6nben \u00fclt, kiszbadul\u00e1sa (1962. okt. 10) ut\u00e1n m\u00e9g n\u00e9gy \u00e9vet t\u00f6lt\u00f6tt csal\u00e1dj\u00e1val k\u00e9nysszerlakhelyen. &#8211; Irod: 1956 Erd\u00e9lyben<\/p>\n","protected":false},"featured_media":0,"comment_status":"open","ping_status":"closed","template":"","meta":[],"product_brand":[],"product_cat":[137],"product_tag":[],"class_list":{"0":"post-11196","1":"product","2":"type-product","3":"status-publish","5":"product_cat-maros-megyei-eletrajzi-lexikon","7":"first","8":"instock","9":"shipping-taxable","10":"product-type-simple"},"_links":{"self":[{"href":"https:\/\/uj.adatbank.ro\/lexikon\/wp-json\/wp\/v2\/product\/11196","targetHints":{"allow":["GET"]}}],"collection":[{"href":"https:\/\/uj.adatbank.ro\/lexikon\/wp-json\/wp\/v2\/product"}],"about":[{"href":"https:\/\/uj.adatbank.ro\/lexikon\/wp-json\/wp\/v2\/types\/product"}],"replies":[{"embeddable":true,"href":"https:\/\/uj.adatbank.ro\/lexikon\/wp-json\/wp\/v2\/comments?post=11196"}],"wp:attachment":[{"href":"https:\/\/uj.adatbank.ro\/lexikon\/wp-json\/wp\/v2\/media?parent=11196"}],"wp:term":[{"taxonomy":"product_brand","embeddable":true,"href":"https:\/\/uj.adatbank.ro\/lexikon\/wp-json\/wp\/v2\/product_brand?post=11196"},{"taxonomy":"product_cat","embeddable":true,"href":"https:\/\/uj.adatbank.ro\/lexikon\/wp-json\/wp\/v2\/product_cat?post=11196"},{"taxonomy":"product_tag","embeddable":true,"href":"https:\/\/uj.adatbank.ro\/lexikon\/wp-json\/wp\/v2\/product_tag?post=11196"}],"curies":[{"name":"wp","href":"https:\/\/api.w.org\/{rel}","templated":true}]}}