{"id":11197,"date":"2025-06-29T13:45:06","date_gmt":"2025-06-29T11:45:06","guid":{"rendered":"https:\/\/uj.adatbank.ro\/lexikon\/termek\/kalmar-modeszt-pal-r-p\/"},"modified":"2025-06-29T13:45:06","modified_gmt":"2025-06-29T11:45:06","slug":"kalmar-modeszt-pal-r-p","status":"publish","type":"product","link":"https:\/\/uj.adatbank.ro\/lexikon\/termek\/kalmar-modeszt-pal-r-p\/","title":{"rendered":"KALM\u00c1R Modeszt P\u00e1l, R. P."},"content":{"rendered":"<p>Zs\u00f6g\u00f6d, 1791. jan. 22., \u2020 Mv., 1825. j\u00fal. 20. vagy 1824. j\u00fal. 17. A mv.-i ferences bar\u00e1tok egykori temploma alatt l\u00e9v\u0151 kript\u00e1ban nyugszik: ferences szerzetes. \u2013 Be\u00f6lt\u00f6z\u00f6tt (1810. szept. 8..), felszentelt\u00e9k (1814. szept. 24.). Maroszentgy\u00f6rgy\u00f6n volt lelk\u00e9sz. <br \/><strong>Irod.:<\/strong> Gy\u00f6rgy: A ferencrendiek; Pantheon<\/br><\/p>\n","protected":false},"excerpt":{"rendered":"<p>Zs\u00f6g\u00f6d, 1791. jan. 22., \u2020 Mv., 1825. j\u00fal. 20. vagy 1824. j\u00fal. 17. A mv.-i ferences bar\u00e1tok egykori temploma alatt l\u00e9v\u0151 kript\u00e1ban nyugszik: ferences szerzetes. \u2013 Be\u00f6lt\u00f6z\u00f6tt (1810. szept. 8..), felszentelt\u00e9k (1814. szept. 24.). Maroszentgy\u00f6rgy\u00f6n volt lelk\u00e9sz. Irod.: Gy\u00f6rgy: A ferencrendiek; Pantheon<\/p>\n","protected":false},"featured_media":0,"comment_status":"open","ping_status":"closed","template":"","meta":[],"product_brand":[],"product_cat":[137],"product_tag":[],"class_list":{"0":"post-11197","1":"product","2":"type-product","3":"status-publish","5":"product_cat-maros-megyei-eletrajzi-lexikon","7":"first","8":"instock","9":"shipping-taxable","10":"product-type-simple"},"_links":{"self":[{"href":"https:\/\/uj.adatbank.ro\/lexikon\/wp-json\/wp\/v2\/product\/11197","targetHints":{"allow":["GET"]}}],"collection":[{"href":"https:\/\/uj.adatbank.ro\/lexikon\/wp-json\/wp\/v2\/product"}],"about":[{"href":"https:\/\/uj.adatbank.ro\/lexikon\/wp-json\/wp\/v2\/types\/product"}],"replies":[{"embeddable":true,"href":"https:\/\/uj.adatbank.ro\/lexikon\/wp-json\/wp\/v2\/comments?post=11197"}],"wp:attachment":[{"href":"https:\/\/uj.adatbank.ro\/lexikon\/wp-json\/wp\/v2\/media?parent=11197"}],"wp:term":[{"taxonomy":"product_brand","embeddable":true,"href":"https:\/\/uj.adatbank.ro\/lexikon\/wp-json\/wp\/v2\/product_brand?post=11197"},{"taxonomy":"product_cat","embeddable":true,"href":"https:\/\/uj.adatbank.ro\/lexikon\/wp-json\/wp\/v2\/product_cat?post=11197"},{"taxonomy":"product_tag","embeddable":true,"href":"https:\/\/uj.adatbank.ro\/lexikon\/wp-json\/wp\/v2\/product_tag?post=11197"}],"curies":[{"name":"wp","href":"https:\/\/api.w.org\/{rel}","templated":true}]}}