{"id":11199,"date":"2025-06-29T13:45:09","date_gmt":"2025-06-29T11:45:09","guid":{"rendered":"https:\/\/uj.adatbank.ro\/lexikon\/termek\/kalnai-salamon\/"},"modified":"2025-06-29T13:45:09","modified_gmt":"2025-06-29T11:45:09","slug":"kalnai-salamon","status":"publish","type":"product","link":"https:\/\/uj.adatbank.ro\/lexikon\/termek\/kalnai-salamon\/","title":{"rendered":"K\u00c1LNAI Salamon"},"content":{"rendered":"<p>? 1869., \u2020 Mv., 1925. nov. 2.: v\u00e1llalkoz\u00f3, gy\u00e1ros. \u2013 K\u00e1lnai \u00e9s Rosner n\u00e9ven vas\u00f6nt\u0151d\u00e9je volt Mv.-en (1908), amely egyike volt a v\u00e1ros legnagyobb v\u00e1llalatainak. Az \u00e1llam \u00f6nt\u0151d\u00e9j\u00e9nek \u00e9s g\u00e9pgy\u00e1r\u00e1nak Bern\u00e1dy k\u00f6zbenj\u00e1r\u00e1s\u00e1ra 20 ezer koron\u00e1s k\u00f6lcs\u00f6nt adott (1913). K\u00e1lnai \u00e9s T\u00e1rsai n\u00e9ven alap\u00edtott malomk\u0151gy\u00e1rat (1919) egy\u00fctt Ausl\u00e4nder S\u00e1ndorral. A gy\u00e1r term\u00e9s malomk\u00f6vek kidolgoz\u00e1s\u00e1val foglalkozott, k\u00e9s\u0151bb \u00e1tt\u00e9rt a francia rendszer\u0171 rakott malomk\u00f6vek gy\u00e1rt\u00e1s\u00e1ra. K\u00fclf\u00f6ldi malomk\u00f6veket is forgalmazott. Rakt\u00e1rai voltak Buk., Ploie\u015fti, Craiova, Kv., Nagyszeben, Brass\u00f3 Boto\u015fani-ban. <br \/><strong>Irod.:<\/strong> EBKL; Id\u0151t\u00e1r 2; Maros megyei m. -s\u00e1g. 4; v.-i zsid\u00f3 temet\u0151 dok.; Pan\u0103<\/br><\/p>\n","protected":false},"excerpt":{"rendered":"<p>? 1869., \u2020 Mv., 1925. nov. 2.: v\u00e1llalkoz\u00f3, gy\u00e1ros. \u2013 K\u00e1lnai \u00e9s Rosner n\u00e9ven vas\u00f6nt\u0151d\u00e9je volt Mv.-en (1908), amely egyike volt a v\u00e1ros legnagyobb v\u00e1llalatainak. Az \u00e1llam \u00f6nt\u0151d\u00e9j\u00e9nek \u00e9s g\u00e9pgy\u00e1r\u00e1nak Bern\u00e1dy k\u00f6zbenj\u00e1r\u00e1s\u00e1ra 20 ezer koron\u00e1s k\u00f6lcs\u00f6nt adott (1913). K\u00e1lnai \u00e9s T\u00e1rsai n\u00e9ven alap\u00edtott malomk\u0151gy\u00e1rat (1919) egy\u00fctt Ausl\u00e4nder S\u00e1ndorral. A gy\u00e1r term\u00e9s malomk\u00f6vek kidolgoz\u00e1s\u00e1val foglalkozott, k\u00e9s\u0151bb [&hellip;]<\/p>\n","protected":false},"featured_media":0,"comment_status":"open","ping_status":"closed","template":"","meta":[],"product_brand":[],"product_cat":[137],"product_tag":[],"class_list":{"0":"post-11199","1":"product","2":"type-product","3":"status-publish","5":"product_cat-maros-megyei-eletrajzi-lexikon","7":"first","8":"instock","9":"shipping-taxable","10":"product-type-simple"},"_links":{"self":[{"href":"https:\/\/uj.adatbank.ro\/lexikon\/wp-json\/wp\/v2\/product\/11199","targetHints":{"allow":["GET"]}}],"collection":[{"href":"https:\/\/uj.adatbank.ro\/lexikon\/wp-json\/wp\/v2\/product"}],"about":[{"href":"https:\/\/uj.adatbank.ro\/lexikon\/wp-json\/wp\/v2\/types\/product"}],"replies":[{"embeddable":true,"href":"https:\/\/uj.adatbank.ro\/lexikon\/wp-json\/wp\/v2\/comments?post=11199"}],"wp:attachment":[{"href":"https:\/\/uj.adatbank.ro\/lexikon\/wp-json\/wp\/v2\/media?parent=11199"}],"wp:term":[{"taxonomy":"product_brand","embeddable":true,"href":"https:\/\/uj.adatbank.ro\/lexikon\/wp-json\/wp\/v2\/product_brand?post=11199"},{"taxonomy":"product_cat","embeddable":true,"href":"https:\/\/uj.adatbank.ro\/lexikon\/wp-json\/wp\/v2\/product_cat?post=11199"},{"taxonomy":"product_tag","embeddable":true,"href":"https:\/\/uj.adatbank.ro\/lexikon\/wp-json\/wp\/v2\/product_tag?post=11199"}],"curies":[{"name":"wp","href":"https:\/\/api.w.org\/{rel}","templated":true}]}}