{"id":11200,"date":"2025-06-29T13:45:11","date_gmt":"2025-06-29T11:45:11","guid":{"rendered":"https:\/\/uj.adatbank.ro\/lexikon\/termek\/kalnay-iklandi\/"},"modified":"2025-06-29T13:45:11","modified_gmt":"2025-06-29T11:45:11","slug":"kalnay-iklandi","status":"publish","type":"product","link":"https:\/\/uj.adatbank.ro\/lexikon\/termek\/kalnay-iklandi\/","title":{"rendered":"K\u00c1LNAY, iklandi"},"content":{"rendered":"<p>A csal\u00e1db\u00f3l K. M\u00e1rton (1559), mint primipilus volt ismert \u00e9s t\u00f6rzs\u00f6k\u00f6s sz\u00e9kely v\u00e9rb\u0151l eredt, n\u00e9vszerint az \u00c1br\u00e1m nemhez \u00e9s Nagy-\u00c1gh \u00e1gazathoz tartozott. <br \/><strong>Irod.:<\/strong> Nagy Iv\u00e1n; P\u00e1lmay<\/br><\/p>\n","protected":false},"excerpt":{"rendered":"<p>A csal\u00e1db\u00f3l K. M\u00e1rton (1559), mint primipilus volt ismert \u00e9s t\u00f6rzs\u00f6k\u00f6s sz\u00e9kely v\u00e9rb\u0151l eredt, n\u00e9vszerint az \u00c1br\u00e1m nemhez \u00e9s Nagy-\u00c1gh \u00e1gazathoz tartozott. Irod.: Nagy Iv\u00e1n; P\u00e1lmay<\/p>\n","protected":false},"featured_media":0,"comment_status":"open","ping_status":"closed","template":"","meta":[],"product_brand":[],"product_cat":[137],"product_tag":[],"class_list":{"0":"post-11200","1":"product","2":"type-product","3":"status-publish","5":"product_cat-maros-megyei-eletrajzi-lexikon","7":"first","8":"instock","9":"shipping-taxable","10":"product-type-simple"},"_links":{"self":[{"href":"https:\/\/uj.adatbank.ro\/lexikon\/wp-json\/wp\/v2\/product\/11200","targetHints":{"allow":["GET"]}}],"collection":[{"href":"https:\/\/uj.adatbank.ro\/lexikon\/wp-json\/wp\/v2\/product"}],"about":[{"href":"https:\/\/uj.adatbank.ro\/lexikon\/wp-json\/wp\/v2\/types\/product"}],"replies":[{"embeddable":true,"href":"https:\/\/uj.adatbank.ro\/lexikon\/wp-json\/wp\/v2\/comments?post=11200"}],"wp:attachment":[{"href":"https:\/\/uj.adatbank.ro\/lexikon\/wp-json\/wp\/v2\/media?parent=11200"}],"wp:term":[{"taxonomy":"product_brand","embeddable":true,"href":"https:\/\/uj.adatbank.ro\/lexikon\/wp-json\/wp\/v2\/product_brand?post=11200"},{"taxonomy":"product_cat","embeddable":true,"href":"https:\/\/uj.adatbank.ro\/lexikon\/wp-json\/wp\/v2\/product_cat?post=11200"},{"taxonomy":"product_tag","embeddable":true,"href":"https:\/\/uj.adatbank.ro\/lexikon\/wp-json\/wp\/v2\/product_tag?post=11200"}],"curies":[{"name":"wp","href":"https:\/\/api.w.org\/{rel}","templated":true}]}}