{"id":11203,"date":"2025-06-29T13:45:17","date_gmt":"2025-06-29T11:45:17","guid":{"rendered":"https:\/\/uj.adatbank.ro\/lexikon\/termek\/kalnoky-adam-gr\/"},"modified":"2025-06-29T13:45:17","modified_gmt":"2025-06-29T11:45:17","slug":"kalnoky-adam-gr","status":"publish","type":"product","link":"https:\/\/uj.adatbank.ro\/lexikon\/termek\/kalnoky-adam-gr\/","title":{"rendered":"K\u00c1LNOKY \u00c1d\u00e1m, gr."},"content":{"rendered":"<p>?, \u2020 1719.: nemes. \u2013 Feles\u00e9ge gr. Mamucca de la Torre M\u00e1ria. \u2013 Marossz\u00e9ki nemes (1711. j\u00fan. 13. \u00f6ssze\u00edr\u00e1skor). Cs\u00edk-, Gyergy\u00f3-, K\u00e1szonsz\u00e9k f\u0151kapit\u00e1nya volt (1708). <br \/><strong>Irod.:<\/strong> Erd\u0151vid\u00e9k; Marossz\u00e9k; P\u00e1l-Antal 2013<\/br><\/p>\n","protected":false},"excerpt":{"rendered":"<p>?, \u2020 1719.: nemes. \u2013 Feles\u00e9ge gr. Mamucca de la Torre M\u00e1ria. \u2013 Marossz\u00e9ki nemes (1711. j\u00fan. 13. \u00f6ssze\u00edr\u00e1skor). Cs\u00edk-, Gyergy\u00f3-, K\u00e1szonsz\u00e9k f\u0151kapit\u00e1nya volt (1708). Irod.: Erd\u0151vid\u00e9k; Marossz\u00e9k; P\u00e1l-Antal 2013<\/p>\n","protected":false},"featured_media":0,"comment_status":"open","ping_status":"closed","template":"","meta":[],"product_brand":[],"product_cat":[137],"product_tag":[],"class_list":{"0":"post-11203","1":"product","2":"type-product","3":"status-publish","5":"product_cat-maros-megyei-eletrajzi-lexikon","7":"first","8":"instock","9":"shipping-taxable","10":"product-type-simple"},"_links":{"self":[{"href":"https:\/\/uj.adatbank.ro\/lexikon\/wp-json\/wp\/v2\/product\/11203","targetHints":{"allow":["GET"]}}],"collection":[{"href":"https:\/\/uj.adatbank.ro\/lexikon\/wp-json\/wp\/v2\/product"}],"about":[{"href":"https:\/\/uj.adatbank.ro\/lexikon\/wp-json\/wp\/v2\/types\/product"}],"replies":[{"embeddable":true,"href":"https:\/\/uj.adatbank.ro\/lexikon\/wp-json\/wp\/v2\/comments?post=11203"}],"wp:attachment":[{"href":"https:\/\/uj.adatbank.ro\/lexikon\/wp-json\/wp\/v2\/media?parent=11203"}],"wp:term":[{"taxonomy":"product_brand","embeddable":true,"href":"https:\/\/uj.adatbank.ro\/lexikon\/wp-json\/wp\/v2\/product_brand?post=11203"},{"taxonomy":"product_cat","embeddable":true,"href":"https:\/\/uj.adatbank.ro\/lexikon\/wp-json\/wp\/v2\/product_cat?post=11203"},{"taxonomy":"product_tag","embeddable":true,"href":"https:\/\/uj.adatbank.ro\/lexikon\/wp-json\/wp\/v2\/product_tag?post=11203"}],"curies":[{"name":"wp","href":"https:\/\/api.w.org\/{rel}","templated":true}]}}