{"id":11204,"date":"2025-06-29T13:45:19","date_gmt":"2025-06-29T11:45:19","guid":{"rendered":"https:\/\/uj.adatbank.ro\/lexikon\/termek\/kalnoky-denes-gr\/"},"modified":"2025-06-29T13:45:19","modified_gmt":"2025-06-29T11:45:19","slug":"kalnoky-denes-gr","status":"publish","type":"product","link":"https:\/\/uj.adatbank.ro\/lexikon\/termek\/kalnoky-denes-gr\/","title":{"rendered":"K\u00c1LNOKY D\u00e9nes, gr."},"content":{"rendered":"<p>?, \u2020 ?. A KZST tagja (1877\u2013), a t\u00e1rsas\u00e1g els\u0151 felolvas\u00f3 \u00fcl\u00e9s\u00e9n tartotta sz\u00e9kfoglal\u00f3 \u00e9rtekez\u00e9s\u00e9t: A m\u0171vel\u0151d\u00e9s terjeszt\u00e9s\u00e9nek fontoss\u00e1g\u00e1r\u00f3l (Mv., 1879. jan. 5.). \u201e\u2026a t\u00e1rsulat irodalmi munk\u00e1ss\u00e1g\u00e1nak n\u00e9pszer\u0171 terjeszt\u00e9s\u00e9vel hivatva lesz a hit \u00e9s erk\u00f6lcs meglazult alapjait a hat\u00e1rsz\u00e9li sz\u00e9kely n\u00e9pben meger\u0151s\u00edteni, a munka-, ipar- \u00e9s honszeretet \u00e9rzelmeit fel\u00e9leszteni \u00e9s \u00edgy a kiv\u00e1ndorl\u00e1s megakad\u00e1lyoz\u00e1s\u00e1ra hatni.\u201d <br \/><strong>Irod.:<\/strong> Marosi-KZST<\/br><\/p>\n","protected":false},"excerpt":{"rendered":"<p>?, \u2020 ?. A KZST tagja (1877\u2013), a t\u00e1rsas\u00e1g els\u0151 felolvas\u00f3 \u00fcl\u00e9s\u00e9n tartotta sz\u00e9kfoglal\u00f3 \u00e9rtekez\u00e9s\u00e9t: A m\u0171vel\u0151d\u00e9s terjeszt\u00e9s\u00e9nek fontoss\u00e1g\u00e1r\u00f3l (Mv., 1879. jan. 5.). \u201e\u2026a t\u00e1rsulat irodalmi munk\u00e1ss\u00e1g\u00e1nak n\u00e9pszer\u0171 terjeszt\u00e9s\u00e9vel hivatva lesz a hit \u00e9s erk\u00f6lcs meglazult alapjait a hat\u00e1rsz\u00e9li sz\u00e9kely n\u00e9pben meger\u0151s\u00edteni, a munka-, ipar- \u00e9s honszeretet \u00e9rzelmeit fel\u00e9leszteni \u00e9s \u00edgy a kiv\u00e1ndorl\u00e1s megakad\u00e1lyoz\u00e1s\u00e1ra hatni.\u201d [&hellip;]<\/p>\n","protected":false},"featured_media":0,"comment_status":"open","ping_status":"closed","template":"","meta":[],"product_brand":[],"product_cat":[137],"product_tag":[],"class_list":{"0":"post-11204","1":"product","2":"type-product","3":"status-publish","5":"product_cat-maros-megyei-eletrajzi-lexikon","7":"first","8":"instock","9":"shipping-taxable","10":"product-type-simple"},"_links":{"self":[{"href":"https:\/\/uj.adatbank.ro\/lexikon\/wp-json\/wp\/v2\/product\/11204","targetHints":{"allow":["GET"]}}],"collection":[{"href":"https:\/\/uj.adatbank.ro\/lexikon\/wp-json\/wp\/v2\/product"}],"about":[{"href":"https:\/\/uj.adatbank.ro\/lexikon\/wp-json\/wp\/v2\/types\/product"}],"replies":[{"embeddable":true,"href":"https:\/\/uj.adatbank.ro\/lexikon\/wp-json\/wp\/v2\/comments?post=11204"}],"wp:attachment":[{"href":"https:\/\/uj.adatbank.ro\/lexikon\/wp-json\/wp\/v2\/media?parent=11204"}],"wp:term":[{"taxonomy":"product_brand","embeddable":true,"href":"https:\/\/uj.adatbank.ro\/lexikon\/wp-json\/wp\/v2\/product_brand?post=11204"},{"taxonomy":"product_cat","embeddable":true,"href":"https:\/\/uj.adatbank.ro\/lexikon\/wp-json\/wp\/v2\/product_cat?post=11204"},{"taxonomy":"product_tag","embeddable":true,"href":"https:\/\/uj.adatbank.ro\/lexikon\/wp-json\/wp\/v2\/product_tag?post=11204"}],"curies":[{"name":"wp","href":"https:\/\/api.w.org\/{rel}","templated":true}]}}