{"id":11205,"date":"2025-06-29T13:45:20","date_gmt":"2025-06-29T11:45:20","guid":{"rendered":"https:\/\/uj.adatbank.ro\/lexikon\/termek\/kalnoky-domokos-gr-kalnoki-domokos\/"},"modified":"2025-06-29T13:45:20","modified_gmt":"2025-06-29T11:45:20","slug":"kalnoky-domokos-gr-kalnoki-domokos","status":"publish","type":"product","link":"https:\/\/uj.adatbank.ro\/lexikon\/termek\/kalnoky-domokos-gr-kalnoki-domokos\/","title":{"rendered":"K\u00c1LNOKY Domokos, gr, K\u00e1lnoki Domokos,"},"content":{"rendered":"<p>1705.?, \u2020 Mv., 1732. m\u00e1rc. 17.: Az els\u0151 volt, akit a mv.-i Keresztel\u0151 Szent J\u00e1nos-pl\u00e9b\u00e1nia kript\u00e1j\u00e1ba temettek 27. \u00e9v\u00e9ben halt meg. <br \/><strong>Irod.:<\/strong> Kripta; M\u00e1th\u00e9 \u00c9va: Besz\u00e9des s\u00edrfel\u00edratok (Kr\u00f3nika, 2010. nov. 5\u20137.); Mv.-i Pl\u00e9b\u00e1nia<\/br><\/p>\n","protected":false},"excerpt":{"rendered":"<p>1705.?, \u2020 Mv., 1732. m\u00e1rc. 17.: Az els\u0151 volt, akit a mv.-i Keresztel\u0151 Szent J\u00e1nos-pl\u00e9b\u00e1nia kript\u00e1j\u00e1ba temettek 27. \u00e9v\u00e9ben halt meg. Irod.: Kripta; M\u00e1th\u00e9 \u00c9va: Besz\u00e9des s\u00edrfel\u00edratok (Kr\u00f3nika, 2010. nov. 5\u20137.); Mv.-i Pl\u00e9b\u00e1nia<\/p>\n","protected":false},"featured_media":0,"comment_status":"open","ping_status":"closed","template":"","meta":[],"product_brand":[],"product_cat":[137],"product_tag":[],"class_list":{"0":"post-11205","1":"product","2":"type-product","3":"status-publish","5":"product_cat-maros-megyei-eletrajzi-lexikon","7":"first","8":"instock","9":"shipping-taxable","10":"product-type-simple"},"_links":{"self":[{"href":"https:\/\/uj.adatbank.ro\/lexikon\/wp-json\/wp\/v2\/product\/11205","targetHints":{"allow":["GET"]}}],"collection":[{"href":"https:\/\/uj.adatbank.ro\/lexikon\/wp-json\/wp\/v2\/product"}],"about":[{"href":"https:\/\/uj.adatbank.ro\/lexikon\/wp-json\/wp\/v2\/types\/product"}],"replies":[{"embeddable":true,"href":"https:\/\/uj.adatbank.ro\/lexikon\/wp-json\/wp\/v2\/comments?post=11205"}],"wp:attachment":[{"href":"https:\/\/uj.adatbank.ro\/lexikon\/wp-json\/wp\/v2\/media?parent=11205"}],"wp:term":[{"taxonomy":"product_brand","embeddable":true,"href":"https:\/\/uj.adatbank.ro\/lexikon\/wp-json\/wp\/v2\/product_brand?post=11205"},{"taxonomy":"product_cat","embeddable":true,"href":"https:\/\/uj.adatbank.ro\/lexikon\/wp-json\/wp\/v2\/product_cat?post=11205"},{"taxonomy":"product_tag","embeddable":true,"href":"https:\/\/uj.adatbank.ro\/lexikon\/wp-json\/wp\/v2\/product_tag?post=11205"}],"curies":[{"name":"wp","href":"https:\/\/api.w.org\/{rel}","templated":true}]}}