{"id":11206,"date":"2025-06-29T13:45:22","date_gmt":"2025-06-29T11:45:22","guid":{"rendered":"https:\/\/uj.adatbank.ro\/lexikon\/termek\/kamenitzki-arpad-karoly-%c2%a7-kameniczky-kemenitzky-arpad\/"},"modified":"2025-06-29T13:45:22","modified_gmt":"2025-06-29T11:45:22","slug":"kamenitzki-arpad-karoly-%c2%a7-kameniczky-kemenitzky-arpad","status":"publish","type":"product","link":"https:\/\/uj.adatbank.ro\/lexikon\/termek\/kamenitzki-arpad-karoly-%c2%a7-kameniczky-kemenitzky-arpad\/","title":{"rendered":"KAMENITZKI \u00c1rp\u00e1d K\u00e1roly, \u00a7 K\u00e1meniczky, Kemenitzky \u00c1rp\u00e1d"},"content":{"rendered":"<p>Borsz\u00e9k, 1920. m\u00e1j. 2., \u2020 Mv., 2009. m\u00e1rc. 16.: testnevel\u0151tan\u00e1r, \u00e9rdemes k\u00e9zilabdaedz\u0151. \u2013 Bp.-en a Testnevel\u00e9si F\u0151iskol\u00e1n tan\u00e1ri oklevelet szerzett (1942); I. oszt. k\u00e9zilabdaedz\u0151i oklevelet kapott (1950); I. fokozati tan\u00e1ri vizsg\u00e1t tett (1972). A cs\u00edkszeredai R. K. F\u0151gimn\u00e1zium (1942\u201345), a mv.-i \u00c1ll. M. Tan\u00edt\u00f3k\u00e9pz\u0151 tan\u00e1ra (1945\u201348), a mv.-i Testnevel\u00e9si K\u00f6z\u00e9piskola alap\u00edt\u00f3 igazgat\u00f3ja (1948\u201355); a Sportorvosi Poliklinika gy\u00f3gytestnevel\u0151-tan\u00e1ra (1955\u201369); a 3-as sz. G\u00e9pipari Szakl\u00edc. (1969\u201373), a Faipari Szaklic. oktat\u00f3ja nyugd\u00edjaz\u00e1s\u00e1ig (1973\u201382). A MAT iskolai testnevel\u00e9s m\u00f3dszertani kabinej\u00e9nek ir\u00e1ny\u00edt\u00f3ja, a k\u00e9zilabda, torna \u00e9s s\u00ed szakbizotts\u00e1gokat vezette, k\u00e9zilabda edz\u0151 a SMTCF (1948\u201369), Progresul, MTE, Ilefor, Muresul, Imatex csapatain\u00e1l n\u0151i A oszt-os k\u00e9zilabdacsapat edz\u0151je (\u20131992). R\u00e9szt vett a gy\u00f3gytestnevel\u00e9si rendel\u0151 megszervez\u00e9s\u00e9ben, a Voin\u0163a (Akarat) sportklubn\u00e1l t\u00f6bb \u00e9vtizeden \u00e1t vezette a n\u0151i er\u0151nl\u00e9ti torn\u00e1t (1969\u201382), aerobic-torn\u00e1t szervezett \u00e9s vezetett (1982). Eredm\u00e9nyei: nagyp\u00e1ly\u00e1s OB (1953\u20131954); feln\u0151tt teremk\u00e9zilabda bajnoks\u00e1g (1954\u20131955); ifj. n\u0151i teremk\u00e9zilabda bajnoks\u00e1g (1955\u20131957); ifj. szabadt\u00e9ri OB (1958\u20131960); ifj. nagyp\u00e1ly\u00e1s OB I. hely (1958). T\u00f6bb mint 25 nemzetk\u00f6zi kisp\u00e1ly\u00e1s n\u0151i k\u00e9zilabdatorna mintegy 100 m\u00e9rk\u00f6z\u00e9s\u00e9n vett r\u00e9szt itthon \u00e9s Eur\u00f3p\u00e1ban. Sz\u00e1mos a testnevel\u00e9s \u00e9s sportszervez\u00e9s m\u00f3dszertan\u00e1val kapcsolatos szakcikke jelent meg, r\u00e1di\u00f3interj\u00fakat k\u00e9sz\u00edtett, el\u0151ad\u00e1sokat tarott. Tanulm\u00e1nya: A k\u00e9zilabda- j\u00e1t\u00e9kosok intervallumos edz\u00e9se. \u00c9rdemes Tan\u00e1r (1978); a Rom\u00e1n K\u00e9zilabda Sz\u00f6vets\u00e9g plakettje (1970); a bp.-i Testnevel\u00e9si Egyetem aranydiplom\u00e1val jutalmazta (1992). A segesv\u00e1ri olimpiai k\u00e9zilabdak\u00f6zpont megnyit\u00f3j\u00e1n kit\u00fcntett\u00e9k: \u00e9rdemes edz\u0151i oklevelet kapott (2000). Az iskola sportp\u00e1ly\u00e1j\u00e1n eml\u00e9kt\u00e1bl\u00e1t helyeztek el (2004). <br \/><strong>Irod.:<\/strong> Derzsi; EMKK 2000; Kl\u00f3sz 2010; Kl\u00f3szs B\u00e1lint: In memoriam K. \u00c1. (N\u00fa., 2009. m\u00e1rc. 19.); Kl\u00f3sz \u2013 Tolok\u00e1n; RMKK; Szab\u00f3 Andr\u00e1s: \u00d6tven \u00e9v gy\u00fcm\u00f6lcse: egy aranyoklev\u00e9l (N\u00fa., 1992. okt. 16.); Szab\u00f3 Andr\u00e1s: Kit\u00fcntett\u00e9k K. \u00c1.-ot (N\u00fa., 2000. nov. 13.)<\/br><\/p>\n","protected":false},"excerpt":{"rendered":"<p>Borsz\u00e9k, 1920. m\u00e1j. 2., \u2020 Mv., 2009. m\u00e1rc. 16.: testnevel\u0151tan\u00e1r, \u00e9rdemes k\u00e9zilabdaedz\u0151. \u2013 Bp.-en a Testnevel\u00e9si F\u0151iskol\u00e1n tan\u00e1ri oklevelet szerzett (1942); I. oszt. k\u00e9zilabdaedz\u0151i oklevelet kapott (1950); I. fokozati tan\u00e1ri vizsg\u00e1t tett (1972). A cs\u00edkszeredai R. K. F\u0151gimn\u00e1zium (1942\u201345), a mv.-i \u00c1ll. M. Tan\u00edt\u00f3k\u00e9pz\u0151 tan\u00e1ra (1945\u201348), a mv.-i Testnevel\u00e9si K\u00f6z\u00e9piskola alap\u00edt\u00f3 igazgat\u00f3ja (1948\u201355); a Sportorvosi [&hellip;]<\/p>\n","protected":false},"featured_media":0,"comment_status":"open","ping_status":"closed","template":"","meta":[],"product_brand":[],"product_cat":[137],"product_tag":[],"class_list":{"0":"post-11206","1":"product","2":"type-product","3":"status-publish","5":"product_cat-maros-megyei-eletrajzi-lexikon","7":"first","8":"instock","9":"shipping-taxable","10":"product-type-simple"},"_links":{"self":[{"href":"https:\/\/uj.adatbank.ro\/lexikon\/wp-json\/wp\/v2\/product\/11206","targetHints":{"allow":["GET"]}}],"collection":[{"href":"https:\/\/uj.adatbank.ro\/lexikon\/wp-json\/wp\/v2\/product"}],"about":[{"href":"https:\/\/uj.adatbank.ro\/lexikon\/wp-json\/wp\/v2\/types\/product"}],"replies":[{"embeddable":true,"href":"https:\/\/uj.adatbank.ro\/lexikon\/wp-json\/wp\/v2\/comments?post=11206"}],"wp:attachment":[{"href":"https:\/\/uj.adatbank.ro\/lexikon\/wp-json\/wp\/v2\/media?parent=11206"}],"wp:term":[{"taxonomy":"product_brand","embeddable":true,"href":"https:\/\/uj.adatbank.ro\/lexikon\/wp-json\/wp\/v2\/product_brand?post=11206"},{"taxonomy":"product_cat","embeddable":true,"href":"https:\/\/uj.adatbank.ro\/lexikon\/wp-json\/wp\/v2\/product_cat?post=11206"},{"taxonomy":"product_tag","embeddable":true,"href":"https:\/\/uj.adatbank.ro\/lexikon\/wp-json\/wp\/v2\/product_tag?post=11206"}],"curies":[{"name":"wp","href":"https:\/\/api.w.org\/{rel}","templated":true}]}}