{"id":11208,"date":"2025-06-29T13:45:28","date_gmt":"2025-06-29T11:45:28","guid":{"rendered":"https:\/\/uj.adatbank.ro\/lexikon\/termek\/kamprad-sari-%c2%a7-szeep-zoltanne\/"},"modified":"2025-06-29T13:45:28","modified_gmt":"2025-06-29T11:45:28","slug":"kamprad-sari-%c2%a7-szeep-zoltanne","status":"publish","type":"product","link":"https:\/\/uj.adatbank.ro\/lexikon\/termek\/kamprad-sari-%c2%a7-szeep-zoltanne\/","title":{"rendered":"KAMPR\u00c1D S\u00e1ri, \u00a7 Sze\u00e9p Zolt\u00e1nn\u00e9"},"content":{"rendered":"<p>? \u2020 ? : zen\u00e9sz. &#8211; Zenei tanulm\u00e1nyait Mv.-en Erkel Sarolta, a p\u00e9csi Zeneoskol\u00e1ban Han\u00e1k \u00c1rp\u00e1d, a bp.-i Zenem\u0171v\u00e9szeti f\u0151iskol\u00e1n Senn Ir\u00e9n vezet\u00e9se alatt v\u00e9gezte. P\u00e9csen \u00e9lt. <br \/><strong>Irod.:<\/strong> Moln\u00e1r Imre<\/br><\/p>\n","protected":false},"excerpt":{"rendered":"<p>? \u2020 ? : zen\u00e9sz. &#8211; Zenei tanulm\u00e1nyait Mv.-en Erkel Sarolta, a p\u00e9csi Zeneoskol\u00e1ban Han\u00e1k \u00c1rp\u00e1d, a bp.-i Zenem\u0171v\u00e9szeti f\u0151iskol\u00e1n Senn Ir\u00e9n vezet\u00e9se alatt v\u00e9gezte. P\u00e9csen \u00e9lt. Irod.: Moln\u00e1r Imre<\/p>\n","protected":false},"featured_media":0,"comment_status":"open","ping_status":"closed","template":"","meta":[],"product_brand":[],"product_cat":[137],"product_tag":[],"class_list":{"0":"post-11208","1":"product","2":"type-product","3":"status-publish","5":"product_cat-maros-megyei-eletrajzi-lexikon","7":"first","8":"instock","9":"shipping-taxable","10":"product-type-simple"},"_links":{"self":[{"href":"https:\/\/uj.adatbank.ro\/lexikon\/wp-json\/wp\/v2\/product\/11208","targetHints":{"allow":["GET"]}}],"collection":[{"href":"https:\/\/uj.adatbank.ro\/lexikon\/wp-json\/wp\/v2\/product"}],"about":[{"href":"https:\/\/uj.adatbank.ro\/lexikon\/wp-json\/wp\/v2\/types\/product"}],"replies":[{"embeddable":true,"href":"https:\/\/uj.adatbank.ro\/lexikon\/wp-json\/wp\/v2\/comments?post=11208"}],"wp:attachment":[{"href":"https:\/\/uj.adatbank.ro\/lexikon\/wp-json\/wp\/v2\/media?parent=11208"}],"wp:term":[{"taxonomy":"product_brand","embeddable":true,"href":"https:\/\/uj.adatbank.ro\/lexikon\/wp-json\/wp\/v2\/product_brand?post=11208"},{"taxonomy":"product_cat","embeddable":true,"href":"https:\/\/uj.adatbank.ro\/lexikon\/wp-json\/wp\/v2\/product_cat?post=11208"},{"taxonomy":"product_tag","embeddable":true,"href":"https:\/\/uj.adatbank.ro\/lexikon\/wp-json\/wp\/v2\/product_tag?post=11208"}],"curies":[{"name":"wp","href":"https:\/\/api.w.org\/{rel}","templated":true}]}}