{"id":11210,"date":"2025-06-29T13:45:31","date_gmt":"2025-06-29T11:45:31","guid":{"rendered":"https:\/\/uj.adatbank.ro\/lexikon\/termek\/kamuthi-zsuzsanna-szentlaszloi-buni-bethlen-ferencne-kamuthy-zsuzsanna\/"},"modified":"2025-06-29T13:45:31","modified_gmt":"2025-06-29T11:45:31","slug":"kamuthi-zsuzsanna-szentlaszloi-buni-bethlen-ferencne-kamuthy-zsuzsanna","status":"publish","type":"product","link":"https:\/\/uj.adatbank.ro\/lexikon\/termek\/kamuthi-zsuzsanna-szentlaszloi-buni-bethlen-ferencne-kamuthy-zsuzsanna\/","title":{"rendered":"KAMUTHI Zsuzsanna, szentl\u00e1szl\u00f3i, buni Bethlen Ferencn\u00e9, Kamuthy Zsuzsanna"},"content":{"rendered":"<p>? \u2020 1629. nov. 5. ut\u00e1n : f\u00f6ldbirtokos. \u2013 Magyaro.-r\u00f3l sz\u00e1rmazott Erd\u00e9lybe. K. Farkas \u00e9s Mojzes Kata le\u00e1nya. Bethlen Ferenc (1602\u20131654) els\u0151 feles\u00e9ge. Le\u00e1nyai: Borb\u00e1la, Erzs\u00e9bet, ut\u00f3d n\u00e9lk\u00fcl haltak el. Keresden \u00edrt v\u00e9grendelet\u00e9ben (1629. nov. 5.) javait f\u00e9rje, a buni szentegyh\u00e1z, le\u00e1nyai \u00e9s Ebenei Istv\u00e1nn\u00e9 Borb\u00e1la \u00f6r\u00f6k\u00f6lte. <br \/><strong>Irod.:<\/strong> Erd\u00e9lyi testamentumok, 3.<\/br><\/p>\n","protected":false},"excerpt":{"rendered":"<p>? \u2020 1629. nov. 5. ut\u00e1n : f\u00f6ldbirtokos. \u2013 Magyaro.-r\u00f3l sz\u00e1rmazott Erd\u00e9lybe. K. Farkas \u00e9s Mojzes Kata le\u00e1nya. Bethlen Ferenc (1602\u20131654) els\u0151 feles\u00e9ge. Le\u00e1nyai: Borb\u00e1la, Erzs\u00e9bet, ut\u00f3d n\u00e9lk\u00fcl haltak el. Keresden \u00edrt v\u00e9grendelet\u00e9ben (1629. nov. 5.) javait f\u00e9rje, a buni szentegyh\u00e1z, le\u00e1nyai \u00e9s Ebenei Istv\u00e1nn\u00e9 Borb\u00e1la \u00f6r\u00f6k\u00f6lte. Irod.: Erd\u00e9lyi testamentumok, 3.<\/p>\n","protected":false},"featured_media":0,"comment_status":"open","ping_status":"closed","template":"","meta":[],"product_brand":[],"product_cat":[137],"product_tag":[],"class_list":{"0":"post-11210","1":"product","2":"type-product","3":"status-publish","5":"product_cat-maros-megyei-eletrajzi-lexikon","7":"first","8":"instock","9":"shipping-taxable","10":"product-type-simple"},"_links":{"self":[{"href":"https:\/\/uj.adatbank.ro\/lexikon\/wp-json\/wp\/v2\/product\/11210","targetHints":{"allow":["GET"]}}],"collection":[{"href":"https:\/\/uj.adatbank.ro\/lexikon\/wp-json\/wp\/v2\/product"}],"about":[{"href":"https:\/\/uj.adatbank.ro\/lexikon\/wp-json\/wp\/v2\/types\/product"}],"replies":[{"embeddable":true,"href":"https:\/\/uj.adatbank.ro\/lexikon\/wp-json\/wp\/v2\/comments?post=11210"}],"wp:attachment":[{"href":"https:\/\/uj.adatbank.ro\/lexikon\/wp-json\/wp\/v2\/media?parent=11210"}],"wp:term":[{"taxonomy":"product_brand","embeddable":true,"href":"https:\/\/uj.adatbank.ro\/lexikon\/wp-json\/wp\/v2\/product_brand?post=11210"},{"taxonomy":"product_cat","embeddable":true,"href":"https:\/\/uj.adatbank.ro\/lexikon\/wp-json\/wp\/v2\/product_cat?post=11210"},{"taxonomy":"product_tag","embeddable":true,"href":"https:\/\/uj.adatbank.ro\/lexikon\/wp-json\/wp\/v2\/product_tag?post=11210"}],"curies":[{"name":"wp","href":"https:\/\/api.w.org\/{rel}","templated":true}]}}