{"id":11211,"date":"2025-06-29T13:45:32","date_gmt":"2025-06-29T11:45:32","guid":{"rendered":"https:\/\/uj.adatbank.ro\/lexikon\/termek\/kanabe-andras-kanabe-endre\/"},"modified":"2025-06-29T13:45:32","modified_gmt":"2025-06-29T11:45:32","slug":"kanabe-andras-kanabe-endre","status":"publish","type":"product","link":"https:\/\/uj.adatbank.ro\/lexikon\/termek\/kanabe-andras-kanabe-endre\/","title":{"rendered":"KANAB\u00c9 Andr\u00e1s, Kanab\u00e9 Endre"},"content":{"rendered":"<p>K\u00e9zdiszentl\u00e9lek, 1814. dec. 3., \u2020 1880. okt. 9.: r. k. pap. \u2013 Kant\u00e1n, Kv.-on \u00e9s Gyulafeh\u00e9rv\u00e1ron tanult. Papp\u00e1 szentelt\u00e9k (1841. m\u00e1j. 2.). K\u00e1pl\u00e1n Cs\u00edkr\u00e1koson, Tord\u00e1n (1842). Pl\u00e9b\u00e1nos Marosportuson, Eheden (1849), Szov\u00e1t\u00e1n (1852), Szentiv\u00e1nlaborfalv\u00e1n (1859). <br \/><strong>Irod.:<\/strong> Ferenczi S\u00e1ndor 2009<\/br><\/p>\n","protected":false},"excerpt":{"rendered":"<p>K\u00e9zdiszentl\u00e9lek, 1814. dec. 3., \u2020 1880. okt. 9.: r. k. pap. \u2013 Kant\u00e1n, Kv.-on \u00e9s Gyulafeh\u00e9rv\u00e1ron tanult. Papp\u00e1 szentelt\u00e9k (1841. m\u00e1j. 2.). K\u00e1pl\u00e1n Cs\u00edkr\u00e1koson, Tord\u00e1n (1842). Pl\u00e9b\u00e1nos Marosportuson, Eheden (1849), Szov\u00e1t\u00e1n (1852), Szentiv\u00e1nlaborfalv\u00e1n (1859). Irod.: Ferenczi S\u00e1ndor 2009<\/p>\n","protected":false},"featured_media":0,"comment_status":"open","ping_status":"closed","template":"","meta":[],"product_brand":[],"product_cat":[137],"product_tag":[],"class_list":{"0":"post-11211","1":"product","2":"type-product","3":"status-publish","5":"product_cat-maros-megyei-eletrajzi-lexikon","7":"first","8":"instock","9":"shipping-taxable","10":"product-type-simple"},"_links":{"self":[{"href":"https:\/\/uj.adatbank.ro\/lexikon\/wp-json\/wp\/v2\/product\/11211","targetHints":{"allow":["GET"]}}],"collection":[{"href":"https:\/\/uj.adatbank.ro\/lexikon\/wp-json\/wp\/v2\/product"}],"about":[{"href":"https:\/\/uj.adatbank.ro\/lexikon\/wp-json\/wp\/v2\/types\/product"}],"replies":[{"embeddable":true,"href":"https:\/\/uj.adatbank.ro\/lexikon\/wp-json\/wp\/v2\/comments?post=11211"}],"wp:attachment":[{"href":"https:\/\/uj.adatbank.ro\/lexikon\/wp-json\/wp\/v2\/media?parent=11211"}],"wp:term":[{"taxonomy":"product_brand","embeddable":true,"href":"https:\/\/uj.adatbank.ro\/lexikon\/wp-json\/wp\/v2\/product_brand?post=11211"},{"taxonomy":"product_cat","embeddable":true,"href":"https:\/\/uj.adatbank.ro\/lexikon\/wp-json\/wp\/v2\/product_cat?post=11211"},{"taxonomy":"product_tag","embeddable":true,"href":"https:\/\/uj.adatbank.ro\/lexikon\/wp-json\/wp\/v2\/product_tag?post=11211"}],"curies":[{"name":"wp","href":"https:\/\/api.w.org\/{rel}","templated":true}]}}