{"id":11212,"date":"2025-06-29T13:45:34","date_gmt":"2025-06-29T11:45:34","guid":{"rendered":"https:\/\/uj.adatbank.ro\/lexikon\/termek\/kando-fortunat-jozsef-p\/"},"modified":"2025-06-29T13:45:34","modified_gmt":"2025-06-29T11:45:34","slug":"kando-fortunat-jozsef-p","status":"publish","type":"product","link":"https:\/\/uj.adatbank.ro\/lexikon\/termek\/kando-fortunat-jozsef-p\/","title":{"rendered":"KAND\u00d3 Fortun\u00e1t J\u00f3zsef, P."},"content":{"rendered":"<p>Mv., 1735. \u2020 Szamos\u00fajv\u00e1r, 1786. j\u00fan. 4.: ferences szerzetes. \u2013 Be\u00f6lt\u00f6z\u00f6tt (1756. aug. 29.), felszentelt\u00e9k (1726. j\u00fal. 2.). <br \/><strong>Irod.:<\/strong> Gy\u00f6rgy: A ferencrendiek<\/br><\/p>\n","protected":false},"excerpt":{"rendered":"<p>Mv., 1735. \u2020 Szamos\u00fajv\u00e1r, 1786. j\u00fan. 4.: ferences szerzetes. \u2013 Be\u00f6lt\u00f6z\u00f6tt (1756. aug. 29.), felszentelt\u00e9k (1726. j\u00fal. 2.). Irod.: Gy\u00f6rgy: A ferencrendiek<\/p>\n","protected":false},"featured_media":0,"comment_status":"open","ping_status":"closed","template":"","meta":[],"product_brand":[],"product_cat":[137],"product_tag":[],"class_list":{"0":"post-11212","1":"product","2":"type-product","3":"status-publish","5":"product_cat-maros-megyei-eletrajzi-lexikon","7":"first","8":"instock","9":"shipping-taxable","10":"product-type-simple"},"_links":{"self":[{"href":"https:\/\/uj.adatbank.ro\/lexikon\/wp-json\/wp\/v2\/product\/11212","targetHints":{"allow":["GET"]}}],"collection":[{"href":"https:\/\/uj.adatbank.ro\/lexikon\/wp-json\/wp\/v2\/product"}],"about":[{"href":"https:\/\/uj.adatbank.ro\/lexikon\/wp-json\/wp\/v2\/types\/product"}],"replies":[{"embeddable":true,"href":"https:\/\/uj.adatbank.ro\/lexikon\/wp-json\/wp\/v2\/comments?post=11212"}],"wp:attachment":[{"href":"https:\/\/uj.adatbank.ro\/lexikon\/wp-json\/wp\/v2\/media?parent=11212"}],"wp:term":[{"taxonomy":"product_brand","embeddable":true,"href":"https:\/\/uj.adatbank.ro\/lexikon\/wp-json\/wp\/v2\/product_brand?post=11212"},{"taxonomy":"product_cat","embeddable":true,"href":"https:\/\/uj.adatbank.ro\/lexikon\/wp-json\/wp\/v2\/product_cat?post=11212"},{"taxonomy":"product_tag","embeddable":true,"href":"https:\/\/uj.adatbank.ro\/lexikon\/wp-json\/wp\/v2\/product_tag?post=11212"}],"curies":[{"name":"wp","href":"https:\/\/api.w.org\/{rel}","templated":true}]}}