{"id":11218,"date":"2025-06-29T13:45:45","date_gmt":"2025-06-29T11:45:45","guid":{"rendered":"https:\/\/uj.adatbank.ro\/lexikon\/termek\/kantor-attila\/"},"modified":"2025-06-29T13:45:45","modified_gmt":"2025-06-29T11:45:45","slug":"kantor-attila","status":"publish","type":"product","link":"https:\/\/uj.adatbank.ro\/lexikon\/termek\/kantor-attila\/","title":{"rendered":"K\u00c1NTOR Attila"},"content":{"rendered":"<p>1925, \u2020 Mv., 2014.: ref. lelk\u00e9sz. \u2013 Szil\u00e1gysomly\u00f3n seg\u00e9dlelk\u00e9sz. Als\u00f3valk\u00f3n, Fej\u00e9rden, Magyar-Gyer\u0151monostoron, K\u00f6r\u00f6sf\u0151n lelkip\u00e1sztor. Megv\u00e1lasztott esperes a Kalotaszegi Ref. Egyh\u00e1zmegy\u00e9ben 42 \u00e9ven \u00e1t. Nyugd\u00edjask\u00e9nt Mv.-en \u00e9lt 20 \u00e9vig. (1994\u20132014). \u2014Irod.: Cs\u00e1ky<\/br><\/p>\n","protected":false},"excerpt":{"rendered":"<p>1925, \u2020 Mv., 2014.: ref. lelk\u00e9sz. \u2013 Szil\u00e1gysomly\u00f3n seg\u00e9dlelk\u00e9sz. Als\u00f3valk\u00f3n, Fej\u00e9rden, Magyar-Gyer\u0151monostoron, K\u00f6r\u00f6sf\u0151n lelkip\u00e1sztor. Megv\u00e1lasztott esperes a Kalotaszegi Ref. Egyh\u00e1zmegy\u00e9ben 42 \u00e9ven \u00e1t. Nyugd\u00edjask\u00e9nt Mv.-en \u00e9lt 20 \u00e9vig. (1994\u20132014). \u2014Irod.: Cs\u00e1ky<\/p>\n","protected":false},"featured_media":0,"comment_status":"open","ping_status":"closed","template":"","meta":[],"product_brand":[],"product_cat":[137],"product_tag":[],"class_list":{"0":"post-11218","1":"product","2":"type-product","3":"status-publish","5":"product_cat-maros-megyei-eletrajzi-lexikon","7":"first","8":"instock","9":"shipping-taxable","10":"product-type-simple"},"_links":{"self":[{"href":"https:\/\/uj.adatbank.ro\/lexikon\/wp-json\/wp\/v2\/product\/11218","targetHints":{"allow":["GET"]}}],"collection":[{"href":"https:\/\/uj.adatbank.ro\/lexikon\/wp-json\/wp\/v2\/product"}],"about":[{"href":"https:\/\/uj.adatbank.ro\/lexikon\/wp-json\/wp\/v2\/types\/product"}],"replies":[{"embeddable":true,"href":"https:\/\/uj.adatbank.ro\/lexikon\/wp-json\/wp\/v2\/comments?post=11218"}],"wp:attachment":[{"href":"https:\/\/uj.adatbank.ro\/lexikon\/wp-json\/wp\/v2\/media?parent=11218"}],"wp:term":[{"taxonomy":"product_brand","embeddable":true,"href":"https:\/\/uj.adatbank.ro\/lexikon\/wp-json\/wp\/v2\/product_brand?post=11218"},{"taxonomy":"product_cat","embeddable":true,"href":"https:\/\/uj.adatbank.ro\/lexikon\/wp-json\/wp\/v2\/product_cat?post=11218"},{"taxonomy":"product_tag","embeddable":true,"href":"https:\/\/uj.adatbank.ro\/lexikon\/wp-json\/wp\/v2\/product_tag?post=11218"}],"curies":[{"name":"wp","href":"https:\/\/api.w.org\/{rel}","templated":true}]}}