{"id":11219,"date":"2025-06-29T13:45:51","date_gmt":"2025-06-29T11:45:51","guid":{"rendered":"https:\/\/uj.adatbank.ro\/lexikon\/termek\/kantor-domokos\/"},"modified":"2025-06-29T13:45:51","modified_gmt":"2025-06-29T11:45:51","slug":"kantor-domokos","status":"publish","type":"product","link":"https:\/\/uj.adatbank.ro\/lexikon\/termek\/kantor-domokos\/","title":{"rendered":"K\u00c1NTOR Domokos"},"content":{"rendered":"<p>S\u00e1romberke, 1896 \u2020 ? : gazd\u00e1lkod\u00f3. \u2013 Iskol\u00e1i elv\u00e9gz\u00e9se ut\u00e1n gazd\u00e1lkodott apja mellett, majd \u00f6n\u00e1ll\u00f3an S\u00e1romberk\u00e9n (1919\u2013). Az els\u0151 vh.-ban az 5. honv\u00e9d t\u0171z\u00e9rezredben az orosz \u00e9s olasz fronton harcolt, megsebes\u00fclt, tizedesi rangban szerelt le a bronz v. \u00e9rem \u00e9s a K\u00e1roly Csapatkereszt kit\u00fcntet\u00e9sekkel. A ref. egyh\u00e1z presbitere, Hitelsz\u00f6vetkezeti tag, a Tejsz\u00f6vetkezet alap\u00edt\u00f3tagja volt. <br \/><strong>Irod.:<\/strong> Sz\u00e9kelyf\u00f6ld \u00ed. k.<\/br><\/p>\n","protected":false},"excerpt":{"rendered":"<p>S\u00e1romberke, 1896 \u2020 ? : gazd\u00e1lkod\u00f3. \u2013 Iskol\u00e1i elv\u00e9gz\u00e9se ut\u00e1n gazd\u00e1lkodott apja mellett, majd \u00f6n\u00e1ll\u00f3an S\u00e1romberk\u00e9n (1919\u2013). Az els\u0151 vh.-ban az 5. honv\u00e9d t\u0171z\u00e9rezredben az orosz \u00e9s olasz fronton harcolt, megsebes\u00fclt, tizedesi rangban szerelt le a bronz v. \u00e9rem \u00e9s a K\u00e1roly Csapatkereszt kit\u00fcntet\u00e9sekkel. A ref. egyh\u00e1z presbitere, Hitelsz\u00f6vetkezeti tag, a Tejsz\u00f6vetkezet alap\u00edt\u00f3tagja volt. Irod.: [&hellip;]<\/p>\n","protected":false},"featured_media":0,"comment_status":"open","ping_status":"closed","template":"","meta":[],"product_brand":[],"product_cat":[137],"product_tag":[],"class_list":{"0":"post-11219","1":"product","2":"type-product","3":"status-publish","5":"product_cat-maros-megyei-eletrajzi-lexikon","7":"first","8":"instock","9":"shipping-taxable","10":"product-type-simple"},"_links":{"self":[{"href":"https:\/\/uj.adatbank.ro\/lexikon\/wp-json\/wp\/v2\/product\/11219","targetHints":{"allow":["GET"]}}],"collection":[{"href":"https:\/\/uj.adatbank.ro\/lexikon\/wp-json\/wp\/v2\/product"}],"about":[{"href":"https:\/\/uj.adatbank.ro\/lexikon\/wp-json\/wp\/v2\/types\/product"}],"replies":[{"embeddable":true,"href":"https:\/\/uj.adatbank.ro\/lexikon\/wp-json\/wp\/v2\/comments?post=11219"}],"wp:attachment":[{"href":"https:\/\/uj.adatbank.ro\/lexikon\/wp-json\/wp\/v2\/media?parent=11219"}],"wp:term":[{"taxonomy":"product_brand","embeddable":true,"href":"https:\/\/uj.adatbank.ro\/lexikon\/wp-json\/wp\/v2\/product_brand?post=11219"},{"taxonomy":"product_cat","embeddable":true,"href":"https:\/\/uj.adatbank.ro\/lexikon\/wp-json\/wp\/v2\/product_cat?post=11219"},{"taxonomy":"product_tag","embeddable":true,"href":"https:\/\/uj.adatbank.ro\/lexikon\/wp-json\/wp\/v2\/product_tag?post=11219"}],"curies":[{"name":"wp","href":"https:\/\/api.w.org\/{rel}","templated":true}]}}