{"id":11220,"date":"2025-06-29T13:45:52","date_gmt":"2025-06-29T11:45:52","guid":{"rendered":"https:\/\/uj.adatbank.ro\/lexikon\/termek\/kantor-ferenc\/"},"modified":"2025-06-29T13:45:52","modified_gmt":"2025-06-29T11:45:52","slug":"kantor-ferenc","status":"publish","type":"product","link":"https:\/\/uj.adatbank.ro\/lexikon\/termek\/kantor-ferenc\/","title":{"rendered":"K\u00c1NTOR Ferenc"},"content":{"rendered":"<p>S\u00e1romberke (Maros), 1873., \u2020 ? : gazd\u00e1lkod\u00f3. \u2013 Iskol\u00e1i elv\u00e9gz\u00e9se ut\u00e1n apja mellett gazd\u00e1lkodott, majd \u00f6n\u00e1ll\u00f3an S\u00e1romberk\u00e9n (1895\u2013). Tekint\u00e9lyes polg\u00e1ra a k\u00f6zs\u00e9gnek, 30 \u00e9vig presbitere a ref. egyh\u00e1znak, a Sz\u00f6vetkezetek aligazgat\u00f3ja, alap\u00edt\u00f3 tagja, gazdak\u00f6ri tag, a k\u00f6zs\u00e9gi tan\u00e1cs tagja volt. <br \/><strong>Irod.:<\/strong> Sz\u00e9kelyf\u00f6ld \u00ed. k<\/br><\/p>\n","protected":false},"excerpt":{"rendered":"<p>S\u00e1romberke (Maros), 1873., \u2020 ? : gazd\u00e1lkod\u00f3. \u2013 Iskol\u00e1i elv\u00e9gz\u00e9se ut\u00e1n apja mellett gazd\u00e1lkodott, majd \u00f6n\u00e1ll\u00f3an S\u00e1romberk\u00e9n (1895\u2013). Tekint\u00e9lyes polg\u00e1ra a k\u00f6zs\u00e9gnek, 30 \u00e9vig presbitere a ref. egyh\u00e1znak, a Sz\u00f6vetkezetek aligazgat\u00f3ja, alap\u00edt\u00f3 tagja, gazdak\u00f6ri tag, a k\u00f6zs\u00e9gi tan\u00e1cs tagja volt. Irod.: Sz\u00e9kelyf\u00f6ld \u00ed. k<\/p>\n","protected":false},"featured_media":0,"comment_status":"open","ping_status":"closed","template":"","meta":[],"product_brand":[],"product_cat":[137],"product_tag":[],"class_list":{"0":"post-11220","1":"product","2":"type-product","3":"status-publish","5":"product_cat-maros-megyei-eletrajzi-lexikon","7":"first","8":"instock","9":"shipping-taxable","10":"product-type-simple"},"_links":{"self":[{"href":"https:\/\/uj.adatbank.ro\/lexikon\/wp-json\/wp\/v2\/product\/11220","targetHints":{"allow":["GET"]}}],"collection":[{"href":"https:\/\/uj.adatbank.ro\/lexikon\/wp-json\/wp\/v2\/product"}],"about":[{"href":"https:\/\/uj.adatbank.ro\/lexikon\/wp-json\/wp\/v2\/types\/product"}],"replies":[{"embeddable":true,"href":"https:\/\/uj.adatbank.ro\/lexikon\/wp-json\/wp\/v2\/comments?post=11220"}],"wp:attachment":[{"href":"https:\/\/uj.adatbank.ro\/lexikon\/wp-json\/wp\/v2\/media?parent=11220"}],"wp:term":[{"taxonomy":"product_brand","embeddable":true,"href":"https:\/\/uj.adatbank.ro\/lexikon\/wp-json\/wp\/v2\/product_brand?post=11220"},{"taxonomy":"product_cat","embeddable":true,"href":"https:\/\/uj.adatbank.ro\/lexikon\/wp-json\/wp\/v2\/product_cat?post=11220"},{"taxonomy":"product_tag","embeddable":true,"href":"https:\/\/uj.adatbank.ro\/lexikon\/wp-json\/wp\/v2\/product_tag?post=11220"}],"curies":[{"name":"wp","href":"https:\/\/api.w.org\/{rel}","templated":true}]}}