{"id":11221,"date":"2025-06-29T13:45:54","date_gmt":"2025-06-29T11:45:54","guid":{"rendered":"https:\/\/uj.adatbank.ro\/lexikon\/termek\/kantor-ferenc-2\/"},"modified":"2025-06-29T13:45:54","modified_gmt":"2025-06-29T11:45:54","slug":"kantor-ferenc-2","status":"publish","type":"product","link":"https:\/\/uj.adatbank.ro\/lexikon\/termek\/kantor-ferenc-2\/","title":{"rendered":"K\u00c1NTOR Ferenc"},"content":{"rendered":"<p>Mv., 1895., \u2020 ? : jegyz\u0151, gazd\u00e1lkod\u00f3. \u2013 Tanulm\u00e1nyait Mv.-en v\u00e9gezte, majd jegyz\u0151gyakornok volt Nagyerny\u00e9n. \u00c1ll\u00e1s\u00e1b\u00f3l elbocs\u00e1tott\u00e1k (1918), azut\u00e1n gazd\u00e1lkodott S\u00e1romberk\u00e9n. Az els\u0151 vh.-ban az 5. t\u0171z\u00e9rezredben az orosz fronton harcolt, k\u00e9tszer megsebes\u00fclt, t\u0171zmesteri rangban szerelt le, az I. \u00e9s II. ez\u00fcst, a bronz vit. \u00e9rem, a K\u00e1roly Csapatkereszt \u00e9s a N\u00e9met Vaskereszt kit\u00fcntet\u00e9sekkel. <br \/><strong>Irod.:<\/strong> Sz\u00e9kelyf\u00f6ld \u00ed. k<\/br><\/p>\n","protected":false},"excerpt":{"rendered":"<p>Mv., 1895., \u2020 ? : jegyz\u0151, gazd\u00e1lkod\u00f3. \u2013 Tanulm\u00e1nyait Mv.-en v\u00e9gezte, majd jegyz\u0151gyakornok volt Nagyerny\u00e9n. \u00c1ll\u00e1s\u00e1b\u00f3l elbocs\u00e1tott\u00e1k (1918), azut\u00e1n gazd\u00e1lkodott S\u00e1romberk\u00e9n. Az els\u0151 vh.-ban az 5. t\u0171z\u00e9rezredben az orosz fronton harcolt, k\u00e9tszer megsebes\u00fclt, t\u0171zmesteri rangban szerelt le, az I. \u00e9s II. ez\u00fcst, a bronz vit. \u00e9rem, a K\u00e1roly Csapatkereszt \u00e9s a N\u00e9met Vaskereszt kit\u00fcntet\u00e9sekkel. Irod.: [&hellip;]<\/p>\n","protected":false},"featured_media":0,"comment_status":"open","ping_status":"closed","template":"","meta":[],"product_brand":[],"product_cat":[137],"product_tag":[],"class_list":{"0":"post-11221","1":"product","2":"type-product","3":"status-publish","5":"product_cat-maros-megyei-eletrajzi-lexikon","7":"first","8":"instock","9":"shipping-taxable","10":"product-type-simple"},"_links":{"self":[{"href":"https:\/\/uj.adatbank.ro\/lexikon\/wp-json\/wp\/v2\/product\/11221","targetHints":{"allow":["GET"]}}],"collection":[{"href":"https:\/\/uj.adatbank.ro\/lexikon\/wp-json\/wp\/v2\/product"}],"about":[{"href":"https:\/\/uj.adatbank.ro\/lexikon\/wp-json\/wp\/v2\/types\/product"}],"replies":[{"embeddable":true,"href":"https:\/\/uj.adatbank.ro\/lexikon\/wp-json\/wp\/v2\/comments?post=11221"}],"wp:attachment":[{"href":"https:\/\/uj.adatbank.ro\/lexikon\/wp-json\/wp\/v2\/media?parent=11221"}],"wp:term":[{"taxonomy":"product_brand","embeddable":true,"href":"https:\/\/uj.adatbank.ro\/lexikon\/wp-json\/wp\/v2\/product_brand?post=11221"},{"taxonomy":"product_cat","embeddable":true,"href":"https:\/\/uj.adatbank.ro\/lexikon\/wp-json\/wp\/v2\/product_cat?post=11221"},{"taxonomy":"product_tag","embeddable":true,"href":"https:\/\/uj.adatbank.ro\/lexikon\/wp-json\/wp\/v2\/product_tag?post=11221"}],"curies":[{"name":"wp","href":"https:\/\/api.w.org\/{rel}","templated":true}]}}