{"id":11223,"date":"2025-06-29T13:45:58","date_gmt":"2025-06-29T11:45:58","guid":{"rendered":"https:\/\/uj.adatbank.ro\/lexikon\/termek\/kantor-imre\/"},"modified":"2025-06-29T13:45:58","modified_gmt":"2025-06-29T11:45:58","slug":"kantor-imre","status":"publish","type":"product","link":"https:\/\/uj.adatbank.ro\/lexikon\/termek\/kantor-imre\/","title":{"rendered":"K\u00c1NTOR Imre"},"content":{"rendered":"<p>Sz\u00e1szd\u00e1lya falu, Bonyha k\u00f6zs\u00e9g, 1934. j\u00fan. 10. \u2020 Sz\u00e1szr\u00e9gen, 1998. dec. 31. Magyarr\u00e9genbe temett\u00e9k: b\u0151rgy\u00f3gy\u00e1sz f\u0151orvos. &#8211; K\u00e1ntor J\u00e1nos \u00e9s Kom\u00e1romi Zsuzsanna fia. Testv\u00e9re. Istv\u00e1n. Feles\u00e9ge: Kincses Erzs\u00e9bet (1939. m\u00e1rc. 6. \u2013 1999. jan. 22.), esk\u00fcv\u0151, 1959. aug. 15. Gyermekeik: K\u00e1ntor M\u00e1ria Ildik\u00f3 (Gyergy\u00f3szentmikl\u00f3s, 1960. j\u00fal. 11.), alm\u00e9rn\u00f6k, f\u00e9rje: Simon Antal; fi\u00fak: K\u00e1ntor Imre Zolt\u00e1n (Sz\u00e1szr\u00e9gen, 1966. j\u00fan. 3.), jogi oklevelet kapott a ion Cuza akad\u00e9mi\u00e1n, mesteri fokozatot szerzett a gyulafeh\u00e9rv\u00e1ri egyetemen (2006). Sz\u00e1szr\u00e9genben jogtan\u00e1csos. \u2013 Sz\u00fcl\u0151faluj\u00e1ban v\u00e9gezte az elemit (1941\u201345), a nagyenyedi Bethlen G\u00e1bor Koll.-ban folytatta tanulm\u00e1nyait \u00e9s \u00e9retts\u00e9gizett (1953). A MOGYI orvosi kar\u00e1n tanult \u00e9s v\u00e9gzett (1953\u201359). K\u00f6rorvos Suceava tartom\u00e1ny, Saveni rajon Bivol k\u00f6zs\u00e9gben. B\u0151rgy\u00f3gy\u00e1sz versenyvizsga ut\u00e1n Temesv\u00e1ron egy \u00e9vig, majd k\u00e9t \u00e9vig a dics\u0151szentm\u00e1rtoni k\u00f3rh\u00e1zban dolgozik, a sz\u00e1szr\u00e9geni k\u00f3rh\u00e1z b\u0151rgy\u00f3gy\u00e1sza (1965\u201397). <br \/><strong>Irod.:<\/strong> [Nekrol\u00f3g] (N\u00fa., 1999. jan. 4.); B\u00f6l\u00f6ni Domokos: H\u00e1t viszl\u00e1t, K\u00e1ntor doktor \u00far ! (N\u00fa., 1999. jan. 6.); Nagy L.<\/br><\/p>\n","protected":false},"excerpt":{"rendered":"<p>Sz\u00e1szd\u00e1lya falu, Bonyha k\u00f6zs\u00e9g, 1934. j\u00fan. 10. \u2020 Sz\u00e1szr\u00e9gen, 1998. dec. 31. Magyarr\u00e9genbe temett\u00e9k: b\u0151rgy\u00f3gy\u00e1sz f\u0151orvos. &#8211; K\u00e1ntor J\u00e1nos \u00e9s Kom\u00e1romi Zsuzsanna fia. Testv\u00e9re. Istv\u00e1n. Feles\u00e9ge: Kincses Erzs\u00e9bet (1939. m\u00e1rc. 6. \u2013 1999. jan. 22.), esk\u00fcv\u0151, 1959. aug. 15. Gyermekeik: K\u00e1ntor M\u00e1ria Ildik\u00f3 (Gyergy\u00f3szentmikl\u00f3s, 1960. j\u00fal. 11.), alm\u00e9rn\u00f6k, f\u00e9rje: Simon Antal; fi\u00fak: K\u00e1ntor Imre Zolt\u00e1n [&hellip;]<\/p>\n","protected":false},"featured_media":0,"comment_status":"open","ping_status":"closed","template":"","meta":[],"product_brand":[],"product_cat":[137],"product_tag":[],"class_list":{"0":"post-11223","1":"product","2":"type-product","3":"status-publish","5":"product_cat-maros-megyei-eletrajzi-lexikon","7":"first","8":"instock","9":"shipping-taxable","10":"product-type-simple"},"_links":{"self":[{"href":"https:\/\/uj.adatbank.ro\/lexikon\/wp-json\/wp\/v2\/product\/11223","targetHints":{"allow":["GET"]}}],"collection":[{"href":"https:\/\/uj.adatbank.ro\/lexikon\/wp-json\/wp\/v2\/product"}],"about":[{"href":"https:\/\/uj.adatbank.ro\/lexikon\/wp-json\/wp\/v2\/types\/product"}],"replies":[{"embeddable":true,"href":"https:\/\/uj.adatbank.ro\/lexikon\/wp-json\/wp\/v2\/comments?post=11223"}],"wp:attachment":[{"href":"https:\/\/uj.adatbank.ro\/lexikon\/wp-json\/wp\/v2\/media?parent=11223"}],"wp:term":[{"taxonomy":"product_brand","embeddable":true,"href":"https:\/\/uj.adatbank.ro\/lexikon\/wp-json\/wp\/v2\/product_brand?post=11223"},{"taxonomy":"product_cat","embeddable":true,"href":"https:\/\/uj.adatbank.ro\/lexikon\/wp-json\/wp\/v2\/product_cat?post=11223"},{"taxonomy":"product_tag","embeddable":true,"href":"https:\/\/uj.adatbank.ro\/lexikon\/wp-json\/wp\/v2\/product_tag?post=11223"}],"curies":[{"name":"wp","href":"https:\/\/api.w.org\/{rel}","templated":true}]}}