{"id":11224,"date":"2025-06-29T13:45:59","date_gmt":"2025-06-29T11:45:59","guid":{"rendered":"https:\/\/uj.adatbank.ro\/lexikon\/termek\/kantor-janos\/"},"modified":"2025-06-29T13:45:59","modified_gmt":"2025-06-29T11:45:59","slug":"kantor-janos","status":"publish","type":"product","link":"https:\/\/uj.adatbank.ro\/lexikon\/termek\/kantor-janos\/","title":{"rendered":"K\u00c1NTOR J\u00e1nos"},"content":{"rendered":"<p>S\u00e1romberke, 1897., \u2020 Nagyenyed, 1947.: tan\u00edt\u00f3, jegyz\u0151. \u2013 Apja banktisztvisel\u0151 Mv.-en, kor\u00e1n meghalt, anyja a h\u00e9t gyermek\u00e9vel visszak\u00f6lt\u00f6z\u00f6tt S\u00e1romberk\u00e9re. A mv.-i Ref. koll.-ban tanult, Molter K\u00e1roly tan\u00edtv\u00e1nya volt. Jegyz\u0151 S\u00e1romberk\u00e9n, majd a francia idegenl\u00e9gi\u00f3ba iratkozott (1929-ig). A II. vh.-ban tartal\u00e9kos tiszt, egy munkaszolg\u00e1latos alakulat parancsnoka M\u00e1ramarosszigeten, emiatt letart\u00f3ztatt\u00e1k (1945), a nagyenyedi b\u00f6rt\u00f6nbe z\u00e1rt\u00e1k, ahol tiszt\u00e1zatlan k\u00f6r\u00fclm\u00e9nyek k\u00f6z\u00f6tt halt meg. Reg\u00e9nye az idegenl\u00e9gi\u00f3s \u00e9lm\u00e9nyekb\u0151l ihlet\u0151d\u00f6tt. \u2013 <strong>F. m.:<\/strong> H\u0151si hal\u00e1lt halt Franciaorsz\u00e1g\u00e9rt (Bp., 1943). <br \/><strong>Irod.:<\/strong> Balint; Ioni\u0163oiu; Molter 2.<\/br><\/p>\n","protected":false},"excerpt":{"rendered":"<p>S\u00e1romberke, 1897., \u2020 Nagyenyed, 1947.: tan\u00edt\u00f3, jegyz\u0151. \u2013 Apja banktisztvisel\u0151 Mv.-en, kor\u00e1n meghalt, anyja a h\u00e9t gyermek\u00e9vel visszak\u00f6lt\u00f6z\u00f6tt S\u00e1romberk\u00e9re. A mv.-i Ref. koll.-ban tanult, Molter K\u00e1roly tan\u00edtv\u00e1nya volt. Jegyz\u0151 S\u00e1romberk\u00e9n, majd a francia idegenl\u00e9gi\u00f3ba iratkozott (1929-ig). A II. vh.-ban tartal\u00e9kos tiszt, egy munkaszolg\u00e1latos alakulat parancsnoka M\u00e1ramarosszigeten, emiatt letart\u00f3ztatt\u00e1k (1945), a nagyenyedi b\u00f6rt\u00f6nbe z\u00e1rt\u00e1k, ahol tiszt\u00e1zatlan [&hellip;]<\/p>\n","protected":false},"featured_media":0,"comment_status":"open","ping_status":"closed","template":"","meta":[],"product_brand":[],"product_cat":[137],"product_tag":[],"class_list":{"0":"post-11224","1":"product","2":"type-product","3":"status-publish","5":"product_cat-maros-megyei-eletrajzi-lexikon","7":"first","8":"instock","9":"shipping-taxable","10":"product-type-simple"},"_links":{"self":[{"href":"https:\/\/uj.adatbank.ro\/lexikon\/wp-json\/wp\/v2\/product\/11224","targetHints":{"allow":["GET"]}}],"collection":[{"href":"https:\/\/uj.adatbank.ro\/lexikon\/wp-json\/wp\/v2\/product"}],"about":[{"href":"https:\/\/uj.adatbank.ro\/lexikon\/wp-json\/wp\/v2\/types\/product"}],"replies":[{"embeddable":true,"href":"https:\/\/uj.adatbank.ro\/lexikon\/wp-json\/wp\/v2\/comments?post=11224"}],"wp:attachment":[{"href":"https:\/\/uj.adatbank.ro\/lexikon\/wp-json\/wp\/v2\/media?parent=11224"}],"wp:term":[{"taxonomy":"product_brand","embeddable":true,"href":"https:\/\/uj.adatbank.ro\/lexikon\/wp-json\/wp\/v2\/product_brand?post=11224"},{"taxonomy":"product_cat","embeddable":true,"href":"https:\/\/uj.adatbank.ro\/lexikon\/wp-json\/wp\/v2\/product_cat?post=11224"},{"taxonomy":"product_tag","embeddable":true,"href":"https:\/\/uj.adatbank.ro\/lexikon\/wp-json\/wp\/v2\/product_tag?post=11224"}],"curies":[{"name":"wp","href":"https:\/\/api.w.org\/{rel}","templated":true}]}}